{"id":1327,"date":"2022-06-15T09:27:59","date_gmt":"2022-06-15T09:27:59","guid":{"rendered":"https:\/\/optometrininkuasociacija.lt\/?page_id=1327"},"modified":"2022-09-13T13:46:17","modified_gmt":"2022-09-13T13:46:17","slug":"kas-yra-optometrininkas","status":"publish","type":"page","link":"https:\/\/optometrininkuasociacija.lt\/en\/kas-yra-optometrininkas\/","title":{"rendered":"What is an optometrist"},"content":{"rendered":"<div data-elementor-type=\"wp-page\" data-elementor-id=\"1327\" class=\"elementor elementor-1327\">\n\t\t\t\t\t\t<section class=\"elementor-section elementor-top-section elementor-element elementor-element-2a22c16 elementor-section-boxed elementor-section-height-default elementor-section-height-default\" data-id=\"2a22c16\" data-element_type=\"section\" data-e-type=\"section\">\n\t\t\t\t\t\t<div class=\"elementor-container elementor-column-gap-default\">\n\t\t\t\t\t<div class=\"elementor-column elementor-col-100 elementor-top-column elementor-element elementor-element-19f87b9\" data-id=\"19f87b9\" data-element_type=\"column\" data-e-type=\"column\">\n\t\t\t<div class=\"elementor-widget-wrap elementor-element-populated\">\n\t\t\t\t\t\t<div class=\"elementor-element elementor-element-48470f9 elementor-widget elementor-widget-text-editor\" data-id=\"48470f9\" data-element_type=\"widget\" data-e-type=\"widget\" data-widget_type=\"text-editor.default\">\n\t\t\t\t<div class=\"elementor-widget-container\">\n\t\t\t\t\t\t\t\t\tAccording to the World Health Organisation, more and more people are complaining of failing eyesight, which is affecting their quality of life. The number of people complaining of failing eyesight is not only increasing, but also getting younger. According to the Lithuanian Department of Statistics, around 40% of children (aged 0-17) in Lithuania have vision problems, while the figure for adults (aged 18 and over) is 20%. The problem of reduced vision is a result of a fundamental change in lifestyle: more and more time is spent working on computers, watching TV or using other smart technologies, stress, insufficient rest, not enough time outdoors and looking at the horizon, and too little physical activity. Due to changes in societal behaviour, the number of potential users of optics is steadily increasing. This makes optometrists in high demand, convenient and quickly accessible to anyone with a vision or eye health problem. \t\t\t\t\t\t\t\t<\/div>\n\t\t\t\t<\/div>\n\t\t\t\t\t<\/div>\n\t\t<\/div>\n\t\t\t\t\t<\/div>\n\t\t<\/section>\n\t\t\t\t<section class=\"elementor-section elementor-top-section elementor-element elementor-element-b8aaf7a elementor-section-content-middle elementor-section-boxed elementor-section-height-default elementor-section-height-default\" data-id=\"b8aaf7a\" data-element_type=\"section\" data-e-type=\"section\">\n\t\t\t\t\t\t<div class=\"elementor-container elementor-column-gap-no\">\n\t\t\t\t\t<div class=\"elementor-column elementor-col-50 elementor-top-column elementor-element elementor-element-38300ba\" data-id=\"38300ba\" data-element_type=\"column\" data-e-type=\"column\">\n\t\t\t<div class=\"elementor-widget-wrap elementor-element-populated\">\n\t\t\t\t\t\t<div class=\"elementor-element elementor-element-c604c88 elementor-widget elementor-widget-image\" data-id=\"c604c88\" data-element_type=\"widget\" data-e-type=\"widget\" data-widget_type=\"image.default\">\n\t\t\t\t<div class=\"elementor-widget-container\">\n\t\t\t\t\t\t\t\t\t\t\t\t\t\t\t<img fetchpriority=\"high\" decoding=\"async\" width=\"2560\" height=\"1707\" src=\"https:\/\/optometrininkuasociacija.lt\/wp-content\/uploads\/2022\/07\/shutterstock_1727141437-scaled.jpg\" class=\"attachment-full size-full wp-image-1614\" alt=\"\" srcset=\"https:\/\/optometrininkuasociacija.lt\/wp-content\/uploads\/2022\/07\/shutterstock_1727141437-scaled.jpg 2560w, https:\/\/optometrininkuasociacija.lt\/wp-content\/uploads\/2022\/07\/shutterstock_1727141437-300x200.jpg 300w, https:\/\/optometrininkuasociacija.lt\/wp-content\/uploads\/2022\/07\/shutterstock_1727141437-1024x683.jpg 1024w, https:\/\/optometrininkuasociacija.lt\/wp-content\/uploads\/2022\/07\/shutterstock_1727141437-768x512.jpg 768w, https:\/\/optometrininkuasociacija.lt\/wp-content\/uploads\/2022\/07\/shutterstock_1727141437-1536x1024.jpg 1536w, https:\/\/optometrininkuasociacija.lt\/wp-content\/uploads\/2022\/07\/shutterstock_1727141437-2048x1366.jpg 2048w\" sizes=\"(max-width: 2560px) 100vw, 2560px\" \/>\t\t\t\t\t\t\t\t\t\t\t\t\t\t\t<\/div>\n\t\t\t\t<\/div>\n\t\t\t\t\t<\/div>\n\t\t<\/div>\n\t\t\t\t<div class=\"elementor-column elementor-col-50 elementor-top-column elementor-element elementor-element-66cec13\" data-id=\"66cec13\" data-element_type=\"column\" data-e-type=\"column\">\n\t\t\t<div class=\"elementor-widget-wrap elementor-element-populated\">\n\t\t\t\t\t\t<div class=\"elementor-element elementor-element-a197380 elementor-widget elementor-widget-text-editor\" data-id=\"a197380\" data-element_type=\"widget\" data-e-type=\"widget\" data-widget_type=\"text-editor.default\">\n\t\t\t\t<div class=\"elementor-widget-container\">\n\t\t\t\t\t\t\t\t\tThe current situation and the legal environment in Lithuania dictate other requirements for an optometrist, not as a specialist in the physical sciences, but as a representative of the personal health care system, with the competences delegated to him\/her in personal health care. Today, a degree in physics is no longer sufficient to qualify as an optometrist, so from 2021, Vilnius University Faculty of Medicine will launch a new programme, the only one of its kind in Lithuania, to train optometrists with a biomedical background. Optometrists with more clinical knowledge in their practice provide primary eye and vision care and, in case of doubt, refer patients for ophthalmologist consultation, medication or surgery. Such cooperation between eye health professionals can promptly and effectively prevent many eye diseases by detecting them at an early stage, prescribing the necessary treatment in time and keeping our society's members fit and active for longer. \t\t\t\t\t\t\t\t<\/div>\n\t\t\t\t<\/div>\n\t\t\t\t\t<\/div>\n\t\t<\/div>\n\t\t\t\t\t<\/div>\n\t\t<\/section>\n\t\t\t\t<section class=\"elementor-section elementor-top-section elementor-element elementor-element-f06c72a elementor-section-boxed elementor-section-height-default elementor-section-height-default\" data-id=\"f06c72a\" data-element_type=\"section\" data-e-type=\"section\">\n\t\t\t\t\t\t<div class=\"elementor-container elementor-column-gap-default\">\n\t\t\t\t\t<div class=\"elementor-column elementor-col-100 elementor-top-column elementor-element elementor-element-16a7fb2\" data-id=\"16a7fb2\" data-element_type=\"column\" data-e-type=\"column\">\n\t\t\t<div class=\"elementor-widget-wrap elementor-element-populated\">\n\t\t\t\t\t\t\t<\/div>\n\t\t<\/div>\n\t\t\t\t\t<\/div>\n\t\t<\/section>\n\t\t\t\t<section class=\"elementor-section elementor-top-section elementor-element elementor-element-dad43f0 elementor-section-full_width elementor-section-height-default elementor-section-height-default\" data-id=\"dad43f0\" data-element_type=\"section\" data-e-type=\"section\">\n\t\t\t\t\t\t<div class=\"elementor-container elementor-column-gap-default\">\n\t\t\t\t\t<div class=\"elementor-column elementor-col-100 elementor-top-column elementor-element elementor-element-5988bed\" data-id=\"5988bed\" data-element_type=\"column\" data-e-type=\"column\">\n\t\t\t<div class=\"elementor-widget-wrap elementor-element-populated\">\n\t\t\t\t\t\t<div class=\"elementor-element elementor-element-af7056c elementor-widget elementor-widget-whitehall_about_us_v3\" data-id=\"af7056c\" data-element_type=\"widget\" data-e-type=\"widget\" data-widget_type=\"whitehall_about_us_v3.default\">\n\t\t\t\t<div class=\"elementor-widget-container\">\n\t\t\t\t\t        \n\t\t<!-- about-style-three -->\n        <section class=\"about-style-three\">\n            <div class=\"auto-container\">\n                <div class=\"row clearfix align-items-center\">\n                    <div class=\"col-lg-4 col-md-12 col-sm-12 content-column\">\n                        <div class=\"content_block_5\">\n                            <div class=\"content-box\">\n                                <div class=\"sec-title\">\n\t\t\t\t\t\t\t\t\t\t\t\t\t\t\t\t\t\t<h6><i class=\"flaticon-star\"><\/i><span>Who is an optometrist?<\/span><\/h6>\n\t\t\t\t\t\t\t\t\t\t\t\t\t\t\t\t\t\t\n                                    \t\t\t\t\t\t\t\t\t<h2>Optometrist - a specialist in vision testing and correction. <\/h2>\n                                    <div class=\"title-shape\"><\/div>\n\t\t\t\t\t\t\t\t\t                                <\/div>\n                                <div class=\"text\">\n\t\t\t\t\t\t\t\t\t<h4>A university graduate with a university degree who is continuously improving his\/her professional qualifications through seminars, qualification courses and conferences.<\/h4>\n\t\t\t\t\t\t\t\t\t<p> Keeping up to date with the latest news and developments in science and technology in the fields of vision and optics, keeping abreast of the latest trends in vision correction.\n\n<\/p>\n\n\t\t\t\t\t\t\t\t\t                                <\/div>\n                            <\/div>\n                        <\/div>\n                    <\/div>\n                    <div class=\"col-lg-4 col-md-6 col-sm-12 image-column\">\n                        <figure class=\"image-box\"><img decoding=\"async\" src=\"https:\/\/optometrininkuasociacija.lt\/wp-content\/uploads\/2022\/07\/optometrininkas_1.png\" alt=\"Awesome Image\"><\/figure>\n                    <\/div>\n                    <div class=\"col-lg-4 col-md-6 col-sm-12 inner-column\">\n\t\t\t\t\t\t                        <div class=\"feature-block-one\">\n                            <div class=\"inner-box\">\n                                <figure class=\"image\"><img decoding=\"async\" src=\"https:\/\/optometrininkuasociacija.lt\/wp-content\/uploads\/2022\/07\/optometrininkas_2.png\" alt=\"Awesome Image\"><\/figure>\n                                <div class=\"text\">\n                                    <h4>Why am I here? <\/h4>\n\t\t\t\t\t\t\t\t\t\n\t\t\t\t\t\t\t\t\t                                <\/div>\n                                <div class=\"overlay-content\">\n                                    <h4>Why am I here? <\/h4>\n                                    <p>I am here to provide you with a personalised consultation and an initial examination of your eyes and eyesight before you purchase a vision correction device (glasses or contact lenses), as well as when you come in for a preventive vision test. <\/p>\n                                <\/div>\n                            <\/div>\n                        <\/div>\n                                                <div class=\"feature-block-one\">\n                            <div class=\"inner-box\">\n                                <figure class=\"image\"><img decoding=\"async\" src=\"https:\/\/optometrininkuasociacija.lt\/wp-content\/uploads\/2022\/07\/optometrininkas_4.png\" alt=\"Awesome Image\"><\/figure>\n                                <div class=\"text\">\n                                    <h4>What am I doing? <\/h4>\n\t\t\t\t\t\t\t\t\t\n\t\t\t\t\t\t\t\t\t                                <\/div>\n                                <div class=\"overlay-content\">\n                                    <h4>What am I doing? <\/h4>\n                                    <p>  I will carry out a thorough questionnaire about your general and eye health, examine and measure your eyesight, identify any vision impairment, assess your binocular function and perform various tests according to each patient's individual situation.\n<\/p>\n                                <\/div>\n                            <\/div>\n                        <\/div>\n                                            <\/div>\n                <\/div>\n            <\/div>\n        <\/section>\n        <!-- about-style-three end -->\n\n        \t\t\t\t<\/div>\n\t\t\t\t<\/div>\n\t\t\t\t\t<\/div>\n\t\t<\/div>\n\t\t\t\t\t<\/div>\n\t\t<\/section>\n\t\t\t\t<section class=\"elementor-section elementor-top-section elementor-element elementor-element-73eb122 elementor-section-full_width elementor-section-height-default elementor-section-height-default\" data-id=\"73eb122\" data-element_type=\"section\" data-e-type=\"section\">\n\t\t\t\t\t\t<div class=\"elementor-container elementor-column-gap-default\">\n\t\t\t\t\t<div class=\"elementor-column elementor-col-100 elementor-top-column elementor-element elementor-element-063c4c5\" data-id=\"063c4c5\" data-element_type=\"column\" data-e-type=\"column\">\n\t\t\t<div class=\"elementor-widget-wrap elementor-element-populated\">\n\t\t\t\t\t\t<div class=\"elementor-element elementor-element-2421c18 elementor-widget elementor-widget-whitehall_information_and_attractions\" data-id=\"2421c18\" data-element_type=\"widget\" data-e-type=\"widget\" data-widget_type=\"whitehall_information_and_attractions.default\">\n\t\t\t\t<div class=\"elementor-widget-container\">\n\t\t\t\t\t        \n        <!-- information-section -->\n        <section class=\"information-section bg-color-1\">\n            <div class=\"bg-layer\" style=\"background-image: url(https:\/\/optometrininkuasociacija.lt\/wp-content\/uploads\/2022\/07\/david-travis-aVvZJC0ynBQ-unsplash.jpg);\"><\/div>\n            <div class=\"auto-container\">\n                <div class=\"sec-title centred light\">\n\t\t\t\t\t\t\t\t\t\t<h6><i class=\"flaticon-star\"><\/i><span>who is an optometrist<\/span><i class=\"flaticon-star\"><\/i><\/h6>\n\t\t\t\t\t\n\t\t\t\t\t\t\t\t\t\t<h2>You'll usually find me in the vision screening room of an optical shop.<\/h2>\n\t\t\t\t\t<div class=\"title-shape\"><\/div>\n\t\t\t\t\t                <\/div>\n                <div class=\"inner-content\">\n                    <div class=\"schedule-carousel\">\n                                                <div class=\"information-block-one\">\n                            <div class=\"inner-box\">\n                                <span class=\"count\">01.<\/span>\n                                <div class=\"icon-box\"><i class=\"fa fa-eye\"><\/i><\/div>\n                                <div class=\"text\">\n                                    <h4> After vision tests and measurements, <\/h4>\n                                    <p> I will use special trial lenses to select the optimal vision correction for you to correct vision problems caused by myopia (myopia), hypermetropia (hyperopia), presbyopia (perpetual hyperopia) or astigmatism.<\/p>\n\t\t\t\t\t\t\t\t\t\n\t\t\t\t\t\t\t\t\t                                    <a href=\"#\">More about us<i class=\"flaticon-right-arrow\"><\/i><\/a>\n\t\t\t\t\t\t\t\t\t                                <\/div>\n                            <\/div>\n                        <\/div>\n                                                <div class=\"information-block-one\">\n                            <div class=\"inner-box\">\n                                <span class=\"count\">02.<\/span>\n                                <div class=\"icon-box\"><i class=\"fa fa-eye\"><\/i><\/div>\n                                <div class=\"text\">\n                                    <h4>During an individual consultation <\/h4>\n                                    <p>I will use a slit lamp to perform an external examination and measurements of the eye and its accessories, and to illuminate the eye's media. If abnormalities are detected, I will suggest an ophthalmologist consultation.\n\n <\/p>\n\t\t\t\t\t\t\t\t\t\n\t\t\t\t\t\t\t\t\t                                    <a href=\"#\">More about us <i class=\"flaticon-right-arrow\"><\/i><\/a>\n\t\t\t\t\t\t\t\t\t                                <\/div>\n                            <\/div>\n                        <\/div>\n                                                <div class=\"information-block-one\">\n                            <div class=\"inner-box\">\n                                <span class=\"count\">03.<\/span>\n                                <div class=\"icon-box\"><i class=\"fa fa-eye\"><\/i><\/div>\n                                <div class=\"text\">\n                                    <h4>If you prefer to wear <\/h4>\n                                    <p>not only corrective spectacles, but also learning how to use contact lenses, I will train you and provide you with all the necessary information on choosing the type of contact lenses, their care and other relevant issues.\n<br>See you soon!<\/p>\n\t\t\t\t\t\t\t\t\t\n\t\t\t\t\t\t\t\t\t                                    <a href=\"#\">More about us<i class=\"flaticon-right-arrow\"><\/i><\/a>\n\t\t\t\t\t\t\t\t\t                                <\/div>\n                            <\/div>\n                        <\/div>\n                                            <\/div>\n                <\/div>\n            <\/div>\n        <\/section>\n        <!-- information-section end -->\n\n        \t\t\t\t<\/div>\n\t\t\t\t<\/div>\n\t\t\t\t\t<\/div>\n\t\t<\/div>\n\t\t\t\t\t<\/div>\n\t\t<\/section>\n\t\t\t\t<\/div>","protected":false},"excerpt":{"rendered":"<p>Pasaulio Sveikatos organizacijos duomenimis, vis daugiau \u017emoni\u0173 skund\u017eiasi silpstan\u010diu reg\u0117jimu, o d\u0117l \u0161ios prie\u017easties ken\u010dia j\u0173 gyvenimo kokyb\u0117. Silpn\u0117jan\u010dia rega besiskund\u017eian\u010di\u0173 gyventoj\u0173 skai\u010dius ne tik did\u0117ja, bet ir jaun\u0117ja. LR [&hellip;]<\/p>\n","protected":false},"author":3,"featured_media":0,"parent":0,"menu_order":0,"comment_status":"closed","ping_status":"closed","template":"tpl-default-elementor.php","meta":{"_EventAllDay":false,"_EventTimezone":"","_EventStartDate":"","_EventEndDate":"","_EventStartDateUTC":"","_EventEndDateUTC":"","_EventShowMap":false,"_EventShowMapLink":false,"_EventURL":"","_EventCost":"","_EventCostDescription":"","_EventCurrencySymbol":"","_EventCurrencyCode":"","_EventCurrencyPosition":"","_EventDateTimeSeparator":"","_EventTimeRangeSeparator":"","_EventOrganizerID":[],"_EventVenueID":[],"_OrganizerEmail":"","_OrganizerPhone":"","_OrganizerWebsite":"","_VenueAddress":"","_VenueCity":"","_VenueCountry":"","_VenueProvince":"","_VenueState":"","_VenueZip":"","_VenuePhone":"","_VenueURL":"","_VenueStateProvince":"","_VenueLat":"","_VenueLng":"","_VenueShowMap":false,"_VenueShowMapLink":false,"footnotes":""},"class_list":["post-1327","page","type-page","status-publish","hentry"],"yoast_head":"<!-- This site is optimized with the Yoast SEO plugin v27.2 - https:\/\/yoast.com\/product\/yoast-seo-wordpress\/ -->\n<title>Kas yra optometrininkas<\/title>\n<meta name=\"robots\" content=\"index, follow, max-snippet:-1, max-image-preview:large, max-video-preview:-1\" \/>\n<link rel=\"canonical\" href=\"https:\/\/optometrininkuasociacija.lt\/en\/kas-yra-optometrininkas\/\" \/>\n<meta property=\"og:locale\" content=\"en_GB\" \/>\n<meta property=\"og:type\" content=\"article\" \/>\n<meta property=\"og:title\" content=\"Kas yra optometrininkas\" \/>\n<meta property=\"og:description\" content=\"Pasaulio Sveikatos organizacijos duomenimis, vis daugiau \u017emoni\u0173 skund\u017eiasi silpstan\u010diu reg\u0117jimu, o d\u0117l \u0161ios prie\u017easties ken\u010dia j\u0173 gyvenimo kokyb\u0117. Silpn\u0117jan\u010dia rega besiskund\u017eian\u010di\u0173 gyventoj\u0173 skai\u010dius ne tik did\u0117ja, bet ir jaun\u0117ja. LR [&hellip;]\" \/>\n<meta property=\"og:url\" content=\"https:\/\/optometrininkuasociacija.lt\/en\/kas-yra-optometrininkas\/\" \/>\n<meta property=\"article:modified_time\" content=\"2022-09-13T13:46:17+00:00\" \/>\n<meta property=\"og:image\" content=\"https:\/\/optometrininkuasociacija.lt\/wp-content\/uploads\/2022\/07\/shutterstock_1727141437-scaled.jpg\" \/>\n<meta name=\"twitter:card\" content=\"summary_large_image\" \/>\n<meta name=\"twitter:label1\" content=\"Estimated reading time\" \/>\n\t<meta name=\"twitter:data1\" content=\"4 minutes\" \/>\n<script type=\"application\/ld+json\" class=\"yoast-schema-graph\">{\"@context\":\"https:\/\/schema.org\",\"@graph\":[{\"@type\":\"WebPage\",\"@id\":\"https:\/\/optometrininkuasociacija.lt\/kas-yra-optometrininkas\/\",\"url\":\"https:\/\/optometrininkuasociacija.lt\/kas-yra-optometrininkas\/\",\"name\":\"Kas yra optometrininkas\",\"isPartOf\":{\"@id\":\"https:\/\/optometrininkuasociacija.lt\/#website\"},\"primaryImageOfPage\":{\"@id\":\"https:\/\/optometrininkuasociacija.lt\/kas-yra-optometrininkas\/#primaryimage\"},\"image\":{\"@id\":\"https:\/\/optometrininkuasociacija.lt\/kas-yra-optometrininkas\/#primaryimage\"},\"thumbnailUrl\":\"https:\/\/optometrininkuasociacija.lt\/wp-content\/uploads\/2022\/07\/shutterstock_1727141437-scaled.jpg\",\"datePublished\":\"2022-06-15T09:27:59+00:00\",\"dateModified\":\"2022-09-13T13:46:17+00:00\",\"breadcrumb\":{\"@id\":\"https:\/\/optometrininkuasociacija.lt\/kas-yra-optometrininkas\/#breadcrumb\"},\"inLanguage\":\"en-GB\",\"potentialAction\":[{\"@type\":\"ReadAction\",\"target\":[\"https:\/\/optometrininkuasociacija.lt\/kas-yra-optometrininkas\/\"]}]},{\"@type\":\"ImageObject\",\"inLanguage\":\"en-GB\",\"@id\":\"https:\/\/optometrininkuasociacija.lt\/kas-yra-optometrininkas\/#primaryimage\",\"url\":\"https:\/\/optometrininkuasociacija.lt\/wp-content\/uploads\/2022\/07\/shutterstock_1727141437-scaled.jpg\",\"contentUrl\":\"https:\/\/optometrininkuasociacija.lt\/wp-content\/uploads\/2022\/07\/shutterstock_1727141437-scaled.jpg\"},{\"@type\":\"BreadcrumbList\",\"@id\":\"https:\/\/optometrininkuasociacija.lt\/kas-yra-optometrininkas\/#breadcrumb\",\"itemListElement\":[{\"@type\":\"ListItem\",\"position\":1,\"name\":\"Home\",\"item\":\"https:\/\/optometrininkuasociacija.lt\/\"},{\"@type\":\"ListItem\",\"position\":2,\"name\":\"Kas yra optometrininkas\"}]},{\"@type\":\"WebSite\",\"@id\":\"https:\/\/optometrininkuasociacija.lt\/#website\",\"url\":\"https:\/\/optometrininkuasociacija.lt\/\",\"name\":\"\",\"description\":\"\",\"potentialAction\":[{\"@type\":\"SearchAction\",\"target\":{\"@type\":\"EntryPoint\",\"urlTemplate\":\"https:\/\/optometrininkuasociacija.lt\/?s={search_term_string}\"},\"query-input\":{\"@type\":\"PropertyValueSpecification\",\"valueRequired\":true,\"valueName\":\"search_term_string\"}}],\"inLanguage\":\"en-GB\"}]}<\/script>\n<!-- \/ Yoast SEO plugin. -->","yoast_head_json":{"title":"What is an optometrist","robots":{"index":"index","follow":"follow","max-snippet":"max-snippet:-1","max-image-preview":"max-image-preview:large","max-video-preview":"max-video-preview:-1"},"canonical":"https:\/\/optometrininkuasociacija.lt\/en\/kas-yra-optometrininkas\/","og_locale":"en_GB","og_type":"article","og_title":"Kas yra optometrininkas","og_description":"Pasaulio Sveikatos organizacijos duomenimis, vis daugiau \u017emoni\u0173 skund\u017eiasi silpstan\u010diu reg\u0117jimu, o d\u0117l \u0161ios prie\u017easties ken\u010dia j\u0173 gyvenimo kokyb\u0117. Silpn\u0117jan\u010dia rega besiskund\u017eian\u010di\u0173 gyventoj\u0173 skai\u010dius ne tik did\u0117ja, bet ir jaun\u0117ja. LR [&hellip;]","og_url":"https:\/\/optometrininkuasociacija.lt\/en\/kas-yra-optometrininkas\/","article_modified_time":"2022-09-13T13:46:17+00:00","og_image":[{"url":"https:\/\/optometrininkuasociacija.lt\/wp-content\/uploads\/2022\/07\/shutterstock_1727141437-scaled.jpg","type":"","width":"","height":""}],"twitter_card":"summary_large_image","twitter_misc":{"Estimated reading time":"4 minutes"},"schema":{"@context":"https:\/\/schema.org","@graph":[{"@type":"WebPage","@id":"https:\/\/optometrininkuasociacija.lt\/kas-yra-optometrininkas\/","url":"https:\/\/optometrininkuasociacija.lt\/kas-yra-optometrininkas\/","name":"What is an optometrist","isPartOf":{"@id":"https:\/\/optometrininkuasociacija.lt\/#website"},"primaryImageOfPage":{"@id":"https:\/\/optometrininkuasociacija.lt\/kas-yra-optometrininkas\/#primaryimage"},"image":{"@id":"https:\/\/optometrininkuasociacija.lt\/kas-yra-optometrininkas\/#primaryimage"},"thumbnailUrl":"https:\/\/optometrininkuasociacija.lt\/wp-content\/uploads\/2022\/07\/shutterstock_1727141437-scaled.jpg","datePublished":"2022-06-15T09:27:59+00:00","dateModified":"2022-09-13T13:46:17+00:00","breadcrumb":{"@id":"https:\/\/optometrininkuasociacija.lt\/kas-yra-optometrininkas\/#breadcrumb"},"inLanguage":"en-GB","potentialAction":[{"@type":"ReadAction","target":["https:\/\/optometrininkuasociacija.lt\/kas-yra-optometrininkas\/"]}]},{"@type":"ImageObject","inLanguage":"en-GB","@id":"https:\/\/optometrininkuasociacija.lt\/kas-yra-optometrininkas\/#primaryimage","url":"https:\/\/optometrininkuasociacija.lt\/wp-content\/uploads\/2022\/07\/shutterstock_1727141437-scaled.jpg","contentUrl":"https:\/\/optometrininkuasociacija.lt\/wp-content\/uploads\/2022\/07\/shutterstock_1727141437-scaled.jpg"},{"@type":"BreadcrumbList","@id":"https:\/\/optometrininkuasociacija.lt\/kas-yra-optometrininkas\/#breadcrumb","itemListElement":[{"@type":"ListItem","position":1,"name":"Home","item":"https:\/\/optometrininkuasociacija.lt\/"},{"@type":"ListItem","position":2,"name":"Kas yra optometrininkas"}]},{"@type":"WebSite","@id":"https:\/\/optometrininkuasociacija.lt\/#website","url":"https:\/\/optometrininkuasociacija.lt\/","name":"","description":"","potentialAction":[{"@type":"SearchAction","target":{"@type":"EntryPoint","urlTemplate":"https:\/\/optometrininkuasociacija.lt\/?s={search_term_string}"},"query-input":{"@type":"PropertyValueSpecification","valueRequired":true,"valueName":"search_term_string"}}],"inLanguage":"en-GB"}]}},"_links":{"self":[{"href":"https:\/\/optometrininkuasociacija.lt\/en\/wp-json\/wp\/v2\/pages\/1327","targetHints":{"allow":["GET"]}}],"collection":[{"href":"https:\/\/optometrininkuasociacija.lt\/en\/wp-json\/wp\/v2\/pages"}],"about":[{"href":"https:\/\/optometrininkuasociacija.lt\/en\/wp-json\/wp\/v2\/types\/page"}],"author":[{"embeddable":true,"href":"https:\/\/optometrininkuasociacija.lt\/en\/wp-json\/wp\/v2\/users\/3"}],"replies":[{"embeddable":true,"href":"https:\/\/optometrininkuasociacija.lt\/en\/wp-json\/wp\/v2\/comments?post=1327"}],"version-history":[{"count":165,"href":"https:\/\/optometrininkuasociacija.lt\/en\/wp-json\/wp\/v2\/pages\/1327\/revisions"}],"predecessor-version":[{"id":3818,"href":"https:\/\/optometrininkuasociacija.lt\/en\/wp-json\/wp\/v2\/pages\/1327\/revisions\/3818"}],"wp:attachment":[{"href":"https:\/\/optometrininkuasociacija.lt\/en\/wp-json\/wp\/v2\/media?parent=1327"}],"curies":[{"name":"wp","href":"https:\/\/api.w.org\/{rel}","templated":true}]}}