{"id":1331,"date":"2022-06-15T09:34:20","date_gmt":"2022-06-15T09:34:20","guid":{"rendered":"https:\/\/optometrininkuasociacija.lt\/?page_id=1331"},"modified":"2022-09-12T19:08:17","modified_gmt":"2022-09-12T19:08:17","slug":"parama","status":"publish","type":"page","link":"https:\/\/optometrininkuasociacija.lt\/en\/parama\/","title":{"rendered":"Support"},"content":{"rendered":"<div data-elementor-type=\"wp-page\" data-elementor-id=\"1331\" class=\"elementor elementor-1331\">\n\t\t\t\t\t\t<section class=\"elementor-section elementor-top-section elementor-element elementor-element-3e70bab elementor-section-boxed elementor-section-height-default elementor-section-height-default\" data-id=\"3e70bab\" data-element_type=\"section\" data-e-type=\"section\">\n\t\t\t\t\t\t<div class=\"elementor-container elementor-column-gap-default\">\n\t\t\t\t\t<div class=\"elementor-column elementor-col-100 elementor-top-column elementor-element elementor-element-6b6e77a\" data-id=\"6b6e77a\" data-element_type=\"column\" data-e-type=\"column\">\n\t\t\t<div class=\"elementor-widget-wrap elementor-element-populated\">\n\t\t\t\t\t\t<div class=\"elementor-element elementor-element-75f0371 elementor-widget elementor-widget-text-editor\" data-id=\"75f0371\" data-element_type=\"widget\" data-e-type=\"widget\" data-widget_type=\"text-editor.default\">\n\t\t\t\t<div class=\"elementor-widget-container\">\n\t\t\t\t\t\t\t\t\t<h3 style=\"text-align: center;\">\"There is no word stranger in the house.<br \/>There are no extraneous worries.<br \/>There is no shortage of strangers.<br \/>All options are shared.<br \/>Everyone's contribution is the backbone of the whole house.\"<\/h3>\t\t\t\t\t\t\t\t<\/div>\n\t\t\t\t<\/div>\n\t\t\t\t\t<\/div>\n\t\t<\/div>\n\t\t\t\t\t<\/div>\n\t\t<\/section>\n\t\t\t\t<section class=\"elementor-section elementor-top-section elementor-element elementor-element-09af874 elementor-section-full_width elementor-section-height-default elementor-section-height-default\" data-id=\"09af874\" data-element_type=\"section\" data-e-type=\"section\">\n\t\t\t\t\t\t<div class=\"elementor-container elementor-column-gap-default\">\n\t\t\t\t\t<div class=\"elementor-column elementor-col-100 elementor-top-column elementor-element elementor-element-4e5f895\" data-id=\"4e5f895\" data-element_type=\"column\" data-e-type=\"column\">\n\t\t\t<div class=\"elementor-widget-wrap elementor-element-populated\">\n\t\t\t\t\t\t<div class=\"elementor-element elementor-element-af7056c elementor-widget elementor-widget-whitehall_about_us_v3\" data-id=\"af7056c\" data-element_type=\"widget\" data-e-type=\"widget\" data-widget_type=\"whitehall_about_us_v3.default\">\n\t\t\t\t<div class=\"elementor-widget-container\">\n\t\t\t\t\t        \n\t\t<!-- about-style-three -->\n        <section class=\"about-style-three\">\n            <div class=\"auto-container\">\n                <div class=\"row clearfix align-items-center\">\n                    <div class=\"col-lg-4 col-md-12 col-sm-12 content-column\">\n                        <div class=\"content_block_5\">\n                            <div class=\"content-box\">\n                                <div class=\"sec-title\">\n\t\t\t\t\t\t\t\t\t\t\t\t\t\t\t\t\t\t<h6><i class=\"flaticon-star\"><\/i><span>PARAMA<\/span><\/h6>\n\t\t\t\t\t\t\t\t\t\t\t\t\t\t\t\t\t\t\n                                    \t\t\t\t\t\t\t\t\t<h2>Support for the Lithuanian Optometric Association<\/h2>\n                                    <div class=\"title-shape\"><\/div>\n\t\t\t\t\t\t\t\t\t                                <\/div>\n                                <div class=\"text\">\n\t\t\t\t\t\t\t\t\t<h4>In the Lithuanian Optometric Association we are together, so even a small grain in a common field promises a good harvest for all.\n<\/h4>\n\t\t\t\t\t\t\t\t\t<p>\nPlease contribute up to 1.2% of your income - the freely distributable portion of your dues to the Lithuanian Optometrists Association for various fees. <\/p>\n\n\t\t\t\t\t\t\t\t\t\t\t\t\t\t\t\t\t\t<ul class=\"list clearfix\">\n\t\t\t\t\t\t\t\t\t\t\t\t\t\t\t\t\t\t\t\t<li><i class=\"flaticon-bird\"><\/i>Recipient: the Lithuanian Optometric Association<\/li>\n\t\t\t\t\t\t\t\t\t\t\t\t\t\t\t\t\t\t\t\t<li><i class=\"flaticon-bird\"><\/i><\/li>\n\t\t\t\t\t\t\t\t\t\t\t\t\t\t\t\t\t\t\t\t<li><i class=\"flaticon-bird\"><\/i>Beneficiary code: 300551483<\/li>\n\t\t\t\t\t\t\t\t\t\t\t\t\t\t\t\t\t\t\t\t<li><i class=\"flaticon-bird\"><\/i><\/li>\n\t\t\t\t\t\t\t\t\t\t\t\t\t\t\t\t\t\t\t\t<li><i class=\"flaticon-bird\"><\/i>Donation Account No.: LT287044060005448569 SEB bankas<\/li>\n\t\t\t\t\t\t\t\t\t\t\t\t\t\t\t\t\t\t\t<\/ul>\n\t\t\t\t\t\t\t\t\t                                <\/div>\n                            <\/div>\n                        <\/div>\n                    <\/div>\n                    <div class=\"col-lg-4 col-md-6 col-sm-12 image-column\">\n                        <figure class=\"image-box\"><img decoding=\"async\" src=\"https:\/\/optometrininkuasociacija.lt\/wp-content\/uploads\/2022\/07\/2022-04-03-09-21-59-author-Nendre-Zilinskaite-scaled.jpg\" alt=\"Awesome Image\"><\/figure>\n                    <\/div>\n                    <div class=\"col-lg-4 col-md-6 col-sm-12 inner-column\">\n\t\t\t\t\t\t                        <div class=\"feature-block-one\">\n                            <div class=\"inner-box\">\n                                <figure class=\"image\"><img decoding=\"async\" src=\"https:\/\/optometrininkuasociacija.lt\/wp-content\/uploads\/2022\/07\/2022-04-03-14-21-31-author-Nendre-Zilinskaite-scaled.jpg\" alt=\"Awesome Image\"><\/figure>\n                                <div class=\"text\">\n                                    <h4><\/h4>\n\t\t\t\t\t\t\t\t\t\n\t\t\t\t\t\t\t\t\t                                <\/div>\n                                <div class=\"overlay-content\">\n                                    <h4><\/h4>\n                                    <p><\/p>\n                                <\/div>\n                            <\/div>\n                        <\/div>\n                                                <div class=\"feature-block-one\">\n                            <div class=\"inner-box\">\n                                <figure class=\"image\"><img decoding=\"async\" src=\"https:\/\/optometrininkuasociacija.lt\/wp-content\/uploads\/2022\/07\/2022-04-03-14-36-06-author-Nendre-Zilinskaite-scaled.jpg\" alt=\"Awesome Image\"><\/figure>\n                                <div class=\"text\">\n                                    <h4><\/h4>\n\t\t\t\t\t\t\t\t\t\n\t\t\t\t\t\t\t\t\t                                <\/div>\n                                <div class=\"overlay-content\">\n                                    <h4><\/h4>\n                                    <p><\/p>\n                                <\/div>\n                            <\/div>\n                        <\/div>\n                                            <\/div>\n                <\/div>\n            <\/div>\n        <\/section>\n        <!-- about-style-three end -->\n\n        \t\t\t\t<\/div>\n\t\t\t\t<\/div>\n\t\t\t\t\t<\/div>\n\t\t<\/div>\n\t\t\t\t\t<\/div>\n\t\t<\/section>\n\t\t\t\t<section class=\"elementor-section elementor-top-section elementor-element elementor-element-dad43f0 elementor-section-full_width elementor-section-height-default elementor-section-height-default\" data-id=\"dad43f0\" data-element_type=\"section\" data-e-type=\"section\">\n\t\t\t\t\t\t<div class=\"elementor-container elementor-column-gap-default\">\n\t\t\t\t\t<div class=\"elementor-column elementor-col-100 elementor-top-column elementor-element elementor-element-5988bed\" data-id=\"5988bed\" data-element_type=\"column\" data-e-type=\"column\">\n\t\t\t<div class=\"elementor-widget-wrap\">\n\t\t\t\t\t\t\t<\/div>\n\t\t<\/div>\n\t\t\t\t\t<\/div>\n\t\t<\/section>\n\t\t\t\t<\/div>","protected":false},"excerpt":{"rendered":"<p>&#8222;Namuose n\u0117ra \u017eod\u017eio svetimas.N\u0117ra svetim\u0173 r\u016bpes\u010di\u0173.N\u0117ra svetimos stokos.Visos galimyb\u0117s &#8211; bendros.Kiekvieno ind\u0117lis &#8211; atrama visiems namams.&#8221; PARAMA Parama Lietuvos optometrinink\u0173 asociacijai Lietuvos optometrinink\u0173 asociacijoje esame drauge, tod\u0117l net ma\u017eas gr\u016bdelis [&hellip;]<\/p>\n","protected":false},"author":3,"featured_media":0,"parent":0,"menu_order":0,"comment_status":"closed","ping_status":"closed","template":"tpl-default-elementor.php","meta":{"_EventAllDay":false,"_EventTimezone":"","_EventStartDate":"","_EventEndDate":"","_EventStartDateUTC":"","_EventEndDateUTC":"","_EventShowMap":false,"_EventShowMapLink":false,"_EventURL":"","_EventCost":"","_EventCostDescription":"","_EventCurrencySymbol":"","_EventCurrencyCode":"","_EventCurrencyPosition":"","_EventDateTimeSeparator":"","_EventTimeRangeSeparator":"","_EventOrganizerID":[],"_EventVenueID":[],"_OrganizerEmail":"","_OrganizerPhone":"","_OrganizerWebsite":"","_VenueAddress":"","_VenueCity":"","_VenueCountry":"","_VenueProvince":"","_VenueState":"","_VenueZip":"","_VenuePhone":"","_VenueURL":"","_VenueStateProvince":"","_VenueLat":"","_VenueLng":"","_VenueShowMap":false,"_VenueShowMapLink":false,"footnotes":""},"class_list":["post-1331","page","type-page","status-publish","hentry"],"yoast_head":"<!-- This site is optimized with the Yoast SEO plugin v27.2 - https:\/\/yoast.com\/product\/yoast-seo-wordpress\/ -->\n<title>Parama<\/title>\n<meta name=\"robots\" content=\"index, follow, max-snippet:-1, max-image-preview:large, max-video-preview:-1\" \/>\n<link rel=\"canonical\" href=\"https:\/\/optometrininkuasociacija.lt\/en\/parama\/\" \/>\n<meta property=\"og:locale\" content=\"en_GB\" \/>\n<meta property=\"og:type\" content=\"article\" \/>\n<meta property=\"og:title\" content=\"Parama\" \/>\n<meta property=\"og:description\" content=\"&#8222;Namuose n\u0117ra \u017eod\u017eio svetimas.N\u0117ra svetim\u0173 r\u016bpes\u010di\u0173.N\u0117ra svetimos stokos.Visos galimyb\u0117s &#8211; bendros.Kiekvieno ind\u0117lis &#8211; atrama visiems namams.&#8221; PARAMA Parama Lietuvos optometrinink\u0173 asociacijai Lietuvos optometrinink\u0173 asociacijoje esame drauge, tod\u0117l net ma\u017eas gr\u016bdelis [&hellip;]\" \/>\n<meta property=\"og:url\" content=\"https:\/\/optometrininkuasociacija.lt\/en\/parama\/\" \/>\n<meta property=\"article:modified_time\" content=\"2022-09-12T19:08:17+00:00\" \/>\n<meta property=\"og:image\" content=\"https:\/\/optometrininkuasociacija.lt\/wp-content\/uploads\/2022\/07\/2022-04-03-09-21-59-author-Nendre-Zilinskaite-scaled.jpg\" \/>\n<meta name=\"twitter:card\" content=\"summary_large_image\" \/>\n<meta name=\"twitter:label1\" content=\"Estimated reading time\" \/>\n\t<meta name=\"twitter:data1\" content=\"1 minute\" \/>\n<script type=\"application\/ld+json\" class=\"yoast-schema-graph\">{\"@context\":\"https:\/\/schema.org\",\"@graph\":[{\"@type\":\"WebPage\",\"@id\":\"https:\/\/optometrininkuasociacija.lt\/parama\/\",\"url\":\"https:\/\/optometrininkuasociacija.lt\/parama\/\",\"name\":\"Parama\",\"isPartOf\":{\"@id\":\"https:\/\/optometrininkuasociacija.lt\/#website\"},\"primaryImageOfPage\":{\"@id\":\"https:\/\/optometrininkuasociacija.lt\/parama\/#primaryimage\"},\"image\":{\"@id\":\"https:\/\/optometrininkuasociacija.lt\/parama\/#primaryimage\"},\"thumbnailUrl\":\"https:\/\/optometrininkuasociacija.lt\/wp-content\/uploads\/2022\/07\/2022-04-03-09-21-59-author-Nendre-Zilinskaite-scaled.jpg\",\"datePublished\":\"2022-06-15T09:34:20+00:00\",\"dateModified\":\"2022-09-12T19:08:17+00:00\",\"breadcrumb\":{\"@id\":\"https:\/\/optometrininkuasociacija.lt\/parama\/#breadcrumb\"},\"inLanguage\":\"en-GB\",\"potentialAction\":[{\"@type\":\"ReadAction\",\"target\":[\"https:\/\/optometrininkuasociacija.lt\/parama\/\"]}]},{\"@type\":\"ImageObject\",\"inLanguage\":\"en-GB\",\"@id\":\"https:\/\/optometrininkuasociacija.lt\/parama\/#primaryimage\",\"url\":\"https:\/\/optometrininkuasociacija.lt\/wp-content\/uploads\/2022\/07\/2022-04-03-09-21-59-author-Nendre-Zilinskaite-scaled.jpg\",\"contentUrl\":\"https:\/\/optometrininkuasociacija.lt\/wp-content\/uploads\/2022\/07\/2022-04-03-09-21-59-author-Nendre-Zilinskaite-scaled.jpg\"},{\"@type\":\"BreadcrumbList\",\"@id\":\"https:\/\/optometrininkuasociacija.lt\/parama\/#breadcrumb\",\"itemListElement\":[{\"@type\":\"ListItem\",\"position\":1,\"name\":\"Home\",\"item\":\"https:\/\/optometrininkuasociacija.lt\/\"},{\"@type\":\"ListItem\",\"position\":2,\"name\":\"Parama\"}]},{\"@type\":\"WebSite\",\"@id\":\"https:\/\/optometrininkuasociacija.lt\/#website\",\"url\":\"https:\/\/optometrininkuasociacija.lt\/\",\"name\":\"\",\"description\":\"\",\"potentialAction\":[{\"@type\":\"SearchAction\",\"target\":{\"@type\":\"EntryPoint\",\"urlTemplate\":\"https:\/\/optometrininkuasociacija.lt\/?s={search_term_string}\"},\"query-input\":{\"@type\":\"PropertyValueSpecification\",\"valueRequired\":true,\"valueName\":\"search_term_string\"}}],\"inLanguage\":\"en-GB\"}]}<\/script>\n<!-- \/ Yoast SEO plugin. -->","yoast_head_json":{"title":"Support","robots":{"index":"index","follow":"follow","max-snippet":"max-snippet:-1","max-image-preview":"max-image-preview:large","max-video-preview":"max-video-preview:-1"},"canonical":"https:\/\/optometrininkuasociacija.lt\/en\/parama\/","og_locale":"en_GB","og_type":"article","og_title":"Parama","og_description":"&#8222;Namuose n\u0117ra \u017eod\u017eio svetimas.N\u0117ra svetim\u0173 r\u016bpes\u010di\u0173.N\u0117ra svetimos stokos.Visos galimyb\u0117s &#8211; bendros.Kiekvieno ind\u0117lis &#8211; atrama visiems namams.&#8221; PARAMA Parama Lietuvos optometrinink\u0173 asociacijai Lietuvos optometrinink\u0173 asociacijoje esame drauge, tod\u0117l net ma\u017eas gr\u016bdelis [&hellip;]","og_url":"https:\/\/optometrininkuasociacija.lt\/en\/parama\/","article_modified_time":"2022-09-12T19:08:17+00:00","og_image":[{"url":"https:\/\/optometrininkuasociacija.lt\/wp-content\/uploads\/2022\/07\/2022-04-03-09-21-59-author-Nendre-Zilinskaite-scaled.jpg","type":"","width":"","height":""}],"twitter_card":"summary_large_image","twitter_misc":{"Estimated reading time":"1 minute"},"schema":{"@context":"https:\/\/schema.org","@graph":[{"@type":"WebPage","@id":"https:\/\/optometrininkuasociacija.lt\/parama\/","url":"https:\/\/optometrininkuasociacija.lt\/parama\/","name":"Support","isPartOf":{"@id":"https:\/\/optometrininkuasociacija.lt\/#website"},"primaryImageOfPage":{"@id":"https:\/\/optometrininkuasociacija.lt\/parama\/#primaryimage"},"image":{"@id":"https:\/\/optometrininkuasociacija.lt\/parama\/#primaryimage"},"thumbnailUrl":"https:\/\/optometrininkuasociacija.lt\/wp-content\/uploads\/2022\/07\/2022-04-03-09-21-59-author-Nendre-Zilinskaite-scaled.jpg","datePublished":"2022-06-15T09:34:20+00:00","dateModified":"2022-09-12T19:08:17+00:00","breadcrumb":{"@id":"https:\/\/optometrininkuasociacija.lt\/parama\/#breadcrumb"},"inLanguage":"en-GB","potentialAction":[{"@type":"ReadAction","target":["https:\/\/optometrininkuasociacija.lt\/parama\/"]}]},{"@type":"ImageObject","inLanguage":"en-GB","@id":"https:\/\/optometrininkuasociacija.lt\/parama\/#primaryimage","url":"https:\/\/optometrininkuasociacija.lt\/wp-content\/uploads\/2022\/07\/2022-04-03-09-21-59-author-Nendre-Zilinskaite-scaled.jpg","contentUrl":"https:\/\/optometrininkuasociacija.lt\/wp-content\/uploads\/2022\/07\/2022-04-03-09-21-59-author-Nendre-Zilinskaite-scaled.jpg"},{"@type":"BreadcrumbList","@id":"https:\/\/optometrininkuasociacija.lt\/parama\/#breadcrumb","itemListElement":[{"@type":"ListItem","position":1,"name":"Home","item":"https:\/\/optometrininkuasociacija.lt\/"},{"@type":"ListItem","position":2,"name":"Parama"}]},{"@type":"WebSite","@id":"https:\/\/optometrininkuasociacija.lt\/#website","url":"https:\/\/optometrininkuasociacija.lt\/","name":"","description":"","potentialAction":[{"@type":"SearchAction","target":{"@type":"EntryPoint","urlTemplate":"https:\/\/optometrininkuasociacija.lt\/?s={search_term_string}"},"query-input":{"@type":"PropertyValueSpecification","valueRequired":true,"valueName":"search_term_string"}}],"inLanguage":"en-GB"}]}},"_links":{"self":[{"href":"https:\/\/optometrininkuasociacija.lt\/en\/wp-json\/wp\/v2\/pages\/1331","targetHints":{"allow":["GET"]}}],"collection":[{"href":"https:\/\/optometrininkuasociacija.lt\/en\/wp-json\/wp\/v2\/pages"}],"about":[{"href":"https:\/\/optometrininkuasociacija.lt\/en\/wp-json\/wp\/v2\/types\/page"}],"author":[{"embeddable":true,"href":"https:\/\/optometrininkuasociacija.lt\/en\/wp-json\/wp\/v2\/users\/3"}],"replies":[{"embeddable":true,"href":"https:\/\/optometrininkuasociacija.lt\/en\/wp-json\/wp\/v2\/comments?post=1331"}],"version-history":[{"count":42,"href":"https:\/\/optometrininkuasociacija.lt\/en\/wp-json\/wp\/v2\/pages\/1331\/revisions"}],"predecessor-version":[{"id":3768,"href":"https:\/\/optometrininkuasociacija.lt\/en\/wp-json\/wp\/v2\/pages\/1331\/revisions\/3768"}],"wp:attachment":[{"href":"https:\/\/optometrininkuasociacija.lt\/en\/wp-json\/wp\/v2\/media?parent=1331"}],"curies":[{"name":"wp","href":"https:\/\/api.w.org\/{rel}","templated":true}]}}