{"id":1344,"date":"2022-06-15T09:51:20","date_gmt":"2022-06-15T09:51:20","guid":{"rendered":"https:\/\/optometrininkuasociacija.lt\/?page_id=1344"},"modified":"2022-09-09T16:46:31","modified_gmt":"2022-09-09T16:46:31","slug":"virtuali-biblioteka-elvis","status":"publish","type":"page","link":"https:\/\/optometrininkuasociacija.lt\/en\/virtuali-biblioteka-elvis\/","title":{"rendered":"Elvis Virtual Library"},"content":{"rendered":"<div data-elementor-type=\"wp-page\" data-elementor-id=\"1344\" class=\"elementor elementor-1344\">\n\t\t\t\t\t\t<section class=\"elementor-section elementor-top-section elementor-element elementor-element-09af874 elementor-section-full_width elementor-section-height-default elementor-section-height-default\" data-id=\"09af874\" data-element_type=\"section\" data-e-type=\"section\">\n\t\t\t\t\t\t<div class=\"elementor-container elementor-column-gap-default\">\n\t\t\t\t\t<div class=\"elementor-column elementor-col-100 elementor-top-column elementor-element elementor-element-4e5f895\" data-id=\"4e5f895\" data-element_type=\"column\" data-e-type=\"column\">\n\t\t\t<div class=\"elementor-widget-wrap elementor-element-populated\">\n\t\t\t\t\t\t<div class=\"elementor-element elementor-element-af7056c elementor-widget elementor-widget-whitehall_about_us_v3\" data-id=\"af7056c\" data-element_type=\"widget\" data-e-type=\"widget\" data-widget_type=\"whitehall_about_us_v3.default\">\n\t\t\t\t<div class=\"elementor-widget-container\">\n\t\t\t\t\t        \n\t\t<!-- about-style-three -->\n        <section class=\"about-style-three\">\n            <div class=\"auto-container\">\n                <div class=\"row clearfix align-items-center\">\n                    <div class=\"col-lg-4 col-md-12 col-sm-12 content-column\">\n                        <div class=\"content_block_5\">\n                            <div class=\"content-box\">\n                                <div class=\"sec-title\">\n\t\t\t\t\t\t\t\t\t\t\t\t\t\t\t\t\t\t<h6><i class=\"flaticon-star\"><\/i><span>Welcome<\/span><\/h6>\n\t\t\t\t\t\t\t\t\t\t\t\t\t\t\t\t\t\t\n                                    \t\t\t\t\t\t\t\t\t<h2>To the ELVIS library <\/h2>\n                                    <div class=\"title-shape\"><\/div>\n\t\t\t\t\t\t\t\t\t                                <\/div>\n                                <div class=\"text\">\n\t\t\t\t\t\t\t\t\t<h4>This is a virtual library<\/h4>\n\t\t\t\t\t\t\t\t\t<p>For anyone who cannot read normal printed text. ELVIS is developed and managed by the Lithuanian Library for the Blind (LAB) and is actively used by a growing number of public and school libraries in the country. ELVIS is linked to the national LIBIS platform and to the international platform for accessible publications ABC (Accessible Books Consortium).\n\n<p>\n<a href=\"https:\/\/optometrininkuasociacija.lt\/wp-content\/uploads\/2022\/09\/elvis-pazyma-galutine-05-31-1.docx\">NOTE on recommended access to the ELVIS virtual library<\/a><\/p><\/p>\n\n\t\t\t\t\t\t\t\t\t\t\t\t\t\t\t\t\t\t<ul class=\"list clearfix\">\n\t\t\t\t\t\t\t\t\t\t\t\t\t\t\t\t\t\t\t\t<li><i class=\"flaticon-bird\"><\/i><\/li>\n\t\t\t\t\t\t\t\t\t\t\t\t\t\t\t\t\t\t\t\t<li><i class=\"flaticon-bird\"><\/i>About ELVIS | ELVIS   <a href=\"https:\/\/elvislab.lt\/\">www.elvislab.lt<\/a><\/li>\n\t\t\t\t\t\t\t\t\t\t\t\t\t\t\t\t\t\t\t<\/ul>\n\t\t\t\t\t\t\t\t\t                                <\/div>\n                            <\/div>\n                        <\/div>\n                    <\/div>\n                    <div class=\"col-lg-4 col-md-6 col-sm-12 image-column\">\n                        <figure class=\"image-box\"><img decoding=\"async\" src=\"https:\/\/optometrininkuasociacija.lt\/wp-content\/uploads\/2022\/07\/elvis.jpg\" alt=\"Awesome Image\"><\/figure>\n                    <\/div>\n                    <div class=\"col-lg-4 col-md-6 col-sm-12 inner-column\">\n\t\t\t\t\t\t                        <div class=\"feature-block-one\">\n                            <div class=\"inner-box\">\n                                <figure class=\"image\"><img decoding=\"async\" src=\"https:\/\/optometrininkuasociacija.lt\/wp-content\/uploads\/2022\/07\/elvis1.jpg\" alt=\"Awesome Image\"><\/figure>\n                                <div class=\"text\">\n                                    <h4>Who is it for? <\/h4>\n\t\t\t\t\t\t\t\t\t\n\t\t\t\t\t\t\t\t\t                                    <a href=\"https:\/\/elvislab.lt\"><i class=\"flaticon-right-arrow\"><\/i><\/a>\n\t\t\t\t\t\t\t\t\t                                <\/div>\n                                <div class=\"overlay-content\">\n                                    <h4>Who is it for? <\/h4>\n                                    <p>For anyone who cannot read normal printed text.<\/p>\n                                <\/div>\n                            <\/div>\n                        <\/div>\n                                                <div class=\"feature-block-one\">\n                            <div class=\"inner-box\">\n                                <figure class=\"image\"><img decoding=\"async\" src=\"https:\/\/optometrininkuasociacija.lt\/wp-content\/uploads\/2022\/07\/elvis_loa-staciak-vizualas-scaled.jpg\" alt=\"Awesome Image\"><\/figure>\n                                <div class=\"text\">\n                                    <h4>Who administers? <\/h4>\n\t\t\t\t\t\t\t\t\t\n\t\t\t\t\t\t\t\t\t                                    <a href=\"https:\/\/elvislab.lt\"><i class=\"flaticon-right-arrow\"><\/i><\/a>\n\t\t\t\t\t\t\t\t\t                                <\/div>\n                                <div class=\"overlay-content\">\n                                    <h4>Who administers? <\/h4>\n                                    <p>The ELVIS virtual library is developed and managed by the Lithuanian Library of the Blind (LAB). <\/p>\n                                <\/div>\n                            <\/div>\n                        <\/div>\n                                            <\/div>\n                <\/div>\n            <\/div>\n        <\/section>\n        <!-- about-style-three end -->\n\n        \t\t\t\t<\/div>\n\t\t\t\t<\/div>\n\t\t\t\t\t<\/div>\n\t\t<\/div>\n\t\t\t\t\t<\/div>\n\t\t<\/section>\n\t\t\t\t<\/div>","protected":false},"excerpt":{"rendered":"<p>Sveiki atvyk\u0119 \u012e ELVIS bibliotek\u0105 Tai virtuali biblioteka Skirta visiems, negalintiems skaityti \u012fprasto spausdinto teksto. Virtuali\u0105 bibliotek\u0105 ELVIS suk\u016br\u0117 ir administruoja Lietuvos akl\u0173j\u0173 biblioteka (LAB), o jos i\u0161tekliais aktyviai naudojasi [&hellip;]<\/p>\n","protected":false},"author":3,"featured_media":0,"parent":0,"menu_order":0,"comment_status":"closed","ping_status":"closed","template":"tpl-default-elementor.php","meta":{"_EventAllDay":false,"_EventTimezone":"","_EventStartDate":"","_EventEndDate":"","_EventStartDateUTC":"","_EventEndDateUTC":"","_EventShowMap":false,"_EventShowMapLink":false,"_EventURL":"","_EventCost":"","_EventCostDescription":"","_EventCurrencySymbol":"","_EventCurrencyCode":"","_EventCurrencyPosition":"","_EventDateTimeSeparator":"","_EventTimeRangeSeparator":"","_EventOrganizerID":[],"_EventVenueID":[],"_OrganizerEmail":"","_OrganizerPhone":"","_OrganizerWebsite":"","_VenueAddress":"","_VenueCity":"","_VenueCountry":"","_VenueProvince":"","_VenueState":"","_VenueZip":"","_VenuePhone":"","_VenueURL":"","_VenueStateProvince":"","_VenueLat":"","_VenueLng":"","_VenueShowMap":false,"_VenueShowMapLink":false,"footnotes":""},"class_list":["post-1344","page","type-page","status-publish","hentry"],"yoast_head":"<!-- This site is optimized with the Yoast SEO plugin v27.2 - https:\/\/yoast.com\/product\/yoast-seo-wordpress\/ -->\n<title>Virtuali biblioteka Elvis<\/title>\n<meta name=\"robots\" content=\"index, follow, max-snippet:-1, max-image-preview:large, max-video-preview:-1\" \/>\n<link rel=\"canonical\" href=\"https:\/\/optometrininkuasociacija.lt\/en\/virtuali-biblioteka-elvis\/\" \/>\n<meta property=\"og:locale\" content=\"en_GB\" \/>\n<meta property=\"og:type\" content=\"article\" \/>\n<meta property=\"og:title\" content=\"Virtuali biblioteka Elvis\" \/>\n<meta property=\"og:description\" content=\"Sveiki atvyk\u0119 \u012e ELVIS bibliotek\u0105 Tai virtuali biblioteka Skirta visiems, negalintiems skaityti \u012fprasto spausdinto teksto. Virtuali\u0105 bibliotek\u0105 ELVIS suk\u016br\u0117 ir administruoja Lietuvos akl\u0173j\u0173 biblioteka (LAB), o jos i\u0161tekliais aktyviai naudojasi [&hellip;]\" \/>\n<meta property=\"og:url\" content=\"https:\/\/optometrininkuasociacija.lt\/en\/virtuali-biblioteka-elvis\/\" \/>\n<meta property=\"article:modified_time\" content=\"2022-09-09T16:46:31+00:00\" \/>\n<meta property=\"og:image\" content=\"https:\/\/optometrininkuasociacija.lt\/wp-content\/uploads\/2022\/07\/elvis.jpg\" \/>\n<meta name=\"twitter:card\" content=\"summary_large_image\" \/>\n<meta name=\"twitter:label1\" content=\"Estimated reading time\" \/>\n\t<meta name=\"twitter:data1\" content=\"2 minutes\" \/>\n<script type=\"application\/ld+json\" class=\"yoast-schema-graph\">{\"@context\":\"https:\/\/schema.org\",\"@graph\":[{\"@type\":\"WebPage\",\"@id\":\"https:\/\/optometrininkuasociacija.lt\/virtuali-biblioteka-elvis\/\",\"url\":\"https:\/\/optometrininkuasociacija.lt\/virtuali-biblioteka-elvis\/\",\"name\":\"Virtuali biblioteka Elvis\",\"isPartOf\":{\"@id\":\"https:\/\/optometrininkuasociacija.lt\/#website\"},\"primaryImageOfPage\":{\"@id\":\"https:\/\/optometrininkuasociacija.lt\/virtuali-biblioteka-elvis\/#primaryimage\"},\"image\":{\"@id\":\"https:\/\/optometrininkuasociacija.lt\/virtuali-biblioteka-elvis\/#primaryimage\"},\"thumbnailUrl\":\"https:\/\/optometrininkuasociacija.lt\/wp-content\/uploads\/2022\/07\/elvis.jpg\",\"datePublished\":\"2022-06-15T09:51:20+00:00\",\"dateModified\":\"2022-09-09T16:46:31+00:00\",\"breadcrumb\":{\"@id\":\"https:\/\/optometrininkuasociacija.lt\/virtuali-biblioteka-elvis\/#breadcrumb\"},\"inLanguage\":\"en-GB\",\"potentialAction\":[{\"@type\":\"ReadAction\",\"target\":[\"https:\/\/optometrininkuasociacija.lt\/virtuali-biblioteka-elvis\/\"]}]},{\"@type\":\"ImageObject\",\"inLanguage\":\"en-GB\",\"@id\":\"https:\/\/optometrininkuasociacija.lt\/virtuali-biblioteka-elvis\/#primaryimage\",\"url\":\"https:\/\/optometrininkuasociacija.lt\/wp-content\/uploads\/2022\/07\/elvis.jpg\",\"contentUrl\":\"https:\/\/optometrininkuasociacija.lt\/wp-content\/uploads\/2022\/07\/elvis.jpg\"},{\"@type\":\"BreadcrumbList\",\"@id\":\"https:\/\/optometrininkuasociacija.lt\/virtuali-biblioteka-elvis\/#breadcrumb\",\"itemListElement\":[{\"@type\":\"ListItem\",\"position\":1,\"name\":\"Home\",\"item\":\"https:\/\/optometrininkuasociacija.lt\/\"},{\"@type\":\"ListItem\",\"position\":2,\"name\":\"Virtuali biblioteka Elvis\"}]},{\"@type\":\"WebSite\",\"@id\":\"https:\/\/optometrininkuasociacija.lt\/#website\",\"url\":\"https:\/\/optometrininkuasociacija.lt\/\",\"name\":\"\",\"description\":\"\",\"potentialAction\":[{\"@type\":\"SearchAction\",\"target\":{\"@type\":\"EntryPoint\",\"urlTemplate\":\"https:\/\/optometrininkuasociacija.lt\/?s={search_term_string}\"},\"query-input\":{\"@type\":\"PropertyValueSpecification\",\"valueRequired\":true,\"valueName\":\"search_term_string\"}}],\"inLanguage\":\"en-GB\"}]}<\/script>\n<!-- \/ Yoast SEO plugin. -->","yoast_head_json":{"title":"Elvis Virtual Library","robots":{"index":"index","follow":"follow","max-snippet":"max-snippet:-1","max-image-preview":"max-image-preview:large","max-video-preview":"max-video-preview:-1"},"canonical":"https:\/\/optometrininkuasociacija.lt\/en\/virtuali-biblioteka-elvis\/","og_locale":"en_GB","og_type":"article","og_title":"Virtuali biblioteka Elvis","og_description":"Sveiki atvyk\u0119 \u012e ELVIS bibliotek\u0105 Tai virtuali biblioteka Skirta visiems, negalintiems skaityti \u012fprasto spausdinto teksto. Virtuali\u0105 bibliotek\u0105 ELVIS suk\u016br\u0117 ir administruoja Lietuvos akl\u0173j\u0173 biblioteka (LAB), o jos i\u0161tekliais aktyviai naudojasi [&hellip;]","og_url":"https:\/\/optometrininkuasociacija.lt\/en\/virtuali-biblioteka-elvis\/","article_modified_time":"2022-09-09T16:46:31+00:00","og_image":[{"url":"https:\/\/optometrininkuasociacija.lt\/wp-content\/uploads\/2022\/07\/elvis.jpg","type":"","width":"","height":""}],"twitter_card":"summary_large_image","twitter_misc":{"Estimated reading time":"2 minutes"},"schema":{"@context":"https:\/\/schema.org","@graph":[{"@type":"WebPage","@id":"https:\/\/optometrininkuasociacija.lt\/virtuali-biblioteka-elvis\/","url":"https:\/\/optometrininkuasociacija.lt\/virtuali-biblioteka-elvis\/","name":"Elvis Virtual Library","isPartOf":{"@id":"https:\/\/optometrininkuasociacija.lt\/#website"},"primaryImageOfPage":{"@id":"https:\/\/optometrininkuasociacija.lt\/virtuali-biblioteka-elvis\/#primaryimage"},"image":{"@id":"https:\/\/optometrininkuasociacija.lt\/virtuali-biblioteka-elvis\/#primaryimage"},"thumbnailUrl":"https:\/\/optometrininkuasociacija.lt\/wp-content\/uploads\/2022\/07\/elvis.jpg","datePublished":"2022-06-15T09:51:20+00:00","dateModified":"2022-09-09T16:46:31+00:00","breadcrumb":{"@id":"https:\/\/optometrininkuasociacija.lt\/virtuali-biblioteka-elvis\/#breadcrumb"},"inLanguage":"en-GB","potentialAction":[{"@type":"ReadAction","target":["https:\/\/optometrininkuasociacija.lt\/virtuali-biblioteka-elvis\/"]}]},{"@type":"ImageObject","inLanguage":"en-GB","@id":"https:\/\/optometrininkuasociacija.lt\/virtuali-biblioteka-elvis\/#primaryimage","url":"https:\/\/optometrininkuasociacija.lt\/wp-content\/uploads\/2022\/07\/elvis.jpg","contentUrl":"https:\/\/optometrininkuasociacija.lt\/wp-content\/uploads\/2022\/07\/elvis.jpg"},{"@type":"BreadcrumbList","@id":"https:\/\/optometrininkuasociacija.lt\/virtuali-biblioteka-elvis\/#breadcrumb","itemListElement":[{"@type":"ListItem","position":1,"name":"Home","item":"https:\/\/optometrininkuasociacija.lt\/"},{"@type":"ListItem","position":2,"name":"Virtuali biblioteka Elvis"}]},{"@type":"WebSite","@id":"https:\/\/optometrininkuasociacija.lt\/#website","url":"https:\/\/optometrininkuasociacija.lt\/","name":"","description":"","potentialAction":[{"@type":"SearchAction","target":{"@type":"EntryPoint","urlTemplate":"https:\/\/optometrininkuasociacija.lt\/?s={search_term_string}"},"query-input":{"@type":"PropertyValueSpecification","valueRequired":true,"valueName":"search_term_string"}}],"inLanguage":"en-GB"}]}},"_links":{"self":[{"href":"https:\/\/optometrininkuasociacija.lt\/en\/wp-json\/wp\/v2\/pages\/1344","targetHints":{"allow":["GET"]}}],"collection":[{"href":"https:\/\/optometrininkuasociacija.lt\/en\/wp-json\/wp\/v2\/pages"}],"about":[{"href":"https:\/\/optometrininkuasociacija.lt\/en\/wp-json\/wp\/v2\/types\/page"}],"author":[{"embeddable":true,"href":"https:\/\/optometrininkuasociacija.lt\/en\/wp-json\/wp\/v2\/users\/3"}],"replies":[{"embeddable":true,"href":"https:\/\/optometrininkuasociacija.lt\/en\/wp-json\/wp\/v2\/comments?post=1344"}],"version-history":[{"count":72,"href":"https:\/\/optometrininkuasociacija.lt\/en\/wp-json\/wp\/v2\/pages\/1344\/revisions"}],"predecessor-version":[{"id":3707,"href":"https:\/\/optometrininkuasociacija.lt\/en\/wp-json\/wp\/v2\/pages\/1344\/revisions\/3707"}],"wp:attachment":[{"href":"https:\/\/optometrininkuasociacija.lt\/en\/wp-json\/wp\/v2\/media?parent=1344"}],"curies":[{"name":"wp","href":"https:\/\/api.w.org\/{rel}","templated":true}]}}