{"id":2097,"date":"2022-07-08T09:10:26","date_gmt":"2022-07-08T09:10:26","guid":{"rendered":"https:\/\/optometrininkuasociacija.lt\/?page_id=2097"},"modified":"2022-07-28T15:32:04","modified_gmt":"2022-07-28T15:32:04","slug":"kvalifikacijos-tobulinimas","status":"publish","type":"page","link":"https:\/\/optometrininkuasociacija.lt\/en\/kvalifikacijos-tobulinimas\/","title":{"rendered":"Upgrading your qualifications"},"content":{"rendered":"<div data-elementor-type=\"wp-page\" data-elementor-id=\"2097\" class=\"elementor elementor-2097\">\n\t\t\t\t\t\t<section class=\"elementor-section elementor-top-section elementor-element elementor-element-3a3610b elementor-section-full_width elementor-section-height-default elementor-section-height-default\" data-id=\"3a3610b\" data-element_type=\"section\" data-e-type=\"section\">\n\t\t\t\t\t\t<div class=\"elementor-container elementor-column-gap-default\">\n\t\t\t\t\t<div class=\"elementor-column elementor-col-100 elementor-top-column elementor-element elementor-element-067cf25\" data-id=\"067cf25\" data-element_type=\"column\" data-e-type=\"column\">\n\t\t\t<div class=\"elementor-widget-wrap elementor-element-populated\">\n\t\t\t\t\t\t<div class=\"elementor-element elementor-element-62f5652 elementor-widget elementor-widget-whitehall_about_services\" data-id=\"62f5652\" data-element_type=\"widget\" data-e-type=\"widget\" data-widget_type=\"whitehall_about_services.default\">\n\t\t\t\t<div class=\"elementor-widget-container\">\n\t\t\t\t\t        \n        <!-- about-style-four -->\n        <section class=\"about-style-four sec-pad\">\n            <div class=\"auto-container\">\n                <div class=\"row clearfix\">\n                    <div class=\"col-lg-6 col-md-12 col-sm-12 content-column\">\n                        <div class=\"content_block_6\">\n                            <div class=\"content-box\">\n                                <div class=\"sec-title\">\n\t\t\t\t\t\t\t\t\t\t\t\t\t\t\t\t\t\t<h6><i class=\"flaticon-star\"><\/i><span>LAO MEMBERSHIP <\/span><\/h6>\n\t\t\t\t\t\t\t\t\t\t\t\t\t\t\t\t\t\t\n                                    \t\t\t\t\t\t\t\t\t<h2>\nWhy join the Lithuanian Optometric Association?<\/h2>\n                                    <div class=\"title-shape\"><\/div>\n\t\t\t\t\t\t\t\t\t                                <\/div>\n                                <div class=\"text\">\n                                    <p>Membership in the association gives members the opportunity to participate in the organisation's activities and events, to receive up-to-date professional information and to contribute to the development of optometric traditions in Lithuania. \n\n <\/p>\n                                <\/div>\n                                <div class=\"inner-box clearfix\">\n                                    <div class=\"left-column pull-left\">\n\t\t\t\t\t\t\t\t\t\t                                        <div class=\"single-item\">\n                                            <div class=\"icon-box\"><i class=\"flaticon-double-tick-indicator\"><\/i><\/div>\n                                            <h6>WHO CAN <\/h6>\n                                            <h4>Become a member<\/h4>\n                                        <\/div>\n                                                                                <div class=\"single-item\">\n                                            <div class=\"icon-box\"><i class=\"flaticon-double-tick-indicator\"><\/i><\/div>\n                                            <h6>Where to apply <\/h6>\n                                            <h4>To become a member<\/h4>\n                                        <\/div>\n                                                                            <\/div>\n                                    <div class=\"right-column pull-right\">\n\t\t\t\t\t\t\t\t\t\t                                        <div class=\"text\">\n                                            <p>Membership is open to persons who are qualified or studying to become an optometrist.\n\nMembers must pay a one-off joining fee of \u20ac50 and an annual membership fee of \u20ac30.<\/p>\n                                        <\/div>\n                                                                                <div class=\"text\">\n                                            <p>\nIf you wish to become a member of the Lithuanian Association of Optometrists, please submit a written application to the Association's e-mail address:\n\noptometrininkuasociacija@gmail.com\n\n+370 686 84452<\/p>\n                                        <\/div>\n                                                                            <\/div>\n                                <\/div>\n\t\t\t\t\t\t\t\t\n\t\t\t\t\t\t\t\t                                <div class=\"btn-box\">\n                                    <a href=\"#\">Read More<\/a>\n                                <\/div>\n\t\t\t\t\t\t\t\t                            <\/div>\n                        <\/div>\n                    <\/div>\n                    <div class=\"col-lg-6 col-md-12 col-sm-12 content-column\">\n                        <div class=\"content_block_7\">\n                            <div class=\"content-box\">\n                                <div class=\"left-column\">\n                                    <div class=\"inner centred\">\n                                        <div class=\"icon-box\"><i class=\"fa fa-eye\"><\/i><\/div>\n                                        <h6>Service for<\/h6>\n                                        <h4>The City Residents<\/h4>\n                                    <\/div>\n\t\t\t\t\t\t\t\t\t\n\t\t\t\t\t\t\t\t\t                                    <ul class=\"list clearfix\">\n                                        \t\t\t\t\t\t\t\t\t\t<li>Healthcare<\/li>\n\t\t\t\t\t\t\t\t\t\t\t\t\t\t\t\t\t\t\t\t<li>Animal &amp; Pet Services<\/li>\n\t\t\t\t\t\t\t\t\t\t\t\t\t\t\t\t\t\t\t\t<li>Education<\/li>\n\t\t\t\t\t\t\t\t\t\t\t\t\t\t\t\t\t\t\t\t<li>Public Utilities<\/li>\n\t\t\t\t\t\t\t\t\t\t\t\t\t\t\t\t\t\t\t\t<li>Business<\/li>\n\t\t\t\t\t\t\t\t\t\t                                    <\/ul>\n\t\t\t\t\t\t\t\t\t                                <\/div>\n                                <div class=\"right-column\">\n                                    <figure class=\"image-box\">\n                                        <img decoding=\"async\" src=\"https:\/\/optometrininkuasociacija.lt\/wp-content\/uploads\/2021\/05\/about-3.jpg\" alt=\"Awesome Image\">\n\t\t\t\t\t\t\t\t\t\t\n\t\t\t\t\t\t\t\t\t\t                                        <a href=\"#\"><i class=\"fal fa-angle-left\"><\/i><\/a>\n\t\t\t\t\t\t\t\t\t\t                                    <\/figure>\n                                    <div class=\"inner centred\">\n                                        <div class=\"icon-box\"><i class=\"icon flaticon-tourist\"><\/i><\/div>\n                                        <h6>Service for<\/h6>\n                                        <h4>The City Visitors<\/h4>\n                                    <\/div>\n                                <\/div>\n                            <\/div>\n                        <\/div>\n                    <\/div>\n                <\/div>\n            <\/div>\n        <\/section>\n        <!-- about-style-four end -->\n\n        \t\t\t\t<\/div>\n\t\t\t\t<\/div>\n\t\t\t\t\t<\/div>\n\t\t<\/div>\n\t\t\t\t\t<\/div>\n\t\t<\/section>\n\t\t\t\t<section class=\"elementor-section elementor-top-section elementor-element elementor-element-800c8b3 elementor-section-full_width elementor-section-height-default elementor-section-height-default\" data-id=\"800c8b3\" data-element_type=\"section\" data-e-type=\"section\">\n\t\t\t\t\t\t<div class=\"elementor-container elementor-column-gap-default\">\n\t\t\t\t\t<div class=\"elementor-column elementor-col-100 elementor-top-column elementor-element elementor-element-54c32a1\" data-id=\"54c32a1\" data-element_type=\"column\" data-e-type=\"column\">\n\t\t\t<div class=\"elementor-widget-wrap elementor-element-populated\">\n\t\t\t\t\t\t\t<\/div>\n\t\t<\/div>\n\t\t\t\t\t<\/div>\n\t\t<\/section>\n\t\t\t\t<section class=\"elementor-section elementor-top-section elementor-element elementor-element-8ea54a3 elementor-section-full_width elementor-section-height-default elementor-section-height-default\" data-id=\"8ea54a3\" data-element_type=\"section\" data-e-type=\"section\">\n\t\t\t\t\t\t<div class=\"elementor-container elementor-column-gap-default\">\n\t\t\t\t\t<div class=\"elementor-column elementor-col-100 elementor-top-column elementor-element elementor-element-63b81f2\" data-id=\"63b81f2\" data-element_type=\"column\" data-e-type=\"column\">\n\t\t\t<div class=\"elementor-widget-wrap elementor-element-populated\">\n\t\t\t\t\t\t<div class=\"elementor-element elementor-element-f7fef21 elementor-widget elementor-widget-whitehall_online_services\" data-id=\"f7fef21\" data-element_type=\"widget\" data-e-type=\"widget\" data-widget_type=\"whitehall_online_services.default\">\n\t\t\t\t<div class=\"elementor-widget-container\">\n\t\t\t\t\t        \n\t\t\n\t\t<!-- solutions-section -->\n        <section class=\"solutions-section alternat-2\">\n            <div class=\"auto-container\">\n                <div class=\"sec-title centred light\">\n\t\t\t\t\t\t\t\t\t\t<h6><i class=\"flaticon-star\"><\/i><span>Online Services<\/span><i class=\"flaticon-star\"><\/i><\/h6>\n\t\t\t\t\t\t\t\t\t\t\n\t\t\t\t\t\t\t\t\t\t<h2>Instant Solutions For All<\/h2>\n\t\t\t\t\t<div class=\"title-shape\"><\/div>\n\t\t\t\t\t                <\/div>\n                <div class=\"inner-container mr-0\">\n                    <div class=\"upper-box clearfix\">\n\t\t\t\t\t\t                        <div class=\"solution-block-one\">\n                            <div class=\"inner-box\">\n                                <div class=\"icon-box\"><i class=\"icon flaticon-click\"><\/i><\/div>\n                                <h4>Taxes &amp; Bills<\/h4>\n                                <p>Residential &amp; Non-residential<\/p>\n                            <\/div>\n                        <\/div>\n\t\t\t\t\t\t                        <div class=\"solution-block-one\">\n                            <div class=\"inner-box\">\n                                <div class=\"icon-box\"><i class=\"icon flaticon-click\"><\/i><\/div>\n                                <h4>Building Sanction<\/h4>\n                                <p>Procedure for building permission<\/p>\n                            <\/div>\n                        <\/div>\n\t\t\t\t\t\t                        <div class=\"solution-block-one\">\n                            <div class=\"inner-box\">\n                                <div class=\"icon-box\"><i class=\"icon flaticon-click\"><\/i><\/div>\n                                <h4>Commencement<\/h4>\n                                <p>Every pain get avoided in certain<\/p>\n                            <\/div>\n                        <\/div>\n\t\t\t\t\t\t                        <div class=\"solution-block-one\">\n                            <div class=\"inner-box\">\n                                <div class=\"icon-box\"><i class=\"icon flaticon-click\"><\/i><\/div>\n                                <h4>Vendor Registration<\/h4>\n                                <p>Start your business with register<\/p>\n                            <\/div>\n                        <\/div>\n\t\t\t\t\t\t                        <div class=\"solution-block-one\">\n                            <div class=\"inner-box\">\n                                <div class=\"icon-box\"><i class=\"icon flaticon-click\"><\/i><\/div>\n                                <h4>Birth Certificate<\/h4>\n                                <p>Apply &amp; Track birth registration<\/p>\n                            <\/div>\n                        <\/div>\n\t\t\t\t\t\t                        <div class=\"solution-block-one\">\n                            <div class=\"inner-box\">\n                                <div class=\"icon-box\"><i class=\"icon flaticon-click\"><\/i><\/div>\n                                <h4>Fire NIGHT<\/h4>\n                                <p>Login or Register to get NOC<\/p>\n                            <\/div>\n                        <\/div>\n\t\t\t\t\t\t                        <div class=\"solution-block-one\">\n                            <div class=\"inner-box\">\n                                <div class=\"icon-box\"><i class=\"icon flaticon-click\"><\/i><\/div>\n                                <h4>Taxis &amp; Private<\/h4>\n                                <p>Information about registration ...<\/p>\n                            <\/div>\n                        <\/div>\n\t\t\t\t\t\t                        <div class=\"solution-block-one\">\n                            <div class=\"inner-box\">\n                                <div class=\"icon-box\"><i class=\"icon flaticon-click\"><\/i><\/div>\n                                <h4>Death Certificate<\/h4>\n                                <p>Apply &amp; Track death registration<\/p>\n                            <\/div>\n                        <\/div>\n\t\t\t\t\t\t                        <div class=\"solution-block-one\">\n                            <div class=\"inner-box\">\n                                <div class=\"icon-box\"><i class=\"icon flaticon-click\"><\/i><\/div>\n                                <h4>Raise Complaints<\/h4>\n                                <p>File grievances against department<\/p>\n                            <\/div>\n                        <\/div>\n\t\t\t\t\t\t                    <\/div>\n                    <div class=\"lower-box clearfix\">\n                        <div class=\"bg-layer\" style=\"background-image: url(https:\/\/optometrininkuasociacija.lt\/wp-content\/uploads\/2021\/05\/bg-1.jpg);\"><\/div>\n                        <div class=\"text pull-left\">\n                                                        <div class=\"icon-box\"><i class=\"icon flaticon-idea\"><\/i><\/div>\n\t\t\t\t\t\t\t                            <h3>Share Your Ideas to Help Our City's Future.<\/h3>\n                            <p>We all have different interests, needs and hopes for our city future. What do you think?<\/p>\n                        <\/div>\n\t\t\t\t\t\t\n\t\t\t\t\t\t                        <div class=\"btn-box pull-right\">\n                            <a href=\"#\" class=\"theme-btn\">Share your Say<\/a>\n                        <\/div>\n\t\t\t\t\t\t                    <\/div>\n                <\/div>\n            <\/div>\n        <\/section>\n        <!-- solutions-section end -->\n\t\t\n        \t\t\t\t<\/div>\n\t\t\t\t<\/div>\n\t\t\t\t\t<\/div>\n\t\t<\/div>\n\t\t\t\t\t<\/div>\n\t\t<\/section>\n\t\t\t\t<\/div>","protected":false},"excerpt":{"rendered":"<p>LAO NARYST\u0116 Kod\u0117l verta tapti Lietuvos optometrinink\u0173 asociacijos nariu? Naryst\u0117 asociacijoje suteikia galimyb\u0119 nariams dalyvauti organizacijos veikloje, jos organizuojamuose renginiuose, gauti naujausi\u0105 profesin\u0119 informacij\u0105 ir prisid\u0117ti pl\u0117tojant optometrijos tradicijas Lietuvoje. [&hellip;]<\/p>\n","protected":false},"author":3,"featured_media":0,"parent":0,"menu_order":0,"comment_status":"closed","ping_status":"closed","template":"tpl-default-elementor.php","meta":{"_EventAllDay":false,"_EventTimezone":"","_EventStartDate":"","_EventEndDate":"","_EventStartDateUTC":"","_EventEndDateUTC":"","_EventShowMap":false,"_EventShowMapLink":false,"_EventURL":"","_EventCost":"","_EventCostDescription":"","_EventCurrencySymbol":"","_EventCurrencyCode":"","_EventCurrencyPosition":"","_EventDateTimeSeparator":"","_EventTimeRangeSeparator":"","_EventOrganizerID":[],"_EventVenueID":[],"_OrganizerEmail":"","_OrganizerPhone":"","_OrganizerWebsite":"","_VenueAddress":"","_VenueCity":"","_VenueCountry":"","_VenueProvince":"","_VenueState":"","_VenueZip":"","_VenuePhone":"","_VenueURL":"","_VenueStateProvince":"","_VenueLat":"","_VenueLng":"","_VenueShowMap":false,"_VenueShowMapLink":false,"footnotes":""},"class_list":["post-2097","page","type-page","status-publish","hentry"],"yoast_head":"<!-- This site is optimized with the Yoast SEO plugin v27.2 - https:\/\/yoast.com\/product\/yoast-seo-wordpress\/ -->\n<title>Kvalifikacijos tobulinimas &#060;<\/title>\n<meta name=\"robots\" content=\"index, follow, max-snippet:-1, max-image-preview:large, max-video-preview:-1\" \/>\n<link rel=\"canonical\" href=\"https:\/\/optometrininkuasociacija.lt\/en\/kvalifikacijos-tobulinimas\/\" \/>\n<meta property=\"og:locale\" content=\"en_GB\" \/>\n<meta property=\"og:type\" content=\"article\" \/>\n<meta property=\"og:title\" content=\"Kvalifikacijos tobulinimas &#060;\" \/>\n<meta property=\"og:description\" content=\"LAO NARYST\u0116 Kod\u0117l verta tapti Lietuvos optometrinink\u0173 asociacijos nariu? Naryst\u0117 asociacijoje suteikia galimyb\u0119 nariams dalyvauti organizacijos veikloje, jos organizuojamuose renginiuose, gauti naujausi\u0105 profesin\u0119 informacij\u0105 ir prisid\u0117ti pl\u0117tojant optometrijos tradicijas Lietuvoje. [&hellip;]\" \/>\n<meta property=\"og:url\" content=\"https:\/\/optometrininkuasociacija.lt\/en\/kvalifikacijos-tobulinimas\/\" \/>\n<meta property=\"article:modified_time\" content=\"2022-07-28T15:32:04+00:00\" \/>\n<meta property=\"og:image\" content=\"https:\/\/optometrininkuasociacija.lt\/wp-content\/uploads\/2021\/05\/about-3.jpg\" \/>\n<meta name=\"twitter:card\" content=\"summary_large_image\" \/>\n<meta name=\"twitter:label1\" content=\"Estimated reading time\" \/>\n\t<meta name=\"twitter:data1\" content=\"3 minutes\" \/>\n<script type=\"application\/ld+json\" class=\"yoast-schema-graph\">{\"@context\":\"https:\/\/schema.org\",\"@graph\":[{\"@type\":\"WebPage\",\"@id\":\"https:\/\/optometrininkuasociacija.lt\/kvalifikacijos-tobulinimas\/\",\"url\":\"https:\/\/optometrininkuasociacija.lt\/kvalifikacijos-tobulinimas\/\",\"name\":\"Kvalifikacijos tobulinimas &#060;\",\"isPartOf\":{\"@id\":\"https:\/\/optometrininkuasociacija.lt\/#website\"},\"primaryImageOfPage\":{\"@id\":\"https:\/\/optometrininkuasociacija.lt\/kvalifikacijos-tobulinimas\/#primaryimage\"},\"image\":{\"@id\":\"https:\/\/optometrininkuasociacija.lt\/kvalifikacijos-tobulinimas\/#primaryimage\"},\"thumbnailUrl\":\"https:\/\/optometrininkuasociacija.lt\/wp-content\/uploads\/2021\/05\/about-3.jpg\",\"datePublished\":\"2022-07-08T09:10:26+00:00\",\"dateModified\":\"2022-07-28T15:32:04+00:00\",\"breadcrumb\":{\"@id\":\"https:\/\/optometrininkuasociacija.lt\/kvalifikacijos-tobulinimas\/#breadcrumb\"},\"inLanguage\":\"en-GB\",\"potentialAction\":[{\"@type\":\"ReadAction\",\"target\":[\"https:\/\/optometrininkuasociacija.lt\/kvalifikacijos-tobulinimas\/\"]}]},{\"@type\":\"ImageObject\",\"inLanguage\":\"en-GB\",\"@id\":\"https:\/\/optometrininkuasociacija.lt\/kvalifikacijos-tobulinimas\/#primaryimage\",\"url\":\"https:\/\/optometrininkuasociacija.lt\/wp-content\/uploads\/2021\/05\/about-3.jpg\",\"contentUrl\":\"https:\/\/optometrininkuasociacija.lt\/wp-content\/uploads\/2021\/05\/about-3.jpg\"},{\"@type\":\"BreadcrumbList\",\"@id\":\"https:\/\/optometrininkuasociacija.lt\/kvalifikacijos-tobulinimas\/#breadcrumb\",\"itemListElement\":[{\"@type\":\"ListItem\",\"position\":1,\"name\":\"Home\",\"item\":\"https:\/\/optometrininkuasociacija.lt\/\"},{\"@type\":\"ListItem\",\"position\":2,\"name\":\"Kvalifikacijos tobulinimas\"}]},{\"@type\":\"WebSite\",\"@id\":\"https:\/\/optometrininkuasociacija.lt\/#website\",\"url\":\"https:\/\/optometrininkuasociacija.lt\/\",\"name\":\"\",\"description\":\"\",\"potentialAction\":[{\"@type\":\"SearchAction\",\"target\":{\"@type\":\"EntryPoint\",\"urlTemplate\":\"https:\/\/optometrininkuasociacija.lt\/?s={search_term_string}\"},\"query-input\":{\"@type\":\"PropertyValueSpecification\",\"valueRequired\":true,\"valueName\":\"search_term_string\"}}],\"inLanguage\":\"en-GB\"}]}<\/script>\n<!-- \/ Yoast SEO plugin. -->","yoast_head_json":{"title":"Kvalifikacijos tobulinimas &#060;","robots":{"index":"index","follow":"follow","max-snippet":"max-snippet:-1","max-image-preview":"max-image-preview:large","max-video-preview":"max-video-preview:-1"},"canonical":"https:\/\/optometrininkuasociacija.lt\/en\/kvalifikacijos-tobulinimas\/","og_locale":"en_GB","og_type":"article","og_title":"Kvalifikacijos tobulinimas &#060;","og_description":"LAO NARYST\u0116 Kod\u0117l verta tapti Lietuvos optometrinink\u0173 asociacijos nariu? Naryst\u0117 asociacijoje suteikia galimyb\u0119 nariams dalyvauti organizacijos veikloje, jos organizuojamuose renginiuose, gauti naujausi\u0105 profesin\u0119 informacij\u0105 ir prisid\u0117ti pl\u0117tojant optometrijos tradicijas Lietuvoje. [&hellip;]","og_url":"https:\/\/optometrininkuasociacija.lt\/en\/kvalifikacijos-tobulinimas\/","article_modified_time":"2022-07-28T15:32:04+00:00","og_image":[{"url":"https:\/\/optometrininkuasociacija.lt\/wp-content\/uploads\/2021\/05\/about-3.jpg","type":"","width":"","height":""}],"twitter_card":"summary_large_image","twitter_misc":{"Estimated reading time":"3 minutes"},"schema":{"@context":"https:\/\/schema.org","@graph":[{"@type":"WebPage","@id":"https:\/\/optometrininkuasociacija.lt\/kvalifikacijos-tobulinimas\/","url":"https:\/\/optometrininkuasociacija.lt\/kvalifikacijos-tobulinimas\/","name":"Kvalifikacijos tobulinimas &#060;","isPartOf":{"@id":"https:\/\/optometrininkuasociacija.lt\/#website"},"primaryImageOfPage":{"@id":"https:\/\/optometrininkuasociacija.lt\/kvalifikacijos-tobulinimas\/#primaryimage"},"image":{"@id":"https:\/\/optometrininkuasociacija.lt\/kvalifikacijos-tobulinimas\/#primaryimage"},"thumbnailUrl":"https:\/\/optometrininkuasociacija.lt\/wp-content\/uploads\/2021\/05\/about-3.jpg","datePublished":"2022-07-08T09:10:26+00:00","dateModified":"2022-07-28T15:32:04+00:00","breadcrumb":{"@id":"https:\/\/optometrininkuasociacija.lt\/kvalifikacijos-tobulinimas\/#breadcrumb"},"inLanguage":"en-GB","potentialAction":[{"@type":"ReadAction","target":["https:\/\/optometrininkuasociacija.lt\/kvalifikacijos-tobulinimas\/"]}]},{"@type":"ImageObject","inLanguage":"en-GB","@id":"https:\/\/optometrininkuasociacija.lt\/kvalifikacijos-tobulinimas\/#primaryimage","url":"https:\/\/optometrininkuasociacija.lt\/wp-content\/uploads\/2021\/05\/about-3.jpg","contentUrl":"https:\/\/optometrininkuasociacija.lt\/wp-content\/uploads\/2021\/05\/about-3.jpg"},{"@type":"BreadcrumbList","@id":"https:\/\/optometrininkuasociacija.lt\/kvalifikacijos-tobulinimas\/#breadcrumb","itemListElement":[{"@type":"ListItem","position":1,"name":"Home","item":"https:\/\/optometrininkuasociacija.lt\/"},{"@type":"ListItem","position":2,"name":"Kvalifikacijos tobulinimas"}]},{"@type":"WebSite","@id":"https:\/\/optometrininkuasociacija.lt\/#website","url":"https:\/\/optometrininkuasociacija.lt\/","name":"","description":"","potentialAction":[{"@type":"SearchAction","target":{"@type":"EntryPoint","urlTemplate":"https:\/\/optometrininkuasociacija.lt\/?s={search_term_string}"},"query-input":{"@type":"PropertyValueSpecification","valueRequired":true,"valueName":"search_term_string"}}],"inLanguage":"en-GB"}]}},"_links":{"self":[{"href":"https:\/\/optometrininkuasociacija.lt\/en\/wp-json\/wp\/v2\/pages\/2097","targetHints":{"allow":["GET"]}}],"collection":[{"href":"https:\/\/optometrininkuasociacija.lt\/en\/wp-json\/wp\/v2\/pages"}],"about":[{"href":"https:\/\/optometrininkuasociacija.lt\/en\/wp-json\/wp\/v2\/types\/page"}],"author":[{"embeddable":true,"href":"https:\/\/optometrininkuasociacija.lt\/en\/wp-json\/wp\/v2\/users\/3"}],"replies":[{"embeddable":true,"href":"https:\/\/optometrininkuasociacija.lt\/en\/wp-json\/wp\/v2\/comments?post=2097"}],"version-history":[{"count":8,"href":"https:\/\/optometrininkuasociacija.lt\/en\/wp-json\/wp\/v2\/pages\/2097\/revisions"}],"predecessor-version":[{"id":2650,"href":"https:\/\/optometrininkuasociacija.lt\/en\/wp-json\/wp\/v2\/pages\/2097\/revisions\/2650"}],"wp:attachment":[{"href":"https:\/\/optometrininkuasociacija.lt\/en\/wp-json\/wp\/v2\/media?parent=2097"}],"curies":[{"name":"wp","href":"https:\/\/api.w.org\/{rel}","templated":true}]}}