{"id":2950,"date":"2022-07-30T13:39:00","date_gmt":"2022-07-30T13:39:00","guid":{"rendered":"https:\/\/optometrininkuasociacija.lt\/?page_id=2950"},"modified":"2022-07-30T13:42:48","modified_gmt":"2022-07-30T13:42:48","slug":"viesi-asociacijos-dokumentai","status":"publish","type":"page","link":"https:\/\/optometrininkuasociacija.lt\/en\/viesi-asociacijos-dokumentai\/","title":{"rendered":"PUBLIC DOCUMENTS OF THE ASSOCIATION"},"content":{"rendered":"<h4 class=\"wp-block-heading\">CERTIFICATE OF RECOMMENDED ACCESS TO THE VIRTUAL LIBRARY ELVIS<\/h4>\n\n\n\n<p><\/p>\n\n\n\n<p><strong>IMPORTANT:<\/strong>\u00a0The form of the certificate is approved by agreement between the LOA and the LAB and cannot be changed in content or form.<\/p>\n\n\n\n<p><a href=\"\/wp-content\/uploads\/2022\/07\/elvis-pazyma-galutine-05-31.docx\">elvis-pazyma-final-05-31.docx<\/a><\/p>\n\n\n\n<p>REPORT BY THE PRESIDENT OF THE ASSOCIATION V. KA\u010cERGIEN\u0116 TO THE EXPERTS OF THE CENTRE FOR QUALITY ASSESSMENT OF STUDIES (CQAS) EVALUATING THE NEW BACHELOR'S DEGREE PROGRAMME IN OPTOMETRY AT THE VU MF<\/p>\n\n\n\n<p><a href=\"\/wp-content\/uploads\/2022\/07\/optometrija-loa_2021_01_18.pdf\">Report<\/a><\/p>\n\n\n\n<p>METHODOLOGICAL GUIDELINES DEVELOPED BY THE LITHUANIAN OPTOMETRIC ASSOCIATION<\/p>\n\n\n\n<p><a href=\"\/wp-content\/uploads\/2022\/07\/galutinis_subjektyviosios-refrakcijos-tyrimo-metod.-rekom.-.pdf\">Methodological guidelines for subjective refraction and accommodative function tests *<\/a><\/p>\n\n\n\n<p>* Information published on the Ministry of Health website<\/p>\n\n\n\n<p>OPTOMETRIC EXAMINATION REFERENCE CARD<\/p>\n\n\n\n<p>1.\u00a0<a href=\"\/wp-content\/uploads\/2022\/07\/pranesimas-del-optometrines-apziuros-korteles-formos-1.pdf\">Report<\/a><\/p>\n\n\n\n<p><a href=\"\/wp-content\/uploads\/2022\/07\/pristatymas_optometrines-apziuros-kortele.pdf\">2. Presentation to the Association's Members' Meeting<\/a><\/p>\n\n\n\n<p><a href=\"\/wp-content\/uploads\/2022\/07\/rekomendacine-optometrines-apziuros-kortele_minimizuota_a5.pdf\">3. Optometric Examination Recommendation Card<\/a><\/p>","protected":false},"excerpt":{"rendered":"<p>PA\u017dYMA D\u0116L REKOMENDUOJAMOS VIRTUALIOS BIBLIOTEKOS ELVIS PRIEIGOS SVARBU:\u00a0Pa\u017eymos forma yra patvirtinta LOA ir LAB sutarimu, tod\u0117l jos turinio ar formos keitimas n\u0117ra galimas. elvis-pazyma-galutine-05-31.docx ASOCIACIJOS PREZIDENT\u0116S V. KA\u010cERGIEN\u0116S PRANE\u0160IMAS STUDIJ\u0172 [&hellip;]<\/p>\n","protected":false},"author":3,"featured_media":0,"parent":0,"menu_order":0,"comment_status":"closed","ping_status":"closed","template":"","meta":{"_EventAllDay":false,"_EventTimezone":"","_EventStartDate":"","_EventEndDate":"","_EventStartDateUTC":"","_EventEndDateUTC":"","_EventShowMap":false,"_EventShowMapLink":false,"_EventURL":"","_EventCost":"","_EventCostDescription":"","_EventCurrencySymbol":"","_EventCurrencyCode":"","_EventCurrencyPosition":"","_EventDateTimeSeparator":"","_EventTimeRangeSeparator":"","_EventOrganizerID":[],"_EventVenueID":[],"_OrganizerEmail":"","_OrganizerPhone":"","_OrganizerWebsite":"","_VenueAddress":"","_VenueCity":"","_VenueCountry":"","_VenueProvince":"","_VenueState":"","_VenueZip":"","_VenuePhone":"","_VenueURL":"","_VenueStateProvince":"","_VenueLat":"","_VenueLng":"","_VenueShowMap":false,"_VenueShowMapLink":false,"footnotes":""},"class_list":["post-2950","page","type-page","status-publish","hentry"],"yoast_head":"<!-- This site is optimized with the Yoast SEO plugin v27.2 - https:\/\/yoast.com\/product\/yoast-seo-wordpress\/ -->\n<title>VIE\u0160I ASOCIACIJOS DOKUMENTAI &#060;<\/title>\n<meta name=\"robots\" content=\"index, follow, max-snippet:-1, max-image-preview:large, max-video-preview:-1\" \/>\n<link rel=\"canonical\" href=\"https:\/\/optometrininkuasociacija.lt\/en\/viesi-asociacijos-dokumentai\/\" \/>\n<meta property=\"og:locale\" content=\"en_GB\" \/>\n<meta property=\"og:type\" content=\"article\" \/>\n<meta property=\"og:title\" content=\"VIE\u0160I ASOCIACIJOS DOKUMENTAI &#060;\" \/>\n<meta property=\"og:description\" content=\"PA\u017dYMA D\u0116L REKOMENDUOJAMOS VIRTUALIOS BIBLIOTEKOS ELVIS PRIEIGOS SVARBU:\u00a0Pa\u017eymos forma yra patvirtinta LOA ir LAB sutarimu, tod\u0117l jos turinio ar formos keitimas n\u0117ra galimas. elvis-pazyma-galutine-05-31.docx ASOCIACIJOS PREZIDENT\u0116S V. KA\u010cERGIEN\u0116S PRANE\u0160IMAS STUDIJ\u0172 [&hellip;]\" \/>\n<meta property=\"og:url\" content=\"https:\/\/optometrininkuasociacija.lt\/en\/viesi-asociacijos-dokumentai\/\" \/>\n<meta property=\"article:modified_time\" content=\"2022-07-30T13:42:48+00:00\" \/>\n<meta name=\"twitter:card\" content=\"summary_large_image\" \/>\n<meta name=\"twitter:label1\" content=\"Estimated reading time\" \/>\n\t<meta name=\"twitter:data1\" content=\"1 minute\" \/>\n<script type=\"application\/ld+json\" class=\"yoast-schema-graph\">{\"@context\":\"https:\/\/schema.org\",\"@graph\":[{\"@type\":\"WebPage\",\"@id\":\"https:\/\/optometrininkuasociacija.lt\/viesi-asociacijos-dokumentai\/\",\"url\":\"https:\/\/optometrininkuasociacija.lt\/viesi-asociacijos-dokumentai\/\",\"name\":\"VIE\u0160I ASOCIACIJOS DOKUMENTAI &#060;\",\"isPartOf\":{\"@id\":\"https:\/\/optometrininkuasociacija.lt\/#website\"},\"datePublished\":\"2022-07-30T13:39:00+00:00\",\"dateModified\":\"2022-07-30T13:42:48+00:00\",\"breadcrumb\":{\"@id\":\"https:\/\/optometrininkuasociacija.lt\/viesi-asociacijos-dokumentai\/#breadcrumb\"},\"inLanguage\":\"en-GB\",\"potentialAction\":[{\"@type\":\"ReadAction\",\"target\":[\"https:\/\/optometrininkuasociacija.lt\/viesi-asociacijos-dokumentai\/\"]}]},{\"@type\":\"BreadcrumbList\",\"@id\":\"https:\/\/optometrininkuasociacija.lt\/viesi-asociacijos-dokumentai\/#breadcrumb\",\"itemListElement\":[{\"@type\":\"ListItem\",\"position\":1,\"name\":\"Home\",\"item\":\"https:\/\/optometrininkuasociacija.lt\/\"},{\"@type\":\"ListItem\",\"position\":2,\"name\":\"VIE\u0160I ASOCIACIJOS DOKUMENTAI\"}]},{\"@type\":\"WebSite\",\"@id\":\"https:\/\/optometrininkuasociacija.lt\/#website\",\"url\":\"https:\/\/optometrininkuasociacija.lt\/\",\"name\":\"\",\"description\":\"\",\"potentialAction\":[{\"@type\":\"SearchAction\",\"target\":{\"@type\":\"EntryPoint\",\"urlTemplate\":\"https:\/\/optometrininkuasociacija.lt\/?s={search_term_string}\"},\"query-input\":{\"@type\":\"PropertyValueSpecification\",\"valueRequired\":true,\"valueName\":\"search_term_string\"}}],\"inLanguage\":\"en-GB\"}]}<\/script>\n<!-- \/ Yoast SEO plugin. -->","yoast_head_json":{"title":"VIE\u0160I ASOCIACIJOS DOKUMENTAI &#060;","robots":{"index":"index","follow":"follow","max-snippet":"max-snippet:-1","max-image-preview":"max-image-preview:large","max-video-preview":"max-video-preview:-1"},"canonical":"https:\/\/optometrininkuasociacija.lt\/en\/viesi-asociacijos-dokumentai\/","og_locale":"en_GB","og_type":"article","og_title":"VIE\u0160I ASOCIACIJOS DOKUMENTAI &#060;","og_description":"PA\u017dYMA D\u0116L REKOMENDUOJAMOS VIRTUALIOS BIBLIOTEKOS ELVIS PRIEIGOS SVARBU:\u00a0Pa\u017eymos forma yra patvirtinta LOA ir LAB sutarimu, tod\u0117l jos turinio ar formos keitimas n\u0117ra galimas. elvis-pazyma-galutine-05-31.docx ASOCIACIJOS PREZIDENT\u0116S V. KA\u010cERGIEN\u0116S PRANE\u0160IMAS STUDIJ\u0172 [&hellip;]","og_url":"https:\/\/optometrininkuasociacija.lt\/en\/viesi-asociacijos-dokumentai\/","article_modified_time":"2022-07-30T13:42:48+00:00","twitter_card":"summary_large_image","twitter_misc":{"Estimated reading time":"1 minute"},"schema":{"@context":"https:\/\/schema.org","@graph":[{"@type":"WebPage","@id":"https:\/\/optometrininkuasociacija.lt\/viesi-asociacijos-dokumentai\/","url":"https:\/\/optometrininkuasociacija.lt\/viesi-asociacijos-dokumentai\/","name":"VIE\u0160I ASOCIACIJOS DOKUMENTAI &#060;","isPartOf":{"@id":"https:\/\/optometrininkuasociacija.lt\/#website"},"datePublished":"2022-07-30T13:39:00+00:00","dateModified":"2022-07-30T13:42:48+00:00","breadcrumb":{"@id":"https:\/\/optometrininkuasociacija.lt\/viesi-asociacijos-dokumentai\/#breadcrumb"},"inLanguage":"en-GB","potentialAction":[{"@type":"ReadAction","target":["https:\/\/optometrininkuasociacija.lt\/viesi-asociacijos-dokumentai\/"]}]},{"@type":"BreadcrumbList","@id":"https:\/\/optometrininkuasociacija.lt\/viesi-asociacijos-dokumentai\/#breadcrumb","itemListElement":[{"@type":"ListItem","position":1,"name":"Home","item":"https:\/\/optometrininkuasociacija.lt\/"},{"@type":"ListItem","position":2,"name":"VIE\u0160I ASOCIACIJOS DOKUMENTAI"}]},{"@type":"WebSite","@id":"https:\/\/optometrininkuasociacija.lt\/#website","url":"https:\/\/optometrininkuasociacija.lt\/","name":"","description":"","potentialAction":[{"@type":"SearchAction","target":{"@type":"EntryPoint","urlTemplate":"https:\/\/optometrininkuasociacija.lt\/?s={search_term_string}"},"query-input":{"@type":"PropertyValueSpecification","valueRequired":true,"valueName":"search_term_string"}}],"inLanguage":"en-GB"}]}},"_links":{"self":[{"href":"https:\/\/optometrininkuasociacija.lt\/en\/wp-json\/wp\/v2\/pages\/2950","targetHints":{"allow":["GET"]}}],"collection":[{"href":"https:\/\/optometrininkuasociacija.lt\/en\/wp-json\/wp\/v2\/pages"}],"about":[{"href":"https:\/\/optometrininkuasociacija.lt\/en\/wp-json\/wp\/v2\/types\/page"}],"author":[{"embeddable":true,"href":"https:\/\/optometrininkuasociacija.lt\/en\/wp-json\/wp\/v2\/users\/3"}],"replies":[{"embeddable":true,"href":"https:\/\/optometrininkuasociacija.lt\/en\/wp-json\/wp\/v2\/comments?post=2950"}],"version-history":[{"count":7,"href":"https:\/\/optometrininkuasociacija.lt\/en\/wp-json\/wp\/v2\/pages\/2950\/revisions"}],"predecessor-version":[{"id":2965,"href":"https:\/\/optometrininkuasociacija.lt\/en\/wp-json\/wp\/v2\/pages\/2950\/revisions\/2965"}],"wp:attachment":[{"href":"https:\/\/optometrininkuasociacija.lt\/en\/wp-json\/wp\/v2\/media?parent=2950"}],"curies":[{"name":"wp","href":"https:\/\/api.w.org\/{rel}","templated":true}]}}