{"id":538,"date":"2021-05-31T09:24:35","date_gmt":"2021-05-31T09:24:35","guid":{"rendered":"http:\/\/fastwpdemo.com\/newwp\/whitehall\/?page_id=538"},"modified":"2022-09-13T13:50:55","modified_gmt":"2022-09-13T13:50:55","slug":"naryste","status":"publish","type":"page","link":"https:\/\/optometrininkuasociacija.lt\/en\/naryste\/","title":{"rendered":"Membership"},"content":{"rendered":"<div data-elementor-type=\"wp-page\" data-elementor-id=\"538\" class=\"elementor elementor-538\">\n\t\t\t\t\t\t<section class=\"elementor-section elementor-top-section elementor-element elementor-element-3a3610b elementor-section-full_width elementor-section-height-default elementor-section-height-default\" data-id=\"3a3610b\" data-element_type=\"section\" data-e-type=\"section\">\n\t\t\t\t\t\t<div class=\"elementor-container elementor-column-gap-default\">\n\t\t\t\t\t<div class=\"elementor-column elementor-col-100 elementor-top-column elementor-element elementor-element-067cf25\" data-id=\"067cf25\" data-element_type=\"column\" data-e-type=\"column\">\n\t\t\t<div class=\"elementor-widget-wrap elementor-element-populated\">\n\t\t\t\t\t\t<div class=\"elementor-element elementor-element-62f5652 elementor-widget elementor-widget-whitehall_about_services\" data-id=\"62f5652\" data-element_type=\"widget\" data-e-type=\"widget\" data-widget_type=\"whitehall_about_services.default\">\n\t\t\t\t<div class=\"elementor-widget-container\">\n\t\t\t\t\t        \n        <!-- about-style-four -->\n        <section class=\"about-style-four sec-pad\">\n            <div class=\"auto-container\">\n                <div class=\"row clearfix\">\n                    <div class=\"col-lg-6 col-md-12 col-sm-12 content-column\">\n                        <div class=\"content_block_6\">\n                            <div class=\"content-box\">\n                                <div class=\"sec-title\">\n\t\t\t\t\t\t\t\t\t\t\t\t\t\t\t\t\t\t<h6><i class=\"flaticon-star\"><\/i><span>LOA MEMBERSHIP <\/span><\/h6>\n\t\t\t\t\t\t\t\t\t\t\t\t\t\t\t\t\t\t\n                                    \t\t\t\t\t\t\t\t\t<h2>\nWhy join the Lithuanian Optometric Association?<\/h2>\n                                    <div class=\"title-shape\"><\/div>\n\t\t\t\t\t\t\t\t\t                                <\/div>\n                                <div class=\"text\">\n                                    <p>Membership in the association gives members the opportunity to participate in the organisation's activities and events, to receive up-to-date professional information and to contribute to the development of optometric traditions in Lithuania. \n\n <\/p>\n                                <\/div>\n                                <div class=\"inner-box clearfix\">\n                                    <div class=\"left-column pull-left\">\n\t\t\t\t\t\t\t\t\t\t                                        <div class=\"single-item\">\n                                            <div class=\"icon-box\"><i class=\"flaticon-double-tick-indicator\"><\/i><\/div>\n                                            <h6>WHO CAN <\/h6>\n                                            <h4>Become a member<\/h4>\n                                        <\/div>\n                                                                                <div class=\"single-item\">\n                                            <div class=\"icon-box\"><i class=\"flaticon-double-tick-indicator\"><\/i><\/div>\n                                            <h6>Where to apply <\/h6>\n                                            <h4>To become a member<\/h4>\n                                        <\/div>\n                                                                            <\/div>\n                                    <div class=\"right-column pull-right\">\n\t\t\t\t\t\t\t\t\t\t                                        <div class=\"text\">\n                                            <p>Membership is open to persons who are qualified or studying to become an optometrist.\n\nMembers must pay a one-off joining fee of \u20ac50 and an annual membership fee of \u20ac30.<\/p>\n                                        <\/div>\n                                                                                <div class=\"text\">\n                                            <p>\nIf you wish to become a member of the Lithuanian Association of Optometrists, please submit a written application to the Association's e-mail address:\n\noptometrininkuasociacija@gmail.com\n\n+370 686 84452<\/p>\n                                        <\/div>\n                                                                            <\/div>\n                                <\/div>\n\t\t\t\t\t\t\t\t\n\t\t\t\t\t\t\t\t                                <div class=\"btn-box\">\n                                    <a href=\"https:\/\/optometrininkuasociacija.lt\/en\/kontaktai\/\">Contact<\/a>\n                                <\/div>\n\t\t\t\t\t\t\t\t                            <\/div>\n                        <\/div>\n                    <\/div>\n                    <div class=\"col-lg-6 col-md-12 col-sm-12 content-column\">\n                        <div class=\"content_block_7\">\n                            <div class=\"content-box\">\n                                <div class=\"left-column\">\n                                    <div class=\"inner centred\">\n                                        <div class=\"icon-box\"><i class=\"icon flaticon-building-1\"><\/i><\/div>\n                                        <h6>LOA ACTIVITIES<\/h6>\n                                        <h4>AREAS<\/h4>\n                                    <\/div>\n\t\t\t\t\t\t\t\t\t\n\t\t\t\t\t\t\t\t\t                                    <ul class=\"list clearfix\">\n                                        \t\t\t\t\t\t\t\t\t\t<li>Connect<\/li>\n\t\t\t\t\t\t\t\t\t\t\t\t\t\t\t\t\t\t\t\t<li>Unite<\/li>\n\t\t\t\t\t\t\t\t\t\t\t\t\t\t\t\t\t\t\t\t<li>Coordinate<\/li>\n\t\t\t\t\t\t\t\t\t\t\t\t\t\t\t\t\t\t\t\t<li>Resist<\/li>\n\t\t\t\t\t\t\t\t\t\t\t\t\t\t\t\t\t\t\t\t<li>Contribute<\/li>\n\t\t\t\t\t\t\t\t\t\t\t\t\t\t\t\t\t\t\t\t<li>Help<\/li>\n\t\t\t\t\t\t\t\t\t\t\t\t\t\t\t\t\t\t\t\t<li><\/li>\n\t\t\t\t\t\t\t\t\t\t                                    <\/ul>\n\t\t\t\t\t\t\t\t\t                                <\/div>\n                                <div class=\"right-column\">\n                                    <figure class=\"image-box\">\n                                        <img decoding=\"async\" src=\"https:\/\/optometrininkuasociacija.lt\/wp-content\/uploads\/2021\/05\/about-3.jpg\" alt=\"Awesome Image\">\n\t\t\t\t\t\t\t\t\t\t\n\t\t\t\t\t\t\t\t\t\t                                        <a href=\"https:\/\/optometrininkuasociacija.lt\/en\/pagrindiniai-tikslai\/\"><i class=\"fal fa-angle-left\"><\/i><\/a>\n\t\t\t\t\t\t\t\t\t\t                                    <\/figure>\n                                    <div class=\"inner centred\">\n                                        <div class=\"icon-box\"><i class=\"icon flaticon-tourist\"><\/i><\/div>\n                                        <h6>full attention<\/h6>\n                                        <h4>FOR OPTOMETRISTS<\/h4>\n                                    <\/div>\n                                <\/div>\n                            <\/div>\n                        <\/div>\n                    <\/div>\n                <\/div>\n            <\/div>\n        <\/section>\n        <!-- about-style-four end -->\n\n        \t\t\t\t<\/div>\n\t\t\t\t<\/div>\n\t\t\t\t\t<\/div>\n\t\t<\/div>\n\t\t\t\t\t<\/div>\n\t\t<\/section>\n\t\t\t\t<section class=\"elementor-section elementor-top-section elementor-element elementor-element-509243c elementor-section-full_width elementor-section-height-default elementor-section-height-default\" data-id=\"509243c\" data-element_type=\"section\" data-e-type=\"section\">\n\t\t\t\t\t\t<div class=\"elementor-container elementor-column-gap-default\">\n\t\t\t\t\t<div class=\"elementor-column elementor-col-100 elementor-top-column elementor-element elementor-element-367ead5\" data-id=\"367ead5\" data-element_type=\"column\" data-e-type=\"column\">\n\t\t\t<div class=\"elementor-widget-wrap elementor-element-populated\">\n\t\t\t\t\t\t<div class=\"elementor-element elementor-element-1a92453 elementor-widget elementor-widget-whitehall_information_and_attractions\" data-id=\"1a92453\" data-element_type=\"widget\" data-e-type=\"widget\" data-widget_type=\"whitehall_information_and_attractions.default\">\n\t\t\t\t<div class=\"elementor-widget-container\">\n\t\t\t\t\t        \n        <!-- information-section -->\n        <section class=\"information-section bg-color-1\">\n            <div class=\"bg-layer\" style=\"background-image: url(https:\/\/optometrininkuasociacija.lt\/wp-content\/uploads\/2021\/06\/1019935126_1.jpg);\"><\/div>\n            <div class=\"auto-container\">\n                <div class=\"sec-title centred light\">\n\t\t\t\t\t\t\t\t\t\t<h6><i class=\"flaticon-star\"><\/i><span>Aims and objectives<\/span><i class=\"flaticon-star\"><\/i><\/h6>\n\t\t\t\t\t\n\t\t\t\t\t\t\t\t\t\t<h2>Aims and objectives of the Lithuanian Optometric Association<\/h2>\n\t\t\t\t\t<div class=\"title-shape\"><\/div>\n\t\t\t\t\t                <\/div>\n                <div class=\"inner-content\">\n                    <div class=\"schedule-carousel\">\n                                                <div class=\"information-block-one\">\n                            <div class=\"inner-box\">\n                                <span class=\"count\">01.<\/span>\n                                <div class=\"icon-box\"><i class=\"icon flaticon-diagram\"><\/i><\/div>\n                                <div class=\"text\">\n                                    <h4>Main objective<\/h4>\n                                    <p>To bring together and unite the optometric profession by providing opportunities for the scientific and professional development of the members of the Association.<\/p>\n\t\t\t\t\t\t\t\t\t\n\t\t\t\t\t\t\t\t\t                                    <a href=\"#\">Read more<i class=\"flaticon-right-arrow\"><\/i><\/a>\n\t\t\t\t\t\t\t\t\t                                <\/div>\n                            <\/div>\n                        <\/div>\n                                                <div class=\"information-block-one\">\n                            <div class=\"inner-box\">\n                                <span class=\"count\">02.<\/span>\n                                <div class=\"icon-box\"><i class=\"icon flaticon-diagram\"><\/i><\/div>\n                                <div class=\"text\">\n                                    <h4>Main objective<\/h4>\n                                    <p>To contribute to the preservation of the health of the population of the Republic of Lithuania and to organise public education activities in the field of sight preservation.<\/p>\n\t\t\t\t\t\t\t\t\t\n\t\t\t\t\t\t\t\t\t                                    <a href=\"#\">Read more<i class=\"flaticon-right-arrow\"><\/i><\/a>\n\t\t\t\t\t\t\t\t\t                                <\/div>\n                            <\/div>\n                        <\/div>\n                                                <div class=\"information-block-one\">\n                            <div class=\"inner-box\">\n                                <span class=\"count\">03.<\/span>\n                                <div class=\"icon-box\"><i class=\"icon flaticon-diagram\"><\/i><\/div>\n                                <div class=\"text\">\n                                    <h4>Main objective<\/h4>\n                                    <p>Promote cooperation with other public and professional organisations operating in Lithuania and abroad.<\/p>\n\t\t\t\t\t\t\t\t\t\n\t\t\t\t\t\t\t\t\t                                    <a href=\"#\">Read more<i class=\"flaticon-right-arrow\"><\/i><\/a>\n\t\t\t\t\t\t\t\t\t                                <\/div>\n                            <\/div>\n                        <\/div>\n                                            <\/div>\n                <\/div>\n            <\/div>\n        <\/section>\n        <!-- information-section end -->\n\n        \t\t\t\t<\/div>\n\t\t\t\t<\/div>\n\t\t\t\t\t<\/div>\n\t\t<\/div>\n\t\t\t\t\t<\/div>\n\t\t<\/section>\n\t\t\t\t<\/div>","protected":false},"excerpt":{"rendered":"<p>LOA NARYST\u0116 Kod\u0117l verta tapti Lietuvos optometrinink\u0173 asociacijos nariu? Naryst\u0117 asociacijoje suteikia galimyb\u0119 nariams dalyvauti organizacijos veikloje, jos organizuojamuose renginiuose, gauti naujausi\u0105 profesin\u0119 informacij\u0105 ir prisid\u0117ti pl\u0117tojant optometrijos tradicijas Lietuvoje. [&hellip;]<\/p>\n","protected":false},"author":3,"featured_media":0,"parent":0,"menu_order":0,"comment_status":"closed","ping_status":"closed","template":"tpl-default-elementor.php","meta":{"_EventAllDay":false,"_EventTimezone":"","_EventStartDate":"","_EventEndDate":"","_EventStartDateUTC":"","_EventEndDateUTC":"","_EventShowMap":false,"_EventShowMapLink":false,"_EventURL":"","_EventCost":"","_EventCostDescription":"","_EventCurrencySymbol":"","_EventCurrencyCode":"","_EventCurrencyPosition":"","_EventDateTimeSeparator":"","_EventTimeRangeSeparator":"","_EventOrganizerID":[],"_EventVenueID":[],"_OrganizerEmail":"","_OrganizerPhone":"","_OrganizerWebsite":"","_VenueAddress":"","_VenueCity":"","_VenueCountry":"","_VenueProvince":"","_VenueState":"","_VenueZip":"","_VenuePhone":"","_VenueURL":"","_VenueStateProvince":"","_VenueLat":"","_VenueLng":"","_VenueShowMap":false,"_VenueShowMapLink":false,"footnotes":""},"class_list":["post-538","page","type-page","status-publish","hentry"],"yoast_head":"<!-- This site is optimized with the Yoast SEO plugin v27.2 - https:\/\/yoast.com\/product\/yoast-seo-wordpress\/ -->\n<title>Naryst\u0117<\/title>\n<meta name=\"robots\" content=\"index, follow, max-snippet:-1, max-image-preview:large, max-video-preview:-1\" \/>\n<link rel=\"canonical\" href=\"https:\/\/optometrininkuasociacija.lt\/en\/naryste\/\" \/>\n<meta property=\"og:locale\" content=\"en_GB\" \/>\n<meta property=\"og:type\" content=\"article\" \/>\n<meta property=\"og:title\" content=\"Naryst\u0117\" \/>\n<meta property=\"og:description\" content=\"LOA NARYST\u0116 Kod\u0117l verta tapti Lietuvos optometrinink\u0173 asociacijos nariu? Naryst\u0117 asociacijoje suteikia galimyb\u0119 nariams dalyvauti organizacijos veikloje, jos organizuojamuose renginiuose, gauti naujausi\u0105 profesin\u0119 informacij\u0105 ir prisid\u0117ti pl\u0117tojant optometrijos tradicijas Lietuvoje. [&hellip;]\" \/>\n<meta property=\"og:url\" content=\"https:\/\/optometrininkuasociacija.lt\/en\/naryste\/\" \/>\n<meta property=\"article:modified_time\" content=\"2022-09-13T13:50:55+00:00\" \/>\n<meta property=\"og:image\" content=\"https:\/\/optometrininkuasociacija.lt\/wp-content\/uploads\/2021\/05\/about-3.jpg\" \/>\n<meta name=\"twitter:card\" content=\"summary_large_image\" \/>\n<meta name=\"twitter:label1\" content=\"Estimated reading time\" \/>\n\t<meta name=\"twitter:data1\" content=\"2 minutes\" \/>\n<script type=\"application\/ld+json\" class=\"yoast-schema-graph\">{\"@context\":\"https:\/\/schema.org\",\"@graph\":[{\"@type\":\"WebPage\",\"@id\":\"https:\/\/optometrininkuasociacija.lt\/naryste\/\",\"url\":\"https:\/\/optometrininkuasociacija.lt\/naryste\/\",\"name\":\"Naryst\u0117\",\"isPartOf\":{\"@id\":\"https:\/\/optometrininkuasociacija.lt\/#website\"},\"primaryImageOfPage\":{\"@id\":\"https:\/\/optometrininkuasociacija.lt\/naryste\/#primaryimage\"},\"image\":{\"@id\":\"https:\/\/optometrininkuasociacija.lt\/naryste\/#primaryimage\"},\"thumbnailUrl\":\"https:\/\/optometrininkuasociacija.lt\/wp-content\/uploads\/2021\/05\/about-3.jpg\",\"datePublished\":\"2021-05-31T09:24:35+00:00\",\"dateModified\":\"2022-09-13T13:50:55+00:00\",\"breadcrumb\":{\"@id\":\"https:\/\/optometrininkuasociacija.lt\/naryste\/#breadcrumb\"},\"inLanguage\":\"en-GB\",\"potentialAction\":[{\"@type\":\"ReadAction\",\"target\":[\"https:\/\/optometrininkuasociacija.lt\/naryste\/\"]}]},{\"@type\":\"ImageObject\",\"inLanguage\":\"en-GB\",\"@id\":\"https:\/\/optometrininkuasociacija.lt\/naryste\/#primaryimage\",\"url\":\"https:\/\/optometrininkuasociacija.lt\/wp-content\/uploads\/2021\/05\/about-3.jpg\",\"contentUrl\":\"https:\/\/optometrininkuasociacija.lt\/wp-content\/uploads\/2021\/05\/about-3.jpg\"},{\"@type\":\"BreadcrumbList\",\"@id\":\"https:\/\/optometrininkuasociacija.lt\/naryste\/#breadcrumb\",\"itemListElement\":[{\"@type\":\"ListItem\",\"position\":1,\"name\":\"Home\",\"item\":\"https:\/\/optometrininkuasociacija.lt\/\"},{\"@type\":\"ListItem\",\"position\":2,\"name\":\"Naryst\u0117\"}]},{\"@type\":\"WebSite\",\"@id\":\"https:\/\/optometrininkuasociacija.lt\/#website\",\"url\":\"https:\/\/optometrininkuasociacija.lt\/\",\"name\":\"\",\"description\":\"\",\"potentialAction\":[{\"@type\":\"SearchAction\",\"target\":{\"@type\":\"EntryPoint\",\"urlTemplate\":\"https:\/\/optometrininkuasociacija.lt\/?s={search_term_string}\"},\"query-input\":{\"@type\":\"PropertyValueSpecification\",\"valueRequired\":true,\"valueName\":\"search_term_string\"}}],\"inLanguage\":\"en-GB\"}]}<\/script>\n<!-- \/ Yoast SEO plugin. -->","yoast_head_json":{"title":"Membership","robots":{"index":"index","follow":"follow","max-snippet":"max-snippet:-1","max-image-preview":"max-image-preview:large","max-video-preview":"max-video-preview:-1"},"canonical":"https:\/\/optometrininkuasociacija.lt\/en\/naryste\/","og_locale":"en_GB","og_type":"article","og_title":"Naryst\u0117","og_description":"LOA NARYST\u0116 Kod\u0117l verta tapti Lietuvos optometrinink\u0173 asociacijos nariu? Naryst\u0117 asociacijoje suteikia galimyb\u0119 nariams dalyvauti organizacijos veikloje, jos organizuojamuose renginiuose, gauti naujausi\u0105 profesin\u0119 informacij\u0105 ir prisid\u0117ti pl\u0117tojant optometrijos tradicijas Lietuvoje. [&hellip;]","og_url":"https:\/\/optometrininkuasociacija.lt\/en\/naryste\/","article_modified_time":"2022-09-13T13:50:55+00:00","og_image":[{"url":"https:\/\/optometrininkuasociacija.lt\/wp-content\/uploads\/2021\/05\/about-3.jpg","type":"","width":"","height":""}],"twitter_card":"summary_large_image","twitter_misc":{"Estimated reading time":"2 minutes"},"schema":{"@context":"https:\/\/schema.org","@graph":[{"@type":"WebPage","@id":"https:\/\/optometrininkuasociacija.lt\/naryste\/","url":"https:\/\/optometrininkuasociacija.lt\/naryste\/","name":"Membership","isPartOf":{"@id":"https:\/\/optometrininkuasociacija.lt\/#website"},"primaryImageOfPage":{"@id":"https:\/\/optometrininkuasociacija.lt\/naryste\/#primaryimage"},"image":{"@id":"https:\/\/optometrininkuasociacija.lt\/naryste\/#primaryimage"},"thumbnailUrl":"https:\/\/optometrininkuasociacija.lt\/wp-content\/uploads\/2021\/05\/about-3.jpg","datePublished":"2021-05-31T09:24:35+00:00","dateModified":"2022-09-13T13:50:55+00:00","breadcrumb":{"@id":"https:\/\/optometrininkuasociacija.lt\/naryste\/#breadcrumb"},"inLanguage":"en-GB","potentialAction":[{"@type":"ReadAction","target":["https:\/\/optometrininkuasociacija.lt\/naryste\/"]}]},{"@type":"ImageObject","inLanguage":"en-GB","@id":"https:\/\/optometrininkuasociacija.lt\/naryste\/#primaryimage","url":"https:\/\/optometrininkuasociacija.lt\/wp-content\/uploads\/2021\/05\/about-3.jpg","contentUrl":"https:\/\/optometrininkuasociacija.lt\/wp-content\/uploads\/2021\/05\/about-3.jpg"},{"@type":"BreadcrumbList","@id":"https:\/\/optometrininkuasociacija.lt\/naryste\/#breadcrumb","itemListElement":[{"@type":"ListItem","position":1,"name":"Home","item":"https:\/\/optometrininkuasociacija.lt\/"},{"@type":"ListItem","position":2,"name":"Naryst\u0117"}]},{"@type":"WebSite","@id":"https:\/\/optometrininkuasociacija.lt\/#website","url":"https:\/\/optometrininkuasociacija.lt\/","name":"","description":"","potentialAction":[{"@type":"SearchAction","target":{"@type":"EntryPoint","urlTemplate":"https:\/\/optometrininkuasociacija.lt\/?s={search_term_string}"},"query-input":{"@type":"PropertyValueSpecification","valueRequired":true,"valueName":"search_term_string"}}],"inLanguage":"en-GB"}]}},"_links":{"self":[{"href":"https:\/\/optometrininkuasociacija.lt\/en\/wp-json\/wp\/v2\/pages\/538","targetHints":{"allow":["GET"]}}],"collection":[{"href":"https:\/\/optometrininkuasociacija.lt\/en\/wp-json\/wp\/v2\/pages"}],"about":[{"href":"https:\/\/optometrininkuasociacija.lt\/en\/wp-json\/wp\/v2\/types\/page"}],"author":[{"embeddable":true,"href":"https:\/\/optometrininkuasociacija.lt\/en\/wp-json\/wp\/v2\/users\/3"}],"replies":[{"embeddable":true,"href":"https:\/\/optometrininkuasociacija.lt\/en\/wp-json\/wp\/v2\/comments?post=538"}],"version-history":[{"count":50,"href":"https:\/\/optometrininkuasociacija.lt\/en\/wp-json\/wp\/v2\/pages\/538\/revisions"}],"predecessor-version":[{"id":3825,"href":"https:\/\/optometrininkuasociacija.lt\/en\/wp-json\/wp\/v2\/pages\/538\/revisions\/3825"}],"wp:attachment":[{"href":"https:\/\/optometrininkuasociacija.lt\/en\/wp-json\/wp\/v2\/media?parent=538"}],"curies":[{"name":"wp","href":"https:\/\/api.w.org\/{rel}","templated":true}]}}