{"id":694,"date":"2021-06-01T16:04:55","date_gmt":"2021-06-01T16:04:55","guid":{"rendered":"http:\/\/fastwpdemo.com\/newwp\/whitehall\/?page_id=694"},"modified":"2022-09-13T13:52:19","modified_gmt":"2022-09-13T13:52:19","slug":"duk","status":"publish","type":"page","link":"https:\/\/optometrininkuasociacija.lt\/en\/duk\/","title":{"rendered":"D.U.K"},"content":{"rendered":"<div data-elementor-type=\"wp-page\" data-elementor-id=\"694\" class=\"elementor elementor-694\">\n\t\t\t\t\t\t<section class=\"elementor-section elementor-top-section elementor-element elementor-element-42735d1 elementor-section-full_width elementor-section-height-default elementor-section-height-default\" data-id=\"42735d1\" data-element_type=\"section\" data-e-type=\"section\">\n\t\t\t\t\t\t<div class=\"elementor-container elementor-column-gap-default\">\n\t\t\t\t\t<div class=\"elementor-column elementor-col-100 elementor-top-column elementor-element elementor-element-c30f2b5\" data-id=\"c30f2b5\" data-element_type=\"column\" data-e-type=\"column\">\n\t\t\t<div class=\"elementor-widget-wrap elementor-element-populated\">\n\t\t\t\t\t\t<div class=\"elementor-element elementor-element-8a2d855 elementor-widget elementor-widget-whitehall_faqs_v2\" data-id=\"8a2d855\" data-element_type=\"widget\" data-e-type=\"widget\" data-widget_type=\"whitehall_faqs_v2.default\">\n\t\t\t\t<div class=\"elementor-widget-container\">\n\t\t\t\t\t\n\t\t<!-- faq-page-section -->\n        <section class=\"faq-page-section faq-section sec-pad\">\n            <div class=\"auto-container\">\n                <div class=\"sec-title centred\">\n\t\t\t\t\t\t\t\t\t\t<h6><i class=\"flaticon-star\"><\/i><span>Get answers<\/span><i class=\"flaticon-star\"><\/i><\/h6>\n\t\t\t\t\t\n\t\t\t\t\t\t\t\t\t\t<h2>Find what you need <\/h2>\n\t\t\t\t\t<div class=\"title-shape\"><\/div>\n\t\t\t\t\t                <\/div>\n                <div class=\"row clearfix\">\n                    <div class=\"col-lg-4 col-md-12 col-sm-12 sidebar-side\">\n                        <div class=\"faq-sidebar\">\n                                                        <div class=\"single-item\">\n                                <span><\/span>\n                                <div class=\"icon-box\"><i class=\"\"><\/i><\/div>\n                                <h4><\/h4>\n                                <p><\/p>\n\t\t\t\t\t\t\t\t\n\t\t\t\t\t\t\t\t\n                                <a href=\"\/en\/faq.html\/\">View faq's<i class=\"flaticon-right-arrow\"><\/i><\/a>\n                            <\/div>\n\t\t\t\t\t\t\t                        <\/div>\n                    <\/div>\n                    <div class=\"col-lg-8 col-md-12 col-sm-12 content-side\">\n                        <ul class=\"accordion-box\">\n                            \t\t\t\t\t\t\t<li class=\"accordion block active-block\">\n                                <div class=\"acc-btn active\">\n                                    <div class=\"icon-outer\"><\/div>\n                                    <h5><span>01. <\/span>Optometrist competences?<\/h5>\n                                <\/div>\n                                <div class=\"acc-content current\">\n                                    <div class=\"text\">\n                                        <p>Optometric care - the part of personal health care that includes the examination of vision, refraction of the eye and its abnormalities, correction with spectacles and\/or contact lenses, and the issuing of prescription charts for spectacles and\/or contact lenses.<br \/>\nFind out more about optometrist's rights, duties and competences:<br \/>\nNUORODA<br \/>\n<a href=\"https:\/\/www.e-tar.lt\/portal\/lt\/legalAct\/f17c172090b211e8b93ad15b34c9248c\">https:\/\/www.e-tar.lt\/portal\/lt\/legalAct\/f17c172090b211e8b93ad15b34c9248c<\/a><\/p>\n                                    <\/div>\n                                <\/div>\n                            <\/li>\n\t\t\t\t\t\t\t\t\t\t\t\t\t\t<li class=\"accordion block\">\n                                <div class=\"acc-btn\">\n                                    <div class=\"icon-outer\"><\/div>\n                                    <h5><span>02. <\/span>What conditions must be met to practise as an optometrist?<\/h5>\n                                <\/div>\n                                <div class=\"acc-content\">\n                                    <div class=\"text\">\n                                        <p>\nThe right to practise as an optometrist shall be vested in a person:<br \/>\n    - qualified as an optometrist;<br \/>\n    - holding a valid personal health care licence to practise as an optometrist in accordance with the professional qualification of optometrist.<\/p>\n                                    <\/div>\n                                <\/div>\n                            <\/li>\n\t\t\t\t\t\t\t\t\t\t\t\t\t\t<li class=\"accordion block\">\n                                <div class=\"acc-btn\">\n                                    <div class=\"icon-outer\"><\/div>\n                                    <h5><span>03. <\/span>How and where do I get my qualification as an optometrist?<\/h5>\n                                <\/div>\n                                <div class=\"acc-content\">\n                                    <div class=\"text\">\n                                        <p>The professional qualification of optometrist shall be obtained by completing a university undergraduate degree in optometry, or an equivalent higher education qualification, together with a bachelor's degree in health sciences in a field of medical technology.<br \/>\nYou can access the study programme for optometrists at Vilnius University Faculty of Medicine:<br \/>\nLINK TO THE STUDY PROGRAMME<br \/>\n<a href=\"https:\/\/www.vu.lt\/studijos\/stojantiesiems\/bakalauro-studiju-sarasas\/optometrija\">https:\/\/www.vu.lt\/studijos\/stojantiesiems\/bakalauro-studiju-sarasas\/optometrija<\/a><\/p>\n                                    <\/div>\n                                <\/div>\n                            <\/li>\n\t\t\t\t\t\t\t\t\t\t\t\t\t\t<li class=\"accordion block\">\n                                <div class=\"acc-btn\">\n                                    <div class=\"icon-outer\"><\/div>\n                                    <h5><span>04. <\/span>Who is an optometrist?<\/h5>\n                                <\/div>\n                                <div class=\"acc-content\">\n                                    <div class=\"text\">\n                                        <p>An optometrist is a personal health care professional who carries out an initial vision screening.<\/p>\n                                    <\/div>\n                                <\/div>\n                            <\/li>\n\t\t\t\t\t\t\t\t\t\t\t\t\t\t<li class=\"accordion block\">\n                                <div class=\"acc-btn\">\n                                    <div class=\"icon-outer\"><\/div>\n                                    <h5><span>05. <\/span>How much does membership cost?<\/h5>\n                                <\/div>\n                                <div class=\"acc-content\">\n                                    <div class=\"text\">\n                                        <p>Members must pay a one-off joining fee of \u20ac50 and an annual membership fee of \u20ac30 at the details provided:<\/p>\n<p><em>Lithuanian Association of Optometrists<\/em><\/p>\n<p><em>Company code: 300551483<\/em><\/p>\n<p><em>AB SEB Bankas<\/em><\/p>\n<p><em>Bank code 70440<\/em><\/p>\n<p><em>A\/S No LT 287044060005448569<\/em><\/p>\n<p>&nbsp;<\/p>\n<p><strong>Where to go?<\/strong><\/p>\n<p>&nbsp;<\/p>\n<p>If you wish to become a member of the Lithuanian Association of Optometrists, please submit a written application to the Association's e-mail address:<\/p>\n<p>optometrininkuasociacija@gmail.com<\/p>\n<p>or contact +370 686 84452<\/p>\n                                    <\/div>\n                                <\/div>\n                            <\/li>\n\t\t\t\t\t\t\t\t\t\t\t\t\t\t<li class=\"accordion block\">\n                                <div class=\"acc-btn\">\n                                    <div class=\"icon-outer\"><\/div>\n                                    <h5><span>06. <\/span>How to become a LOA member?<\/h5>\n                                <\/div>\n                                <div class=\"acc-content\">\n                                    <div class=\"text\">\n                                        <p>To become a member of the LOA, you must submit a written application to the Association's email address or contact us by phone:<br \/>\nE-mail: optometrininkuasociacija@gmail.com<br \/>\nTel. No. +370 686 84452<br \/>\nFORMS OF REQUEST<\/p>\n                                    <\/div>\n                                <\/div>\n                            <\/li>\n\t\t\t\t\t\t\t\t\t\t\t\t\t\t<li class=\"accordion block\">\n                                <div class=\"acc-btn\">\n                                    <div class=\"icon-outer\"><\/div>\n                                    <h5><span>07. <\/span>Why join LOA?<\/h5>\n                                <\/div>\n                                <div class=\"acc-content\">\n                                    <div class=\"text\">\n                                        <p>\nMembership in the association gives members the opportunity to participate in the organisation's activities and events, to receive up-to-date professional information and to contribute to the development of optometric traditions in Lithuania.<\/p>\n                                    <\/div>\n                                <\/div>\n                            <\/li>\n\t\t\t\t\t\t\t\t\t\t\t\t\t\t<li class=\"accordion block\">\n                                <div class=\"acc-btn\">\n                                    <div class=\"icon-outer\"><\/div>\n                                    <h5><span>08. <\/span>Who can become an LOA member?<\/h5>\n                                <\/div>\n                                <div class=\"acc-content\">\n                                    <div class=\"text\">\n                                        <p>Membership is open to persons who have obtained a professional qualification as an optometrist or who are studying to become one.<\/p>\n                                    <\/div>\n                                <\/div>\n                            <\/li>\n\t\t\t\t\t\t\t\t\t\t\t\t\t\t<li class=\"accordion block\">\n                                <div class=\"acc-btn\">\n                                    <div class=\"icon-outer\"><\/div>\n                                    <h5><span>09. <\/span>How many refresher hours do I need to collect to renew my licence?<\/h5>\n                                <\/div>\n                                <div class=\"acc-content\">\n                                    <div class=\"text\">\n                                        <p>The duration of compulsory refresher training for optometrists shall be at least 60 hours every 5 years.<br \/>\nFind out more about the licensing rules and professional development requirements for personal health care professionals:<\/p>\n<p><a href=\"https:\/\/www.e-tar.lt\/portal\/lt\/legalAct\/36419490363b11eb8d9fe110e148c770\/asr\">https:\/\/www.e-tar.lt\/portal\/lt\/legalAct\/36419490363b11eb8d9fe110e148c770\/asr<\/a><\/p>\n                                    <\/div>\n                                <\/div>\n                            <\/li>\n\t\t\t\t\t\t\t\t\t\t\t\t\t\t<li class=\"accordion block\">\n                                <div class=\"acc-btn\">\n                                    <div class=\"icon-outer\"><\/div>\n                                    <h5><span>10. <\/span>What kind of institution can an optometrist work in?<\/h5>\n                                <\/div>\n                                <div class=\"acc-content\">\n                                    <div class=\"text\">\n                                        <p>\nA healthcare professional may practise as an optometrist in an establishment licensed to provide the relevant personal healthcare services.<\/p>\n                                    <\/div>\n                                <\/div>\n                            <\/li>\n\t\t\t\t\t\t\t\t\t\t\t\t\t\t<li class=\"accordion block\">\n                                <div class=\"acc-btn\">\n                                    <div class=\"icon-outer\"><\/div>\n                                    <h5><span>11. <\/span>Where can I work after qualifying as an optometrist?<\/h5>\n                                <\/div>\n                                <div class=\"acc-content\">\n                                    <div class=\"text\">\n                                        <p>Successful completion of optometry studies will allow you to work in hospitals, clinics, public and private personal health care institutions, optical salons, social care institutions, as well as companies producing optical technologies.<\/p>\n                                    <\/div>\n                                <\/div>\n                            <\/li>\n\t\t\t\t\t\t\t                        <\/ul>\n                        <div class=\"form-inner\">\n                            <div class=\"text\">\n                                <h3><\/h3>\n                                <p><\/p>\n                            <\/div>\n\t\t\t\t\t\t\t\n\t\t\t\t\t\t\t                            <div class=\"question-form\">\n\t\t\t\t\t\t\t\t\n<div class=\"wpcf7 no-js\" id=\"wpcf7-f955-o1\" lang=\"en-US\" dir=\"ltr\" data-wpcf7-id=\"955\">\n<div class=\"screen-reader-response\"><p role=\"status\" aria-live=\"polite\" aria-atomic=\"true\"><\/p> <ul><\/ul><\/div>\n<form action=\"\/en\/wp-json\/wp\/v2\/pages\/694#wpcf7-f955-o1\" method=\"post\" class=\"wpcf7-form init\" aria-label=\"Contact form\" novalidate=\"novalidate\" data-status=\"init\" data-trp-original-action=\"\/en\/wp-json\/wp\/v2\/pages\/694#wpcf7-f955-o1\">\n<fieldset class=\"hidden-fields-container\"><input type=\"hidden\" name=\"_wpcf7\" value=\"955\" \/><input type=\"hidden\" name=\"_wpcf7_version\" value=\"6.1.5\" \/><input type=\"hidden\" name=\"_wpcf7_locale\" value=\"en_US\" \/><input type=\"hidden\" name=\"_wpcf7_unit_tag\" value=\"wpcf7-f955-o1\" \/><input type=\"hidden\" name=\"_wpcf7_container_post\" value=\"0\" \/><input type=\"hidden\" name=\"_wpcf7_posted_data_hash\" value=\"\" \/><input type=\"hidden\" name=\"_wpcf7_recaptcha_response\" value=\"\" \/>\n<\/fieldset>\n<div class=\"row clearfix\">\n\t<div class=\"col-lg-6 col-md-6 col-sm-12 big-column\">\n\t\t<div class=\"form-group\">\n\t\t\t<p><span class=\"wpcf7-form-control-wrap\" data-name=\"your-name\"><input size=\"40\" maxlength=\"400\" class=\"wpcf7-form-control wpcf7-text wpcf7-validates-as-required\" aria-required=\"true\" aria-invalid=\"false\" placeholder=\"Your name\" value=\"\" type=\"text\" name=\"your-name\" \/><\/span>\n\t\t\t<\/p>\n\t\t<\/div>\n\t\t<div class=\"form-group\">\n\t\t\t<p><span class=\"wpcf7-form-control-wrap\" data-name=\"your-email\"><input size=\"40\" maxlength=\"400\" class=\"wpcf7-form-control wpcf7-email wpcf7-validates-as-required wpcf7-text wpcf7-validates-as-email\" aria-required=\"true\" aria-invalid=\"false\" placeholder=\"Your email\" value=\"\" type=\"email\" name=\"your-email\" \/><\/span>\n\t\t\t<\/p>\n\t\t<\/div>\n\t\t<div class=\"form-group\">\n\t\t\t<p><span class=\"wpcf7-form-control-wrap\" data-name=\"your-subject\"><input size=\"40\" maxlength=\"400\" class=\"wpcf7-form-control wpcf7-text wpcf7-validates-as-required\" aria-required=\"true\" aria-invalid=\"false\" placeholder=\"Subject\" value=\"\" type=\"text\" name=\"your-subject\" \/><\/span>\n\t\t\t<\/p>\n\t\t<\/div>\n\t<\/div>\n\t<div class=\"col-lg-6 col-md-6 col-sm-12 big-column\">\n\t\t<div class=\"form-group\">\n\t\t\t<p><span class=\"wpcf7-form-control-wrap\" data-name=\"your-message\"><textarea cols=\"40\" rows=\"10\" maxlength=\"2000\" class=\"wpcf7-form-control wpcf7-textarea\" aria-invalid=\"false\" placeholder=\"Write a question ...\" name=\"your-message\"><\/textarea><\/span>\n\t\t\t<\/p>\n\t\t<\/div>\n\t<\/div>\n\t<div class=\"col-lg-12 col-md-12 col-sm-12 big-column\">\n\t\t<div class=\"message-btn centred\">\n\t\t\t<p><input class=\"wpcf7-form-control wpcf7-submit has-spinner theme-btn\" type=\"submit\" value=\"Send to\" \/>\n\t\t\t<\/p>\n\t\t<\/div>\n\t<\/div>\n<\/div><div class=\"wpcf7-response-output\" aria-hidden=\"true\"><\/div>\n<input type=\"hidden\" name=\"trp-form-language\" value=\"en\"\/><\/form>\n<\/div>\n                            <\/div>\n\t\t\t\t\t\t\t                        <\/div>\n                    <\/div>\n                <\/div>\n            <\/div>\n        <\/section>\n        <!-- faq-page-section end -->\n\n        \t\t\t\t<\/div>\n\t\t\t\t<\/div>\n\t\t\t\t\t<\/div>\n\t\t<\/div>\n\t\t\t\t\t<\/div>\n\t\t<\/section>\n\t\t\t\t<\/div>","protected":false},"excerpt":{"rendered":"<p>Gaukite atsakymus Raskite tai, ko Jums reikia View faq\u2019s 01. Optometrininko kompetencijos? Optometrin\u0117 prie\u017ei\u016bra \u2013 asmens sveikatos prie\u017ei\u016bros dalis, apimanti regos, akies refrakcijos ir jos pakitim\u0173 tyrim\u0105, korekcij\u0105 akiniais ir [&hellip;]<\/p>\n","protected":false},"author":3,"featured_media":0,"parent":0,"menu_order":0,"comment_status":"closed","ping_status":"closed","template":"tpl-default-elementor.php","meta":{"_EventAllDay":false,"_EventTimezone":"","_EventStartDate":"","_EventEndDate":"","_EventStartDateUTC":"","_EventEndDateUTC":"","_EventShowMap":false,"_EventShowMapLink":false,"_EventURL":"","_EventCost":"","_EventCostDescription":"","_EventCurrencySymbol":"","_EventCurrencyCode":"","_EventCurrencyPosition":"","_EventDateTimeSeparator":"","_EventTimeRangeSeparator":"","_EventOrganizerID":[],"_EventVenueID":[],"_OrganizerEmail":"","_OrganizerPhone":"","_OrganizerWebsite":"","_VenueAddress":"","_VenueCity":"","_VenueCountry":"","_VenueProvince":"","_VenueState":"","_VenueZip":"","_VenuePhone":"","_VenueURL":"","_VenueStateProvince":"","_VenueLat":"","_VenueLng":"","_VenueShowMap":false,"_VenueShowMapLink":false,"footnotes":""},"class_list":["post-694","page","type-page","status-publish","hentry"],"yoast_head":"<!-- This site is optimized with the Yoast SEO plugin v27.2 - https:\/\/yoast.com\/product\/yoast-seo-wordpress\/ -->\n<title>D.U.K &#060;<\/title>\n<meta name=\"robots\" content=\"index, follow, max-snippet:-1, max-image-preview:large, max-video-preview:-1\" \/>\n<link rel=\"canonical\" href=\"https:\/\/optometrininkuasociacija.lt\/en\/duk\/\" \/>\n<meta property=\"og:locale\" content=\"en_GB\" \/>\n<meta property=\"og:type\" content=\"article\" \/>\n<meta property=\"og:title\" content=\"D.U.K &#060;\" \/>\n<meta property=\"og:description\" content=\"Gaukite atsakymus Raskite tai, ko Jums reikia View faq\u2019s 01. Optometrininko kompetencijos? Optometrin\u0117 prie\u017ei\u016bra \u2013 asmens sveikatos prie\u017ei\u016bros dalis, apimanti regos, akies refrakcijos ir jos pakitim\u0173 tyrim\u0105, korekcij\u0105 akiniais ir [&hellip;]\" \/>\n<meta property=\"og:url\" content=\"https:\/\/optometrininkuasociacija.lt\/en\/duk\/\" \/>\n<meta property=\"article:modified_time\" content=\"2022-09-13T13:52:19+00:00\" \/>\n<meta name=\"twitter:card\" content=\"summary_large_image\" \/>\n<meta name=\"twitter:label1\" content=\"Estimated reading time\" \/>\n\t<meta name=\"twitter:data1\" content=\"3 minutes\" \/>\n<script type=\"application\/ld+json\" class=\"yoast-schema-graph\">{\"@context\":\"https:\/\/schema.org\",\"@graph\":[{\"@type\":\"WebPage\",\"@id\":\"https:\/\/optometrininkuasociacija.lt\/duk\/\",\"url\":\"https:\/\/optometrininkuasociacija.lt\/duk\/\",\"name\":\"D.U.K &#060;\",\"isPartOf\":{\"@id\":\"https:\/\/optometrininkuasociacija.lt\/#website\"},\"datePublished\":\"2021-06-01T16:04:55+00:00\",\"dateModified\":\"2022-09-13T13:52:19+00:00\",\"breadcrumb\":{\"@id\":\"https:\/\/optometrininkuasociacija.lt\/duk\/#breadcrumb\"},\"inLanguage\":\"en-GB\",\"potentialAction\":[{\"@type\":\"ReadAction\",\"target\":[\"https:\/\/optometrininkuasociacija.lt\/duk\/\"]}]},{\"@type\":\"BreadcrumbList\",\"@id\":\"https:\/\/optometrininkuasociacija.lt\/duk\/#breadcrumb\",\"itemListElement\":[{\"@type\":\"ListItem\",\"position\":1,\"name\":\"Home\",\"item\":\"https:\/\/optometrininkuasociacija.lt\/\"},{\"@type\":\"ListItem\",\"position\":2,\"name\":\"D.U.K\"}]},{\"@type\":\"WebSite\",\"@id\":\"https:\/\/optometrininkuasociacija.lt\/#website\",\"url\":\"https:\/\/optometrininkuasociacija.lt\/\",\"name\":\"\",\"description\":\"\",\"potentialAction\":[{\"@type\":\"SearchAction\",\"target\":{\"@type\":\"EntryPoint\",\"urlTemplate\":\"https:\/\/optometrininkuasociacija.lt\/?s={search_term_string}\"},\"query-input\":{\"@type\":\"PropertyValueSpecification\",\"valueRequired\":true,\"valueName\":\"search_term_string\"}}],\"inLanguage\":\"en-GB\"}]}<\/script>\n<!-- \/ Yoast SEO plugin. -->","yoast_head_json":{"title":"D.U.K &#060;","robots":{"index":"index","follow":"follow","max-snippet":"max-snippet:-1","max-image-preview":"max-image-preview:large","max-video-preview":"max-video-preview:-1"},"canonical":"https:\/\/optometrininkuasociacija.lt\/en\/duk\/","og_locale":"en_GB","og_type":"article","og_title":"D.U.K &#060;","og_description":"Gaukite atsakymus Raskite tai, ko Jums reikia View faq\u2019s 01. Optometrininko kompetencijos? Optometrin\u0117 prie\u017ei\u016bra \u2013 asmens sveikatos prie\u017ei\u016bros dalis, apimanti regos, akies refrakcijos ir jos pakitim\u0173 tyrim\u0105, korekcij\u0105 akiniais ir [&hellip;]","og_url":"https:\/\/optometrininkuasociacija.lt\/en\/duk\/","article_modified_time":"2022-09-13T13:52:19+00:00","twitter_card":"summary_large_image","twitter_misc":{"Estimated reading time":"3 minutes"},"schema":{"@context":"https:\/\/schema.org","@graph":[{"@type":"WebPage","@id":"https:\/\/optometrininkuasociacija.lt\/duk\/","url":"https:\/\/optometrininkuasociacija.lt\/duk\/","name":"D.U.K &#060;","isPartOf":{"@id":"https:\/\/optometrininkuasociacija.lt\/#website"},"datePublished":"2021-06-01T16:04:55+00:00","dateModified":"2022-09-13T13:52:19+00:00","breadcrumb":{"@id":"https:\/\/optometrininkuasociacija.lt\/duk\/#breadcrumb"},"inLanguage":"en-GB","potentialAction":[{"@type":"ReadAction","target":["https:\/\/optometrininkuasociacija.lt\/duk\/"]}]},{"@type":"BreadcrumbList","@id":"https:\/\/optometrininkuasociacija.lt\/duk\/#breadcrumb","itemListElement":[{"@type":"ListItem","position":1,"name":"Home","item":"https:\/\/optometrininkuasociacija.lt\/"},{"@type":"ListItem","position":2,"name":"D.U.K"}]},{"@type":"WebSite","@id":"https:\/\/optometrininkuasociacija.lt\/#website","url":"https:\/\/optometrininkuasociacija.lt\/","name":"","description":"","potentialAction":[{"@type":"SearchAction","target":{"@type":"EntryPoint","urlTemplate":"https:\/\/optometrininkuasociacija.lt\/?s={search_term_string}"},"query-input":{"@type":"PropertyValueSpecification","valueRequired":true,"valueName":"search_term_string"}}],"inLanguage":"en-GB"}]}},"_links":{"self":[{"href":"https:\/\/optometrininkuasociacija.lt\/en\/wp-json\/wp\/v2\/pages\/694","targetHints":{"allow":["GET"]}}],"collection":[{"href":"https:\/\/optometrininkuasociacija.lt\/en\/wp-json\/wp\/v2\/pages"}],"about":[{"href":"https:\/\/optometrininkuasociacija.lt\/en\/wp-json\/wp\/v2\/types\/page"}],"author":[{"embeddable":true,"href":"https:\/\/optometrininkuasociacija.lt\/en\/wp-json\/wp\/v2\/users\/3"}],"replies":[{"embeddable":true,"href":"https:\/\/optometrininkuasociacija.lt\/en\/wp-json\/wp\/v2\/comments?post=694"}],"version-history":[{"count":41,"href":"https:\/\/optometrininkuasociacija.lt\/en\/wp-json\/wp\/v2\/pages\/694\/revisions"}],"predecessor-version":[{"id":3828,"href":"https:\/\/optometrininkuasociacija.lt\/en\/wp-json\/wp\/v2\/pages\/694\/revisions\/3828"}],"wp:attachment":[{"href":"https:\/\/optometrininkuasociacija.lt\/en\/wp-json\/wp\/v2\/media?parent=694"}],"curies":[{"name":"wp","href":"https:\/\/api.w.org\/{rel}","templated":true}]}}