{"id":785,"date":"2021-06-01T17:38:54","date_gmt":"2021-06-01T17:38:54","guid":{"rendered":"http:\/\/fastwpdemo.com\/newwp\/whitehall\/?page_id=785"},"modified":"2022-09-12T16:30:37","modified_gmt":"2022-09-12T16:30:37","slug":"viesi-asociacijos-dokumentai","status":"publish","type":"page","link":"https:\/\/optometrininkuasociacija.lt\/en\/teisine-baze\/viesi-asociacijos-dokumentai\/","title":{"rendered":"Public association documents"},"content":{"rendered":"<div data-elementor-type=\"wp-page\" data-elementor-id=\"785\" class=\"elementor elementor-785\">\n\t\t\t\t\t\t<section class=\"elementor-section elementor-top-section elementor-element elementor-element-0e79825 elementor-section-boxed elementor-section-height-default elementor-section-height-default\" data-id=\"0e79825\" data-element_type=\"section\" data-e-type=\"section\">\n\t\t\t\t\t\t<div class=\"elementor-container elementor-column-gap-default\">\n\t\t\t\t\t<div class=\"elementor-column elementor-col-100 elementor-top-column elementor-element elementor-element-50f70b9\" data-id=\"50f70b9\" data-element_type=\"column\" data-e-type=\"column\">\n\t\t\t<div class=\"elementor-widget-wrap elementor-element-populated\">\n\t\t\t\t\t\t<div class=\"elementor-element elementor-element-c6b6896 elementor-widget elementor-widget-text-editor\" data-id=\"c6b6896\" data-element_type=\"widget\" data-e-type=\"widget\" data-widget_type=\"text-editor.default\">\n\t\t\t\t<div class=\"elementor-widget-container\">\n\t\t\t\t\t\t\t\t\t<h1 style=\"text-align: center;\">Public association documents<\/h1>\t\t\t\t\t\t\t\t<\/div>\n\t\t\t\t<\/div>\n\t\t\t\t\t<\/div>\n\t\t<\/div>\n\t\t\t\t\t<\/div>\n\t\t<\/section>\n\t\t\t\t<section class=\"elementor-section elementor-top-section elementor-element elementor-element-277cabb elementor-section-boxed elementor-section-height-default elementor-section-height-default\" data-id=\"277cabb\" data-element_type=\"section\" data-e-type=\"section\">\n\t\t\t\t\t\t<div class=\"elementor-container elementor-column-gap-default\">\n\t\t\t\t\t<div class=\"elementor-column elementor-col-50 elementor-top-column elementor-element elementor-element-c9e8456\" data-id=\"c9e8456\" data-element_type=\"column\" data-e-type=\"column\">\n\t\t\t<div class=\"elementor-widget-wrap elementor-element-populated\">\n\t\t\t\t\t\t<div class=\"elementor-element elementor-element-03fb02b elementor-widget elementor-widget-image\" data-id=\"03fb02b\" data-element_type=\"widget\" data-e-type=\"widget\" data-widget_type=\"image.default\">\n\t\t\t\t<div class=\"elementor-widget-container\">\n\t\t\t\t\t\t\t\t\t\t\t\t\t\t\t<img decoding=\"async\" width=\"128\" height=\"128\" src=\"https:\/\/optometrininkuasociacija.lt\/wp-content\/uploads\/2022\/07\/eye.png\" class=\"attachment-large size-large wp-image-2427\" alt=\"\" srcset=\"https:\/\/optometrininkuasociacija.lt\/wp-content\/uploads\/2022\/07\/eye.png 128w, https:\/\/optometrininkuasociacija.lt\/wp-content\/uploads\/2022\/07\/eye-120x120.png 120w, https:\/\/optometrininkuasociacija.lt\/wp-content\/uploads\/2022\/07\/eye-60x60.png 60w, https:\/\/optometrininkuasociacija.lt\/wp-content\/uploads\/2022\/07\/eye-70x70.png 70w\" sizes=\"(max-width: 128px) 100vw, 128px\" \/>\t\t\t\t\t\t\t\t\t\t\t\t\t\t\t<\/div>\n\t\t\t\t<\/div>\n\t\t\t\t\t<\/div>\n\t\t<\/div>\n\t\t\t\t<div class=\"elementor-column elementor-col-50 elementor-top-column elementor-element elementor-element-eb93c21\" data-id=\"eb93c21\" data-element_type=\"column\" data-e-type=\"column\">\n\t\t\t<div class=\"elementor-widget-wrap elementor-element-populated\">\n\t\t\t\t\t\t<div class=\"elementor-element elementor-element-5ee277f elementor-widget elementor-widget-text-editor\" data-id=\"5ee277f\" data-element_type=\"widget\" data-e-type=\"widget\" data-widget_type=\"text-editor.default\">\n\t\t\t\t<div class=\"elementor-widget-container\">\n\t\t\t\t\t\t\t\t\t<div class=\"articles_title uppercase\">CERTIFICATE OF RECOMMENDED ACCESS TO THE VIRTUAL LIBRARY ELVIS<\/div>\n<div class=\"articles_summary\">\n\n<strong>IMPORTANT:<\/strong>\u00a0The form of the certificate is approved by agreement between the LOA and the LAB and cannot be changed in content or form.\n\n<a href=\"https:\/\/optometrininkuasociacija.lt\/wp-content\/uploads\/2022\/09\/elvis-pazyma-galutine-05-31-1.docx\">\/out_data\/elvis-prompt-final-05-31.docx<\/a>\n\n<\/div>\t\t\t\t\t\t\t\t<\/div>\n\t\t\t\t<\/div>\n\t\t\t\t\t<\/div>\n\t\t<\/div>\n\t\t\t\t\t<\/div>\n\t\t<\/section>\n\t\t\t\t<section class=\"elementor-section elementor-top-section elementor-element elementor-element-8555e8e elementor-section-boxed elementor-section-height-default elementor-section-height-default\" data-id=\"8555e8e\" data-element_type=\"section\" data-e-type=\"section\">\n\t\t\t\t\t\t<div class=\"elementor-container elementor-column-gap-default\">\n\t\t\t\t\t<div class=\"elementor-column elementor-col-50 elementor-top-column elementor-element elementor-element-5430ff0\" data-id=\"5430ff0\" data-element_type=\"column\" data-e-type=\"column\">\n\t\t\t<div class=\"elementor-widget-wrap elementor-element-populated\">\n\t\t\t\t\t\t<div class=\"elementor-element elementor-element-1d6f2fd elementor-widget elementor-widget-text-editor\" data-id=\"1d6f2fd\" data-element_type=\"widget\" data-e-type=\"widget\" data-widget_type=\"text-editor.default\">\n\t\t\t\t<div class=\"elementor-widget-container\">\n\t\t\t\t\t\t\t\t\t<div class=\"articles_title uppercase\">REPORT BY THE PRESIDENT OF THE ASSOCIATION V. KA\u010cERGIEN\u0116 TO THE EXPERTS OF THE CENTRE FOR QUALITY ASSESSMENT OF STUDIES (CQAS) EVALUATING THE NEW BACHELOR'S DEGREE PROGRAMME IN OPTOMETRY AT THE VU MF<\/div><div class=\"articles_summary\"><p><a href=\"\/wp-content\/uploads\/2022\/07\/optometrija-loa_2021_01_18.pdf\">Report<\/a><\/p><\/div>\t\t\t\t\t\t\t\t<\/div>\n\t\t\t\t<\/div>\n\t\t\t\t\t<\/div>\n\t\t<\/div>\n\t\t\t\t<div class=\"elementor-column elementor-col-50 elementor-top-column elementor-element elementor-element-43fc930\" data-id=\"43fc930\" data-element_type=\"column\" data-e-type=\"column\">\n\t\t\t<div class=\"elementor-widget-wrap elementor-element-populated\">\n\t\t\t\t\t\t<div class=\"elementor-element elementor-element-7be8777 elementor-widget elementor-widget-image\" data-id=\"7be8777\" data-element_type=\"widget\" data-e-type=\"widget\" data-widget_type=\"image.default\">\n\t\t\t\t<div class=\"elementor-widget-container\">\n\t\t\t\t\t\t\t\t\t\t\t\t\t\t\t<img decoding=\"async\" width=\"128\" height=\"128\" src=\"https:\/\/optometrininkuasociacija.lt\/wp-content\/uploads\/2022\/07\/eye.png\" class=\"attachment-large size-large wp-image-2427\" alt=\"\" srcset=\"https:\/\/optometrininkuasociacija.lt\/wp-content\/uploads\/2022\/07\/eye.png 128w, https:\/\/optometrininkuasociacija.lt\/wp-content\/uploads\/2022\/07\/eye-120x120.png 120w, https:\/\/optometrininkuasociacija.lt\/wp-content\/uploads\/2022\/07\/eye-60x60.png 60w, https:\/\/optometrininkuasociacija.lt\/wp-content\/uploads\/2022\/07\/eye-70x70.png 70w\" sizes=\"(max-width: 128px) 100vw, 128px\" \/>\t\t\t\t\t\t\t\t\t\t\t\t\t\t\t<\/div>\n\t\t\t\t<\/div>\n\t\t\t\t\t<\/div>\n\t\t<\/div>\n\t\t\t\t\t<\/div>\n\t\t<\/section>\n\t\t\t\t<section class=\"elementor-section elementor-top-section elementor-element elementor-element-fd9c16d elementor-section-boxed elementor-section-height-default elementor-section-height-default\" data-id=\"fd9c16d\" data-element_type=\"section\" data-e-type=\"section\">\n\t\t\t\t\t\t<div class=\"elementor-container elementor-column-gap-default\">\n\t\t\t\t\t<div class=\"elementor-column elementor-col-50 elementor-top-column elementor-element elementor-element-b6aed94\" data-id=\"b6aed94\" data-element_type=\"column\" data-e-type=\"column\">\n\t\t\t<div class=\"elementor-widget-wrap elementor-element-populated\">\n\t\t\t\t\t\t<div class=\"elementor-element elementor-element-84c7d79 elementor-widget elementor-widget-image\" data-id=\"84c7d79\" data-element_type=\"widget\" data-e-type=\"widget\" data-widget_type=\"image.default\">\n\t\t\t\t<div class=\"elementor-widget-container\">\n\t\t\t\t\t\t\t\t\t\t\t\t\t\t\t<img decoding=\"async\" width=\"128\" height=\"128\" src=\"https:\/\/optometrininkuasociacija.lt\/wp-content\/uploads\/2022\/07\/eye.png\" class=\"attachment-large size-large wp-image-2427\" alt=\"\" srcset=\"https:\/\/optometrininkuasociacija.lt\/wp-content\/uploads\/2022\/07\/eye.png 128w, https:\/\/optometrininkuasociacija.lt\/wp-content\/uploads\/2022\/07\/eye-120x120.png 120w, https:\/\/optometrininkuasociacija.lt\/wp-content\/uploads\/2022\/07\/eye-60x60.png 60w, https:\/\/optometrininkuasociacija.lt\/wp-content\/uploads\/2022\/07\/eye-70x70.png 70w\" sizes=\"(max-width: 128px) 100vw, 128px\" \/>\t\t\t\t\t\t\t\t\t\t\t\t\t\t\t<\/div>\n\t\t\t\t<\/div>\n\t\t\t\t\t<\/div>\n\t\t<\/div>\n\t\t\t\t<div class=\"elementor-column elementor-col-50 elementor-top-column elementor-element elementor-element-55fd2cc\" data-id=\"55fd2cc\" data-element_type=\"column\" data-e-type=\"column\">\n\t\t\t<div class=\"elementor-widget-wrap elementor-element-populated\">\n\t\t\t\t\t\t<div class=\"elementor-element elementor-element-b43706c elementor-widget elementor-widget-text-editor\" data-id=\"b43706c\" data-element_type=\"widget\" data-e-type=\"widget\" data-widget_type=\"text-editor.default\">\n\t\t\t\t<div class=\"elementor-widget-container\">\n\t\t\t\t\t\t\t\t\t<div class=\"articles_title uppercase\">METHODOLOGICAL GUIDELINES DEVELOPED BY THE LITHUANIAN OPTOMETRIC ASSOCIATION<\/div><div class=\"articles_summary\"><p><a href=\"\/wp-content\/uploads\/2022\/07\/galutinis_subjektyviosios-refrakcijos-tyrimo-metod.-rekom.-.pdf\">Methodological guidelines for subjective refraction and accommodative function tests<\/a>\u00a0*<\/p><p>* Information published on the Ministry of Health website<\/p><\/div>\t\t\t\t\t\t\t\t<\/div>\n\t\t\t\t<\/div>\n\t\t\t\t\t<\/div>\n\t\t<\/div>\n\t\t\t\t\t<\/div>\n\t\t<\/section>\n\t\t\t\t<section class=\"elementor-section elementor-top-section elementor-element elementor-element-118e74c elementor-section-boxed elementor-section-height-default elementor-section-height-default\" data-id=\"118e74c\" data-element_type=\"section\" data-e-type=\"section\">\n\t\t\t\t\t\t<div class=\"elementor-container elementor-column-gap-default\">\n\t\t\t\t\t<div class=\"elementor-column elementor-col-50 elementor-top-column elementor-element elementor-element-46602f6\" data-id=\"46602f6\" data-element_type=\"column\" data-e-type=\"column\">\n\t\t\t<div class=\"elementor-widget-wrap elementor-element-populated\">\n\t\t\t\t\t\t<div class=\"elementor-element elementor-element-5d33cc1 elementor-widget elementor-widget-text-editor\" data-id=\"5d33cc1\" data-element_type=\"widget\" data-e-type=\"widget\" data-widget_type=\"text-editor.default\">\n\t\t\t\t<div class=\"elementor-widget-container\">\n\t\t\t\t\t\t\t\t\t<div class=\"articles_title uppercase\">OPTOMETRIC EXAMINATION REFERENCE CARD<\/div><div class=\"articles_summary\"><p>1.\u00a0<a href=\"\/wp-content\/uploads\/2022\/07\/pranesimas-del-optometrines-apziuros-korteles-formos-1.pdf\">Report<\/a><\/p><p>2.\u00a0<a href=\"\/wp-content\/uploads\/2022\/07\/pristatymas_optometrines-apziuros-kortele.pdf\">Presentation to the Association's Members' Meeting<\/a><\/p><p>3.\u00a0<a href=\"\/wp-content\/uploads\/2022\/07\/rekomendacine-optometrines-apziuros-kortele_minimizuota_a5.pdf\">Optometric Examination Recommendation Card<\/a><\/p><\/div>\t\t\t\t\t\t\t\t<\/div>\n\t\t\t\t<\/div>\n\t\t\t\t\t<\/div>\n\t\t<\/div>\n\t\t\t\t<div class=\"elementor-column elementor-col-50 elementor-top-column elementor-element elementor-element-58f1ba8\" data-id=\"58f1ba8\" data-element_type=\"column\" data-e-type=\"column\">\n\t\t\t<div class=\"elementor-widget-wrap elementor-element-populated\">\n\t\t\t\t\t\t<div class=\"elementor-element elementor-element-280eb25 elementor-widget elementor-widget-image\" data-id=\"280eb25\" data-element_type=\"widget\" data-e-type=\"widget\" data-widget_type=\"image.default\">\n\t\t\t\t<div class=\"elementor-widget-container\">\n\t\t\t\t\t\t\t\t\t\t\t\t\t\t\t<img decoding=\"async\" width=\"128\" height=\"128\" src=\"https:\/\/optometrininkuasociacija.lt\/wp-content\/uploads\/2022\/07\/eye.png\" class=\"attachment-large size-large wp-image-2427\" alt=\"\" srcset=\"https:\/\/optometrininkuasociacija.lt\/wp-content\/uploads\/2022\/07\/eye.png 128w, https:\/\/optometrininkuasociacija.lt\/wp-content\/uploads\/2022\/07\/eye-120x120.png 120w, https:\/\/optometrininkuasociacija.lt\/wp-content\/uploads\/2022\/07\/eye-60x60.png 60w, https:\/\/optometrininkuasociacija.lt\/wp-content\/uploads\/2022\/07\/eye-70x70.png 70w\" sizes=\"(max-width: 128px) 100vw, 128px\" \/>\t\t\t\t\t\t\t\t\t\t\t\t\t\t\t<\/div>\n\t\t\t\t<\/div>\n\t\t\t\t\t<\/div>\n\t\t<\/div>\n\t\t\t\t\t<\/div>\n\t\t<\/section>\n\t\t\t\t<section class=\"elementor-section elementor-top-section elementor-element elementor-element-ed6fa50 elementor-section-boxed elementor-section-height-default elementor-section-height-default\" data-id=\"ed6fa50\" data-element_type=\"section\" data-e-type=\"section\">\n\t\t\t\t\t\t<div class=\"elementor-container elementor-column-gap-default\">\n\t\t\t\t\t<div class=\"elementor-column elementor-col-50 elementor-top-column elementor-element elementor-element-daab685\" data-id=\"daab685\" data-element_type=\"column\" data-e-type=\"column\">\n\t\t\t<div class=\"elementor-widget-wrap elementor-element-populated\">\n\t\t\t\t\t\t<div class=\"elementor-element elementor-element-e1c329a elementor-widget elementor-widget-image\" data-id=\"e1c329a\" data-element_type=\"widget\" data-e-type=\"widget\" data-widget_type=\"image.default\">\n\t\t\t\t<div class=\"elementor-widget-container\">\n\t\t\t\t\t\t\t\t\t\t\t\t\t\t\t<img decoding=\"async\" width=\"128\" height=\"128\" src=\"https:\/\/optometrininkuasociacija.lt\/wp-content\/uploads\/2022\/07\/eye.png\" class=\"attachment-large size-large wp-image-2427\" alt=\"\" srcset=\"https:\/\/optometrininkuasociacija.lt\/wp-content\/uploads\/2022\/07\/eye.png 128w, https:\/\/optometrininkuasociacija.lt\/wp-content\/uploads\/2022\/07\/eye-120x120.png 120w, https:\/\/optometrininkuasociacija.lt\/wp-content\/uploads\/2022\/07\/eye-60x60.png 60w, https:\/\/optometrininkuasociacija.lt\/wp-content\/uploads\/2022\/07\/eye-70x70.png 70w\" sizes=\"(max-width: 128px) 100vw, 128px\" \/>\t\t\t\t\t\t\t\t\t\t\t\t\t\t\t<\/div>\n\t\t\t\t<\/div>\n\t\t\t\t\t<\/div>\n\t\t<\/div>\n\t\t\t\t<div class=\"elementor-column elementor-col-50 elementor-top-column elementor-element elementor-element-1e6aaa4\" data-id=\"1e6aaa4\" data-element_type=\"column\" data-e-type=\"column\">\n\t\t\t<div class=\"elementor-widget-wrap elementor-element-populated\">\n\t\t\t\t\t\t<div class=\"elementor-element elementor-element-67b5ed3 elementor-widget elementor-widget-text-editor\" data-id=\"67b5ed3\" data-element_type=\"widget\" data-e-type=\"widget\" data-widget_type=\"text-editor.default\">\n\t\t\t\t<div class=\"elementor-widget-container\">\n\t\t\t\t\t\t\t\t\t<div class=\"articles_title uppercase\"><div class=\"row\"><div class=\"col-xs-12 col-sm-12 col-md-12\"><div id=\"title\"><h3>RECOMMENDATIONS DURING THE SPREAD OF INFECTIONS<\/h3><div class=\"separator\">\u00a0<\/div><\/div><\/div><\/div><div class=\"row\"><div class=\"col-xs-12 col-sm-12 col-md-12\"><div class=\"module_text\"><p><a href=\"\/wp-content\/uploads\/2022\/07\/rekomendacijos_01.pdf\">1. Recommendations for optometric practice during COVID-19 infection<\/a><\/p><p><a href=\"\/wp-content\/uploads\/2022\/07\/ranku-higiena-optometrininko-praktikoje.pdf\">2. Hand hygiene in optometric practice<\/a><\/p><p><a href=\"https:\/\/www.youtube.com\/watch?v=OABvzu9e-hw\">3. Wearing a medical mask correctly (video)<\/a><\/p><p><a href=\"https:\/\/www.youtube.com\/watch?v=_o9SxDFPUiA\">4. Important: the contact route of infection (video)<\/a><\/p><p><strong>Useful links:<\/strong><\/p><p><a href=\"https:\/\/lrv.lt\/lt\/naujienos\/covid-19-pandemijos-valdymo-priemones-informacija-atnaujinta-2020-m-gruodzio-23-d\">1. COVID-19 pandemic management measures<\/a><\/p><p><a href=\"https:\/\/www.hi.lt\/lt\/virsutinis-meniu\/naujienos\/naujienos-2\/2022-2.html?fbclid=IwAR0JagmFuXrIuQz3-aLeZDYMygFX9w2neO2QJjLVedL9oZsPIAZ8gVzck1E\">2. Information from the Institute of Hygiene<\/a><\/p><p><a href=\"https:\/\/vaspvt.gov.lt\/files\/Medicinos_prietaisai\/MEDICININ%C4%96S%20%28CHIRURGIN%C4%96S%29%20VEIDO%20KAUK%C4%96S.pdf\">3. MEDICAL (SURGICAL) CASES.pdf (vaspvt.gov.lt)<\/a><\/p><\/div><\/div><\/div><\/div>\t\t\t\t\t\t\t\t<\/div>\n\t\t\t\t<\/div>\n\t\t\t\t\t<\/div>\n\t\t<\/div>\n\t\t\t\t\t<\/div>\n\t\t<\/section>\n\t\t\t\t<\/div>","protected":false},"excerpt":{"rendered":"<p>Vie\u0161i asociacijos dokumentai PA\u017dYMA D\u0116L REKOMENDUOJAMOS VIRTUALIOS BIBLIOTEKOS ELVIS PRIEIGOS SVARBU:\u00a0Pa\u017eymos forma yra patvirtinta LOA ir LAB sutarimu, tod\u0117l jos turinio ar formos keitimas n\u0117ra galimas. \/out_data\/elvis-pazyma-galutine-05-31.docx ASOCIACIJOS PREZIDENT\u0116S V. [&hellip;]<\/p>\n","protected":false},"author":3,"featured_media":0,"parent":741,"menu_order":0,"comment_status":"closed","ping_status":"closed","template":"tpl-default-elementor.php","meta":{"_EventAllDay":false,"_EventTimezone":"","_EventStartDate":"","_EventEndDate":"","_EventStartDateUTC":"","_EventEndDateUTC":"","_EventShowMap":false,"_EventShowMapLink":false,"_EventURL":"","_EventCost":"","_EventCostDescription":"","_EventCurrencySymbol":"","_EventCurrencyCode":"","_EventCurrencyPosition":"","_EventDateTimeSeparator":"","_EventTimeRangeSeparator":"","_EventOrganizerID":[],"_EventVenueID":[],"_OrganizerEmail":"","_OrganizerPhone":"","_OrganizerWebsite":"","_VenueAddress":"","_VenueCity":"","_VenueCountry":"","_VenueProvince":"","_VenueState":"","_VenueZip":"","_VenuePhone":"","_VenueURL":"","_VenueStateProvince":"","_VenueLat":"","_VenueLng":"","_VenueShowMap":false,"_VenueShowMapLink":false,"footnotes":""},"class_list":["post-785","page","type-page","status-publish","hentry"],"yoast_head":"<!-- This site is optimized with the Yoast SEO plugin v27.2 - https:\/\/yoast.com\/product\/yoast-seo-wordpress\/ -->\n<title>Vie\u0161i asociacijos dokumentai<\/title>\n<meta name=\"robots\" content=\"index, follow, max-snippet:-1, max-image-preview:large, max-video-preview:-1\" \/>\n<link rel=\"canonical\" href=\"https:\/\/optometrininkuasociacija.lt\/en\/teisine-baze\/viesi-asociacijos-dokumentai\/\" \/>\n<meta property=\"og:locale\" content=\"en_GB\" \/>\n<meta property=\"og:type\" content=\"article\" \/>\n<meta property=\"og:title\" content=\"Vie\u0161i asociacijos dokumentai\" \/>\n<meta property=\"og:description\" content=\"Vie\u0161i asociacijos dokumentai PA\u017dYMA D\u0116L REKOMENDUOJAMOS VIRTUALIOS BIBLIOTEKOS ELVIS PRIEIGOS SVARBU:\u00a0Pa\u017eymos forma yra patvirtinta LOA ir LAB sutarimu, tod\u0117l jos turinio ar formos keitimas n\u0117ra galimas. \/out_data\/elvis-pazyma-galutine-05-31.docx ASOCIACIJOS PREZIDENT\u0116S V. [&hellip;]\" \/>\n<meta property=\"og:url\" content=\"https:\/\/optometrininkuasociacija.lt\/en\/teisine-baze\/viesi-asociacijos-dokumentai\/\" \/>\n<meta property=\"article:modified_time\" content=\"2022-09-12T16:30:37+00:00\" \/>\n<meta property=\"og:image\" content=\"https:\/\/optometrininkuasociacija.lt\/wp-content\/uploads\/2022\/07\/eye.png\" \/>\n<meta name=\"twitter:card\" content=\"summary_large_image\" \/>\n<meta name=\"twitter:label1\" content=\"Estimated reading time\" \/>\n\t<meta name=\"twitter:data1\" content=\"2 minutes\" \/>\n<script type=\"application\/ld+json\" class=\"yoast-schema-graph\">{\"@context\":\"https:\/\/schema.org\",\"@graph\":[{\"@type\":\"WebPage\",\"@id\":\"https:\/\/optometrininkuasociacija.lt\/teisine-baze\/viesi-asociacijos-dokumentai\/\",\"url\":\"https:\/\/optometrininkuasociacija.lt\/teisine-baze\/viesi-asociacijos-dokumentai\/\",\"name\":\"Vie\u0161i asociacijos dokumentai\",\"isPartOf\":{\"@id\":\"https:\/\/optometrininkuasociacija.lt\/#website\"},\"primaryImageOfPage\":{\"@id\":\"https:\/\/optometrininkuasociacija.lt\/teisine-baze\/viesi-asociacijos-dokumentai\/#primaryimage\"},\"image\":{\"@id\":\"https:\/\/optometrininkuasociacija.lt\/teisine-baze\/viesi-asociacijos-dokumentai\/#primaryimage\"},\"thumbnailUrl\":\"https:\/\/optometrininkuasociacija.lt\/wp-content\/uploads\/2022\/07\/eye.png\",\"datePublished\":\"2021-06-01T17:38:54+00:00\",\"dateModified\":\"2022-09-12T16:30:37+00:00\",\"breadcrumb\":{\"@id\":\"https:\/\/optometrininkuasociacija.lt\/teisine-baze\/viesi-asociacijos-dokumentai\/#breadcrumb\"},\"inLanguage\":\"en-GB\",\"potentialAction\":[{\"@type\":\"ReadAction\",\"target\":[\"https:\/\/optometrininkuasociacija.lt\/teisine-baze\/viesi-asociacijos-dokumentai\/\"]}]},{\"@type\":\"ImageObject\",\"inLanguage\":\"en-GB\",\"@id\":\"https:\/\/optometrininkuasociacija.lt\/teisine-baze\/viesi-asociacijos-dokumentai\/#primaryimage\",\"url\":\"https:\/\/optometrininkuasociacija.lt\/wp-content\/uploads\/2022\/07\/eye.png\",\"contentUrl\":\"https:\/\/optometrininkuasociacija.lt\/wp-content\/uploads\/2022\/07\/eye.png\"},{\"@type\":\"BreadcrumbList\",\"@id\":\"https:\/\/optometrininkuasociacija.lt\/teisine-baze\/viesi-asociacijos-dokumentai\/#breadcrumb\",\"itemListElement\":[{\"@type\":\"ListItem\",\"position\":1,\"name\":\"Home\",\"item\":\"https:\/\/optometrininkuasociacija.lt\/\"},{\"@type\":\"ListItem\",\"position\":2,\"name\":\"Teisin\u0117 baz\u0117\",\"item\":\"https:\/\/optometrininkuasociacija.lt\/teisine-baze\/\"},{\"@type\":\"ListItem\",\"position\":3,\"name\":\"Vie\u0161i asociacijos dokumentai\"}]},{\"@type\":\"WebSite\",\"@id\":\"https:\/\/optometrininkuasociacija.lt\/#website\",\"url\":\"https:\/\/optometrininkuasociacija.lt\/\",\"name\":\"\",\"description\":\"\",\"potentialAction\":[{\"@type\":\"SearchAction\",\"target\":{\"@type\":\"EntryPoint\",\"urlTemplate\":\"https:\/\/optometrininkuasociacija.lt\/?s={search_term_string}\"},\"query-input\":{\"@type\":\"PropertyValueSpecification\",\"valueRequired\":true,\"valueName\":\"search_term_string\"}}],\"inLanguage\":\"en-GB\"}]}<\/script>\n<!-- \/ Yoast SEO plugin. -->","yoast_head_json":{"title":"Public association documents","robots":{"index":"index","follow":"follow","max-snippet":"max-snippet:-1","max-image-preview":"max-image-preview:large","max-video-preview":"max-video-preview:-1"},"canonical":"https:\/\/optometrininkuasociacija.lt\/en\/teisine-baze\/viesi-asociacijos-dokumentai\/","og_locale":"en_GB","og_type":"article","og_title":"Vie\u0161i asociacijos dokumentai","og_description":"Vie\u0161i asociacijos dokumentai PA\u017dYMA D\u0116L REKOMENDUOJAMOS VIRTUALIOS BIBLIOTEKOS ELVIS PRIEIGOS SVARBU:\u00a0Pa\u017eymos forma yra patvirtinta LOA ir LAB sutarimu, tod\u0117l jos turinio ar formos keitimas n\u0117ra galimas. \/out_data\/elvis-pazyma-galutine-05-31.docx ASOCIACIJOS PREZIDENT\u0116S V. [&hellip;]","og_url":"https:\/\/optometrininkuasociacija.lt\/en\/teisine-baze\/viesi-asociacijos-dokumentai\/","article_modified_time":"2022-09-12T16:30:37+00:00","og_image":[{"url":"https:\/\/optometrininkuasociacija.lt\/wp-content\/uploads\/2022\/07\/eye.png","type":"","width":"","height":""}],"twitter_card":"summary_large_image","twitter_misc":{"Estimated reading time":"2 minutes"},"schema":{"@context":"https:\/\/schema.org","@graph":[{"@type":"WebPage","@id":"https:\/\/optometrininkuasociacija.lt\/teisine-baze\/viesi-asociacijos-dokumentai\/","url":"https:\/\/optometrininkuasociacija.lt\/teisine-baze\/viesi-asociacijos-dokumentai\/","name":"Public association documents","isPartOf":{"@id":"https:\/\/optometrininkuasociacija.lt\/#website"},"primaryImageOfPage":{"@id":"https:\/\/optometrininkuasociacija.lt\/teisine-baze\/viesi-asociacijos-dokumentai\/#primaryimage"},"image":{"@id":"https:\/\/optometrininkuasociacija.lt\/teisine-baze\/viesi-asociacijos-dokumentai\/#primaryimage"},"thumbnailUrl":"https:\/\/optometrininkuasociacija.lt\/wp-content\/uploads\/2022\/07\/eye.png","datePublished":"2021-06-01T17:38:54+00:00","dateModified":"2022-09-12T16:30:37+00:00","breadcrumb":{"@id":"https:\/\/optometrininkuasociacija.lt\/teisine-baze\/viesi-asociacijos-dokumentai\/#breadcrumb"},"inLanguage":"en-GB","potentialAction":[{"@type":"ReadAction","target":["https:\/\/optometrininkuasociacija.lt\/teisine-baze\/viesi-asociacijos-dokumentai\/"]}]},{"@type":"ImageObject","inLanguage":"en-GB","@id":"https:\/\/optometrininkuasociacija.lt\/teisine-baze\/viesi-asociacijos-dokumentai\/#primaryimage","url":"https:\/\/optometrininkuasociacija.lt\/wp-content\/uploads\/2022\/07\/eye.png","contentUrl":"https:\/\/optometrininkuasociacija.lt\/wp-content\/uploads\/2022\/07\/eye.png"},{"@type":"BreadcrumbList","@id":"https:\/\/optometrininkuasociacija.lt\/teisine-baze\/viesi-asociacijos-dokumentai\/#breadcrumb","itemListElement":[{"@type":"ListItem","position":1,"name":"Home","item":"https:\/\/optometrininkuasociacija.lt\/"},{"@type":"ListItem","position":2,"name":"Teisin\u0117 baz\u0117","item":"https:\/\/optometrininkuasociacija.lt\/teisine-baze\/"},{"@type":"ListItem","position":3,"name":"Vie\u0161i asociacijos dokumentai"}]},{"@type":"WebSite","@id":"https:\/\/optometrininkuasociacija.lt\/#website","url":"https:\/\/optometrininkuasociacija.lt\/","name":"","description":"","potentialAction":[{"@type":"SearchAction","target":{"@type":"EntryPoint","urlTemplate":"https:\/\/optometrininkuasociacija.lt\/?s={search_term_string}"},"query-input":{"@type":"PropertyValueSpecification","valueRequired":true,"valueName":"search_term_string"}}],"inLanguage":"en-GB"}]}},"_links":{"self":[{"href":"https:\/\/optometrininkuasociacija.lt\/en\/wp-json\/wp\/v2\/pages\/785","targetHints":{"allow":["GET"]}}],"collection":[{"href":"https:\/\/optometrininkuasociacija.lt\/en\/wp-json\/wp\/v2\/pages"}],"about":[{"href":"https:\/\/optometrininkuasociacija.lt\/en\/wp-json\/wp\/v2\/types\/page"}],"author":[{"embeddable":true,"href":"https:\/\/optometrininkuasociacija.lt\/en\/wp-json\/wp\/v2\/users\/3"}],"replies":[{"embeddable":true,"href":"https:\/\/optometrininkuasociacija.lt\/en\/wp-json\/wp\/v2\/comments?post=785"}],"version-history":[{"count":158,"href":"https:\/\/optometrininkuasociacija.lt\/en\/wp-json\/wp\/v2\/pages\/785\/revisions"}],"predecessor-version":[{"id":4641,"href":"https:\/\/optometrininkuasociacija.lt\/en\/wp-json\/wp\/v2\/pages\/785\/revisions\/4641"}],"up":[{"embeddable":true,"href":"https:\/\/optometrininkuasociacija.lt\/en\/wp-json\/wp\/v2\/pages\/741"}],"wp:attachment":[{"href":"https:\/\/optometrininkuasociacija.lt\/en\/wp-json\/wp\/v2\/media?parent=785"}],"curies":[{"name":"wp","href":"https:\/\/api.w.org\/{rel}","templated":true}]}}