{"id":836,"date":"2021-06-01T19:35:03","date_gmt":"2021-06-01T19:35:03","guid":{"rendered":"http:\/\/fastwpdemo.com\/newwp\/whitehall\/?page_id=836"},"modified":"2022-09-13T13:22:33","modified_gmt":"2022-09-13T13:22:33","slug":"teises-aktai-reglamentuojantys-veikla","status":"publish","type":"page","link":"https:\/\/optometrininkuasociacija.lt\/en\/teisine-baze\/teises-aktai-reglamentuojantys-veikla\/","title":{"rendered":"Legislation governing activities"},"content":{"rendered":"<div data-elementor-type=\"wp-page\" data-elementor-id=\"836\" class=\"elementor elementor-836\">\n\t\t\t\t\t\t<section class=\"elementor-section elementor-top-section elementor-element elementor-element-0cc7ee8 elementor-section-full_width elementor-section-height-default elementor-section-height-default\" data-id=\"0cc7ee8\" data-element_type=\"section\" data-e-type=\"section\">\n\t\t\t\t\t\t<div class=\"elementor-container elementor-column-gap-default\">\n\t\t\t\t\t<div class=\"elementor-column elementor-col-100 elementor-top-column elementor-element elementor-element-46244cf\" data-id=\"46244cf\" data-element_type=\"column\" data-e-type=\"column\">\n\t\t\t<div class=\"elementor-widget-wrap elementor-element-populated\">\n\t\t\t\t\t\t<div class=\"elementor-element elementor-element-836e649 elementor-widget elementor-widget-whitehall_department_details\" data-id=\"836e649\" data-element_type=\"widget\" data-e-type=\"widget\" data-widget_type=\"whitehall_department_details.default\">\n\t\t\t\t<div class=\"elementor-widget-container\">\n\t\t\t\t\t        \n        <!-- department-details -->\n        <section class=\"department-details bg-color-1 sec-pad-2\">\n            <div class=\"auto-container\">\n                <div class=\"row clearfix\">\n                    <div class=\"col-lg-8 col-md-12 col-sm-12 content-side\">\n                        <div class=\"department-details-content\">\n\t\t\t\t\t\t\t                            <div class=\"upper-image\">\n                                <figure class=\"image\"><img decoding=\"async\" src=\"https:\/\/optometrininkuasociacija.lt\/wp-content\/uploads\/2022\/07\/2022-04-03-08-01-35-author-Nendre-Zilinskaite-scaled.jpg\" alt=\"Awesome Image\"><\/figure>\n                            <\/div>\n\t\t\t\t\t\t\t\t\t\t\t\t\t\t\n                            <div class=\"text\">\n                                <h3>LEGISLATION GOVERNING THE ACTIVITIES<\/h3>\n                                <p>\n\n<br>\n<br>\n<div>\n<p><strong>THE LEGISLATION AND REQUIREMENTS GOVERNING THE PRACTICE OF OPTOMETRY:\n\n\n\n<br>\n<br>\n<a href=\"https:\/\/www.e-tar.lt\/portal\/lt\/legalAct\/f17c172090b211e8b93ad15b34c9248c?fbclid=IwAR0aVZk_0UF9Lb9Jxmum-jUE402MkxyO0Zvjn-_ayYhHgIsIBbCGZ2iNSd4\">LITHUANIAN MEDICAL STANDARD MN 166:2018 \"OPTOMETRIST\"<\/a>\n<br>\n\n<br>\n<a href=\"https:\/\/www.e-tar.lt\/portal\/lt\/legalAct\/59097e80ffc711e99681cd81dcdca52c\">ORDER\n\nON THE LITHUANIAN MEDICAL STANDARD MN 166:2018\n\n\"OPTOMETRIST\"<\/a>\n<br>\n\n\n\n<br><\/strong><\/p><p>1.&nbsp;<a href=\"https:\/\/e-seimas.lrs.lt\/portal\/legalAct\/lt\/TAD\/b5be5430ac2f11e8aa33fe8f0fea665f\">On the amendment of the Order of the Minister of Health of the Republic of Lithuania of 14 May 2004 No V-364 \"On the Approval of the Lists of Licensed Personal Health Care Services\".<\/a><\/p><p>2.&nbsp;<a href=\"https:\/\/e-seimas.lrs.lt\/portal\/legalAct\/lt\/TAD\/TAIS.73291\/asr\">Approving the list of personal health care activities.<\/a><\/p><p>3.&nbsp;<a href=\"https:\/\/e-seimas.lrs.lt\/portal\/legalAct\/lt\/TAD\/TAIS.162988\/asr\">On the procedure for the professional development of healthcare and pharmaceutical professionals and its financing.<\/a><\/p><p>4.&nbsp;<a href=\"https:\/\/www.e-tar.lt\/portal\/lt\/legalAct\/2e7bdc70853d11eab005936df725feed\">On the amendment of the Order of the Minister of Health of the Republic of Lithuania of 6 January 2003 No V-1 , \"On the Approval of the Rules for the Granting and Revocation of the Health Specialist's Seal Number\".<\/a><\/p><p>5.&nbsp;<a href=\"https:\/\/www.e-tar.lt\/portal\/lt\/legalAct\/d3ecb5d0af0e11eab9d9cd0c85e0b745?fbclid=IwAR2wHPVftMMGKNq7LMTyirItbHRAPWNRjf4XogJXFrPQQSfMv5rYVbxWdAI\">on the approval of the schedule of requirements for the provision of optometric practice services.<\/a><\/p><p>6.&nbsp;<a href=\"https:\/\/e-seimas.lrs.lt\/portal\/legalAct\/lt\/TAD\/a21951bcc0ea11eaae0db016672cba9c\">Law on Personal Health Care Practice of the Republic of Lithuania.<\/a><\/p><p>7.&nbsp;<a href=\"https:\/\/www.e-tar.lt\/portal\/lt\/legalAct\/f2c63d30c2a211ea9815f635b9c0dcef?fbclid=IwAR39DPfz2lw3lw9mk06gjmDdnUCfhLc5PNy-GVhK0vLZnhxU03eUDRyah5A\">On the amendment of the Resolution of the Government of the Republic of Lithuania No. 1178 of 12 October 2011 \"On the approval of the description of cases and procedure for the use of a building (its premises) for purposes other than its intended purpose\".<\/a><\/p><p>8.&nbsp;<a href=\"https:\/\/www.e-tar.lt\/portal\/lt\/legalAct\/ec2088d01ab511ebb0038a8cd8ff585f\">On the amendment of the Order of the Minister of Health of the Republic of Lithuania of 16 March 2020 No V-398 \"On the amendment of the Order of the Minister of Health of the Republic of Lithuania of 18 March 2002 No 132 \"On the procedure for the professional qualification development of health care and pharmacy specialists and its financing\"\".<\/a><\/p><p>9.&nbsp;<a href=\"https:\/\/www.e-tar.lt\/portal\/lt\/legalAct\/7189f6403ac411eb8d9fe110e148c770\">On the amendment of the Order of the Minister of Health of the Republic of Lithuania of 11 July 2003 No V-450 \"On the competence of health care and pharmaceutical professionals in providing first aid, first aid kits and first aid kits\".<\/a><\/p><p>10.&nbsp;<a href=\"https:\/\/www.e-tar.lt\/portal\/lt\/legalAct\/2c55f6a03b9111eb8d9fe110e148c770\">On the amendment of the Order of the Minister of Health of the Republic of Lithuania No V-450 of 11 July 2003 \"On the approval of the Health Care Facility First Aid Kit, the First Aid Kit and the Competence of Health Care and Pharmaceutical Professionals in Providing First Aid\".<\/a><\/p><p>11.&nbsp;<a href=\"https:\/\/www.e-tar.lt\/portal\/lt\/legalAct\/TAR.9BB254501DB8\/asr\">on the approval of the Personal Health Care Facility First Aid Kit, the First Aid Kit and the Competence of Personal Health Care and Pharmaceutical Professionals in the provision of first aid.<\/a><\/p><p>12.&nbsp;<a href=\"https:\/\/e-seimas.lrs.lt\/portal\/legalAct\/lt\/TAD\/d8515d43456011ebb394e1efb98d3e67?jfwid=-7dy01jq5y\">On the amendment of the Order of the Minister of Health of the Republic of Lithuania of 17 June 2020 No V-1504 \"On the approval of the description of the procedure for the organisation of personal health care services in the event of a state-level emergency declared in the territory of the Republic of Lithuania\".<\/a><\/p><p>13.<a href=\"https:\/\/www.e-tar.lt\/portal\/lt\/legalAct\/281deed0856a11eb9fecb5ecd3bd711c\">&nbsp;On the amendment of the Order of the Minister of Economy of the Republic of Lithuania of 15 July 2014 No 4-486 \"On the Approval of the List of Regulated Professions\".<\/a><\/p><p>14.&nbsp;<a href=\"https:\/\/www.e-tar.lt\/portal\/legalAct.html?documentId=5ff12da08d7a11eb9fecb5ecd3bd711c&amp;fbclid=IwAR3rB5s4DvRyjmAllgEvH8HSvQFdl-0n6HpW0CclNscgaxu1XGjavyIkrKk\">Law No I-1553 of the Republic of Lithuania on the Prevention and Control of Infectious Diseases in Human Beings (Law No I-1553), amending Articles 18, 26 and 40.<\/a><\/p><p>15.&nbsp;<a href=\"https:\/\/e-seimas.lrs.lt\/portal\/legalAct\/lt\/TAD\/fa9c0ad0a1be11eaa51db668f0092944\/asr?fbclid=IwAR0tTncLfQI9JZmu6eSdinQ3uvlyE6IGm9kySHRswMJP_ckc_1ZYFnb5nro\">Concerning the organisation of investigations into COVID-19 disease (coronavirus infection).<\/a><\/p><p>16.&nbsp;<a href=\"https:\/\/e-seimas.lrs.lt\/portal\/legalAct\/lt\/TAD\/3882e22b367411eb8c97e01ffe050e1c\/asr\">on the approval of the rules for licensing the practice of personal health care professionals and the description of the requirements for the professional development of personal health care professionals.<\/a><\/p><p>17.&nbsp;<a href=\"https:\/\/www.e-tar.lt\/portal\/lt\/legalAct\/1ddadba0d99c11eb9f09e7df20500045\">On the amendment of the Decision No V-754 of 7 April 2020 of the Minister of Health of the Republic of Lithuania - Head of State Level Emergency Situation State Operations No V-754 \"On the Use of Personal Protective Equipment in Personal Health Care Facilities according to Security Levels\".<\/a><\/p><p>18.&nbsp;<a href=\"https:\/\/www.e-tar.lt\/portal\/lt\/legalAct\/76731a705b4711e79198ffdb108a3753\/asr\">496 On the implementation of the Labour Code of the Republic of Lithuania (e-tar.lt)<\/a><\/p><p>19.&nbsp;<a href=\"https:\/\/e-seimas.lrs.lt\/portal\/legalAct\/lt\/TAD\/93495930616d11ecb2fe9975f8a9e52e?fbclid=IwAR1sZ89h14mYr31qXyHnxJWBvx5RfaXzhQ-FsvZcPc86hAZJ2UIunkzGcig\">XIV-793 Amendments to Articles 5 and 45 of the Law No I-1367 of the Republic of Lithuania on Health Care Institutions (lrs.lt)<\/a><\/p><p>&nbsp;<\/p><p><strong>USEFUL LINKS:<\/strong><\/p><p>1.&nbsp;<a href=\"http:\/\/www.vaspvt.gov.lt\/node\/164\">http:\/\/www.vaspvt.gov.lt\/node\/164<\/a><\/p><p>2.&nbsp;<a href=\"https:\/\/licencijavimas.vaspvt.gov.lt\/License\/PublicSpecialistIndex\">https:\/\/licencijavimas.vaspvt.gov.lt\/License\/PublicSpecialistIndex<\/a><\/p><p>3.&nbsp;<a href=\"https:\/\/vaspvt.gov.lt\/node\/1597\">Mandatory connection to ESPBI IS is approaching | VASPVT<\/a><\/p><p>&nbsp;<\/p><p>&nbsp;<\/p><p>&nbsp;<\/p><p>&nbsp;<\/p>\t\t\t\t\t\t<\/div><\/p>\n                            <\/div>\n\t\t\t\t\t\t\t\n\t\t\t\t\t\t\t                            <div class=\"discription-box centred\">\n                                <div class=\"two-column-carousel owl-carousel owl-theme owl-nav-none\">\n                                    \t\t\t\t\t\t\t\t\t<div class=\"single-item\">\n                                        <div class=\"inner-box\">\n                                            <figure class=\"image-box\"><img decoding=\"async\" src=\"https:\/\/optometrininkuasociacija.lt\/wp-content\/uploads\/2021\/06\/author-4.jpg\" alt=\"Awesome Image\"><\/figure>\n                                            <h5><\/h5>\n                                        <\/div>\n                                        <div class=\"overlay-content\">\n                                            <figure class=\"image-box\"><img decoding=\"async\" src=\"https:\/\/optometrininkuasociacija.lt\/wp-content\/uploads\/2021\/06\/author-4.jpg\" alt=\"Awesome Image\"><\/figure>\n                                            <p><\/p>\n                                        <\/div>\n                                    <\/div>\n                                                                    <\/div>\n                            <\/div>\n\t\t\t\t\t\t\t\t\t\t\t\t\t\t\n\t\t\t\t\t\t\t                            <div class=\"highlights-box\">\n                                <div class=\"single-item-carousel owl-carousel owl-theme owl-dots-none\">\n                                                                        <div class=\"row clearfix\">\n                                        <div class=\"col-lg-6 col-md-6 col-sm-12 image-column\">\n                                            <div class=\"image-box\">\n                                                <figure class=\"image\"><img decoding=\"async\" src=\"\" alt=\"Awesome Image\"><\/figure>\n                                                <div class=\"icon-box\"><i class=\"\"><\/i><\/div>\n                                            <\/div>\n                                        <\/div>\n                                        <div class=\"col-lg-6 col-md-6 col-sm-12 text-column\">\n                                            <div class=\"text\">\n                                                <h3><\/h3>\n                                                <p><\/p>\n\t\t\t\t\t\t\t\t\t\t\t\t\n\t\t\t\t\t\t\t\t\t\t\t\t\t\t\t\t\t\t\t\t\t\t\t\t\n\t\t\t\t\t\t\t\t\t\t\t\t                                            <\/div>\n                                        <\/div>\n                                    <\/div>\n                                                                    <\/div>\n                            <\/div>\n\t\t\t\t\t\t\t\t\t\t\t\t\t\t\n\t\t\t\t\t\t\t                            <div class=\"download-box\">\n                                <h3>Download the information you need <\/h3>\n                                <ul class=\"download-list clearfix\">\n                                    \t\t\t\t\t\t\t\t\t<li>\n                                        <div class=\"icon-box\"><img decoding=\"async\" src=\"https:\/\/optometrininkuasociacija.lt\/wp-content\/uploads\/2021\/05\/icon-1.png\" alt=\"Icon\"><\/div>\n                                        <h5>CODE OF PROFESSIONAL ETHICS FOR OPTOMETRISTS<\/h5>\n                                        <span>pdf (14 mb)<\/span>\n\t\t\t\t\t\t\t\t\t\t\n\t\t\t\t\t\t\t\t\t\t                                        <a href=\"#\">Download<\/a>\n\t\t\t\t\t\t\t\t\t\t                                    <\/li>\n                                    \t\t\t\t\t\t\t\t\t<li>\n                                        <div class=\"icon-box\"><img decoding=\"async\" src=\"https:\/\/optometrininkuasociacija.lt\/wp-content\/uploads\/2021\/05\/icon-1.png\" alt=\"Icon\"><\/div>\n                                        <h5>LOA statutes<\/h5>\n                                        <span>pdf (14 mb)<\/span>\n\t\t\t\t\t\t\t\t\t\t\n\t\t\t\t\t\t\t\t\t\t                                        <a href=\"#\">DOWNLOAD<\/a>\n\t\t\t\t\t\t\t\t\t\t                                    <\/li>\n                                                                    <\/ul>\n                            <\/div>\n\t\t\t\t\t\t\t                        <\/div>\n                    <\/div>\n\t\t\t\t\t\n                    <div class=\"col-lg-4 col-md-12 col-sm-12 sidebar-side\">\n                        <div class=\"department-sidebar\">\n                            <div id=\"whitehall_join_us-1\" class=\"department-widget widget widget_whitehall_join_us\">\t\t\n\t\t<div class=\"sidebar-banner centred\" style=\"background-image: url(https:\/\/optometrininkuasociacija.lt\/kontaktai\/);\">\n\t\t\t<div class=\"inner-box\">\n\t\t\t\t<div class=\"icon-box\"><i class=\"flaticon-global-warming\"><\/i><\/div>\n\t\t\t\t<h3>For tomorrow, <br \/>We can take action today!<\/h3>\n\t\t\t\t\n\t\t\t\t\t\t\t\t<a href=\"https:\/\/optometrininkuasociacija.lt\/en\/kontaktai\/\">Join us  <\/a>\n\t\t\t\t\t\t\t<\/div>\n\t\t<\/div>\n\n        <\/div><div id=\"nav_menu-3\" class=\"department-widget widget widget_nav_menu\"><div class=\"widget-title\"><h3>Legal framework<\/h3><div class=\"title-shape\"><\/div><\/div><div class=\"menu-services-sidebar-container\"><ul id=\"menu-services-sidebar\" class=\"menu\"><li id=\"menu-item-1074\" class=\"menu-item menu-item-type-post_type menu-item-object-page menu-item-1074\"><a href=\"https:\/\/optometrininkuasociacija.lt\/en\/teisine-baze\/viesi-asociacijos-dokumentai\/\">Public association documents<\/a><\/li>\n<li id=\"menu-item-1076\" class=\"menu-item menu-item-type-post_type menu-item-object-page menu-item-1076\"><a href=\"https:\/\/optometrininkuasociacija.lt\/en\/teisine-baze\/loa-istatai\/\">LOA Statutes<\/a><\/li>\n<li id=\"menu-item-1077\" class=\"menu-item menu-item-type-post_type menu-item-object-page menu-item-1077\"><a href=\"https:\/\/optometrininkuasociacija.lt\/en\/teisine-baze\/optometrininko-profesines-etikos-kodeksas\/\">Code of Ethics for Optometrists<\/a><\/li>\n<li id=\"menu-item-1078\" class=\"menu-item menu-item-type-post_type menu-item-object-page menu-item-1078\"><a href=\"https:\/\/optometrininkuasociacija.lt\/en\/teisine-baze\/teises-aktai-reglamentuojantys-veikla\/\">Legislation governing activities<\/a><\/li>\n<\/ul><\/div><\/div>                        <\/div>\n                    <\/div>\n                <\/div>\n            <\/div>\n        <\/section>\n        <!-- department-details end -->\n\n        \t\t\t\t<\/div>\n\t\t\t\t<\/div>\n\t\t\t\t\t<\/div>\n\t\t<\/div>\n\t\t\t\t\t<\/div>\n\t\t<\/section>\n\t\t\t\t<\/div>","protected":false},"excerpt":{"rendered":"<p>TEIS\u0116S AKTAI, REGLAMENTUOJANTYS VEIKL\u0104 TEIS\u0116S AKTAI IR REIKALAVIMAI, REGLAMENTUOJANTYS OPTOMETRININKO VEIKL\u0104: LIETUVOS MEDICINOS NORMA MN 166:2018 &#8222;OPTOMETRININKAS&#8221; \u012eSAKYMAS D\u0116L LIETUVOS MEDICINOS NORMOS MN 166:2018 \u201eOPTOMETRININKAS\u201c PATVIRTINIMO 1.&nbsp;D\u0117l Lietuvos Respublikos sveikatos [&hellip;]<\/p>\n","protected":false},"author":3,"featured_media":0,"parent":741,"menu_order":0,"comment_status":"closed","ping_status":"closed","template":"tpl-default-elementor.php","meta":{"_EventAllDay":false,"_EventTimezone":"","_EventStartDate":"","_EventEndDate":"","_EventStartDateUTC":"","_EventEndDateUTC":"","_EventShowMap":false,"_EventShowMapLink":false,"_EventURL":"","_EventCost":"","_EventCostDescription":"","_EventCurrencySymbol":"","_EventCurrencyCode":"","_EventCurrencyPosition":"","_EventDateTimeSeparator":"","_EventTimeRangeSeparator":"","_EventOrganizerID":[],"_EventVenueID":[],"_OrganizerEmail":"","_OrganizerPhone":"","_OrganizerWebsite":"","_VenueAddress":"","_VenueCity":"","_VenueCountry":"","_VenueProvince":"","_VenueState":"","_VenueZip":"","_VenuePhone":"","_VenueURL":"","_VenueStateProvince":"","_VenueLat":"","_VenueLng":"","_VenueShowMap":false,"_VenueShowMapLink":false,"footnotes":""},"class_list":["post-836","page","type-page","status-publish","hentry"],"yoast_head":"<!-- This site is optimized with the Yoast SEO plugin v27.2 - https:\/\/yoast.com\/product\/yoast-seo-wordpress\/ -->\n<title>Teis\u0117s aktai, reglamentuojantys veikl\u0105<\/title>\n<meta name=\"robots\" content=\"index, follow, max-snippet:-1, max-image-preview:large, max-video-preview:-1\" \/>\n<link rel=\"canonical\" href=\"https:\/\/optometrininkuasociacija.lt\/en\/teisine-baze\/teises-aktai-reglamentuojantys-veikla\/\" \/>\n<meta property=\"og:locale\" content=\"en_GB\" \/>\n<meta property=\"og:type\" content=\"article\" \/>\n<meta property=\"og:title\" content=\"Teis\u0117s aktai, reglamentuojantys veikl\u0105\" \/>\n<meta property=\"og:description\" content=\"TEIS\u0116S AKTAI, REGLAMENTUOJANTYS VEIKL\u0104 TEIS\u0116S AKTAI IR REIKALAVIMAI, REGLAMENTUOJANTYS OPTOMETRININKO VEIKL\u0104: LIETUVOS MEDICINOS NORMA MN 166:2018 &#8222;OPTOMETRININKAS&#8221; \u012eSAKYMAS D\u0116L LIETUVOS MEDICINOS NORMOS MN 166:2018 \u201eOPTOMETRININKAS\u201c PATVIRTINIMO 1.&nbsp;D\u0117l Lietuvos Respublikos sveikatos [&hellip;]\" \/>\n<meta property=\"og:url\" content=\"https:\/\/optometrininkuasociacija.lt\/en\/teisine-baze\/teises-aktai-reglamentuojantys-veikla\/\" \/>\n<meta property=\"article:modified_time\" content=\"2022-09-13T13:22:33+00:00\" \/>\n<meta property=\"og:image\" content=\"https:\/\/optometrininkuasociacija.lt\/wp-content\/uploads\/2022\/07\/2022-04-03-08-01-35-author-Nendre-Zilinskaite-scaled.jpg\" \/>\n<meta name=\"twitter:card\" content=\"summary_large_image\" \/>\n<meta name=\"twitter:label1\" content=\"Estimated reading time\" \/>\n\t<meta name=\"twitter:data1\" content=\"5 minutes\" \/>\n<script type=\"application\/ld+json\" class=\"yoast-schema-graph\">{\"@context\":\"https:\/\/schema.org\",\"@graph\":[{\"@type\":\"WebPage\",\"@id\":\"https:\/\/optometrininkuasociacija.lt\/teisine-baze\/teises-aktai-reglamentuojantys-veikla\/\",\"url\":\"https:\/\/optometrininkuasociacija.lt\/teisine-baze\/teises-aktai-reglamentuojantys-veikla\/\",\"name\":\"Teis\u0117s aktai, reglamentuojantys veikl\u0105\",\"isPartOf\":{\"@id\":\"https:\/\/optometrininkuasociacija.lt\/#website\"},\"primaryImageOfPage\":{\"@id\":\"https:\/\/optometrininkuasociacija.lt\/teisine-baze\/teises-aktai-reglamentuojantys-veikla\/#primaryimage\"},\"image\":{\"@id\":\"https:\/\/optometrininkuasociacija.lt\/teisine-baze\/teises-aktai-reglamentuojantys-veikla\/#primaryimage\"},\"thumbnailUrl\":\"https:\/\/optometrininkuasociacija.lt\/wp-content\/uploads\/2022\/07\/2022-04-03-08-01-35-author-Nendre-Zilinskaite-scaled.jpg\",\"datePublished\":\"2021-06-01T19:35:03+00:00\",\"dateModified\":\"2022-09-13T13:22:33+00:00\",\"breadcrumb\":{\"@id\":\"https:\/\/optometrininkuasociacija.lt\/teisine-baze\/teises-aktai-reglamentuojantys-veikla\/#breadcrumb\"},\"inLanguage\":\"en-GB\",\"potentialAction\":[{\"@type\":\"ReadAction\",\"target\":[\"https:\/\/optometrininkuasociacija.lt\/teisine-baze\/teises-aktai-reglamentuojantys-veikla\/\"]}]},{\"@type\":\"ImageObject\",\"inLanguage\":\"en-GB\",\"@id\":\"https:\/\/optometrininkuasociacija.lt\/teisine-baze\/teises-aktai-reglamentuojantys-veikla\/#primaryimage\",\"url\":\"https:\/\/optometrininkuasociacija.lt\/wp-content\/uploads\/2022\/07\/2022-04-03-08-01-35-author-Nendre-Zilinskaite-scaled.jpg\",\"contentUrl\":\"https:\/\/optometrininkuasociacija.lt\/wp-content\/uploads\/2022\/07\/2022-04-03-08-01-35-author-Nendre-Zilinskaite-scaled.jpg\"},{\"@type\":\"BreadcrumbList\",\"@id\":\"https:\/\/optometrininkuasociacija.lt\/teisine-baze\/teises-aktai-reglamentuojantys-veikla\/#breadcrumb\",\"itemListElement\":[{\"@type\":\"ListItem\",\"position\":1,\"name\":\"Home\",\"item\":\"https:\/\/optometrininkuasociacija.lt\/\"},{\"@type\":\"ListItem\",\"position\":2,\"name\":\"Teisin\u0117 baz\u0117\",\"item\":\"https:\/\/optometrininkuasociacija.lt\/teisine-baze\/\"},{\"@type\":\"ListItem\",\"position\":3,\"name\":\"Teis\u0117s aktai, reglamentuojantys veikl\u0105\"}]},{\"@type\":\"WebSite\",\"@id\":\"https:\/\/optometrininkuasociacija.lt\/#website\",\"url\":\"https:\/\/optometrininkuasociacija.lt\/\",\"name\":\"\",\"description\":\"\",\"potentialAction\":[{\"@type\":\"SearchAction\",\"target\":{\"@type\":\"EntryPoint\",\"urlTemplate\":\"https:\/\/optometrininkuasociacija.lt\/?s={search_term_string}\"},\"query-input\":{\"@type\":\"PropertyValueSpecification\",\"valueRequired\":true,\"valueName\":\"search_term_string\"}}],\"inLanguage\":\"en-GB\"}]}<\/script>\n<!-- \/ Yoast SEO plugin. -->","yoast_head_json":{"title":"Legislation governing activities","robots":{"index":"index","follow":"follow","max-snippet":"max-snippet:-1","max-image-preview":"max-image-preview:large","max-video-preview":"max-video-preview:-1"},"canonical":"https:\/\/optometrininkuasociacija.lt\/en\/teisine-baze\/teises-aktai-reglamentuojantys-veikla\/","og_locale":"en_GB","og_type":"article","og_title":"Teis\u0117s aktai, reglamentuojantys veikl\u0105","og_description":"TEIS\u0116S AKTAI, REGLAMENTUOJANTYS VEIKL\u0104 TEIS\u0116S AKTAI IR REIKALAVIMAI, REGLAMENTUOJANTYS OPTOMETRININKO VEIKL\u0104: LIETUVOS MEDICINOS NORMA MN 166:2018 &#8222;OPTOMETRININKAS&#8221; \u012eSAKYMAS D\u0116L LIETUVOS MEDICINOS NORMOS MN 166:2018 \u201eOPTOMETRININKAS\u201c PATVIRTINIMO 1.&nbsp;D\u0117l Lietuvos Respublikos sveikatos [&hellip;]","og_url":"https:\/\/optometrininkuasociacija.lt\/en\/teisine-baze\/teises-aktai-reglamentuojantys-veikla\/","article_modified_time":"2022-09-13T13:22:33+00:00","og_image":[{"url":"https:\/\/optometrininkuasociacija.lt\/wp-content\/uploads\/2022\/07\/2022-04-03-08-01-35-author-Nendre-Zilinskaite-scaled.jpg","type":"","width":"","height":""}],"twitter_card":"summary_large_image","twitter_misc":{"Estimated reading time":"5 minutes"},"schema":{"@context":"https:\/\/schema.org","@graph":[{"@type":"WebPage","@id":"https:\/\/optometrininkuasociacija.lt\/teisine-baze\/teises-aktai-reglamentuojantys-veikla\/","url":"https:\/\/optometrininkuasociacija.lt\/teisine-baze\/teises-aktai-reglamentuojantys-veikla\/","name":"Legislation governing activities","isPartOf":{"@id":"https:\/\/optometrininkuasociacija.lt\/#website"},"primaryImageOfPage":{"@id":"https:\/\/optometrininkuasociacija.lt\/teisine-baze\/teises-aktai-reglamentuojantys-veikla\/#primaryimage"},"image":{"@id":"https:\/\/optometrininkuasociacija.lt\/teisine-baze\/teises-aktai-reglamentuojantys-veikla\/#primaryimage"},"thumbnailUrl":"https:\/\/optometrininkuasociacija.lt\/wp-content\/uploads\/2022\/07\/2022-04-03-08-01-35-author-Nendre-Zilinskaite-scaled.jpg","datePublished":"2021-06-01T19:35:03+00:00","dateModified":"2022-09-13T13:22:33+00:00","breadcrumb":{"@id":"https:\/\/optometrininkuasociacija.lt\/teisine-baze\/teises-aktai-reglamentuojantys-veikla\/#breadcrumb"},"inLanguage":"en-GB","potentialAction":[{"@type":"ReadAction","target":["https:\/\/optometrininkuasociacija.lt\/teisine-baze\/teises-aktai-reglamentuojantys-veikla\/"]}]},{"@type":"ImageObject","inLanguage":"en-GB","@id":"https:\/\/optometrininkuasociacija.lt\/teisine-baze\/teises-aktai-reglamentuojantys-veikla\/#primaryimage","url":"https:\/\/optometrininkuasociacija.lt\/wp-content\/uploads\/2022\/07\/2022-04-03-08-01-35-author-Nendre-Zilinskaite-scaled.jpg","contentUrl":"https:\/\/optometrininkuasociacija.lt\/wp-content\/uploads\/2022\/07\/2022-04-03-08-01-35-author-Nendre-Zilinskaite-scaled.jpg"},{"@type":"BreadcrumbList","@id":"https:\/\/optometrininkuasociacija.lt\/teisine-baze\/teises-aktai-reglamentuojantys-veikla\/#breadcrumb","itemListElement":[{"@type":"ListItem","position":1,"name":"Home","item":"https:\/\/optometrininkuasociacija.lt\/"},{"@type":"ListItem","position":2,"name":"Teisin\u0117 baz\u0117","item":"https:\/\/optometrininkuasociacija.lt\/teisine-baze\/"},{"@type":"ListItem","position":3,"name":"Teis\u0117s aktai, reglamentuojantys veikl\u0105"}]},{"@type":"WebSite","@id":"https:\/\/optometrininkuasociacija.lt\/#website","url":"https:\/\/optometrininkuasociacija.lt\/","name":"","description":"","potentialAction":[{"@type":"SearchAction","target":{"@type":"EntryPoint","urlTemplate":"https:\/\/optometrininkuasociacija.lt\/?s={search_term_string}"},"query-input":{"@type":"PropertyValueSpecification","valueRequired":true,"valueName":"search_term_string"}}],"inLanguage":"en-GB"}]}},"_links":{"self":[{"href":"https:\/\/optometrininkuasociacija.lt\/en\/wp-json\/wp\/v2\/pages\/836","targetHints":{"allow":["GET"]}}],"collection":[{"href":"https:\/\/optometrininkuasociacija.lt\/en\/wp-json\/wp\/v2\/pages"}],"about":[{"href":"https:\/\/optometrininkuasociacija.lt\/en\/wp-json\/wp\/v2\/types\/page"}],"author":[{"embeddable":true,"href":"https:\/\/optometrininkuasociacija.lt\/en\/wp-json\/wp\/v2\/users\/3"}],"replies":[{"embeddable":true,"href":"https:\/\/optometrininkuasociacija.lt\/en\/wp-json\/wp\/v2\/comments?post=836"}],"version-history":[{"count":86,"href":"https:\/\/optometrininkuasociacija.lt\/en\/wp-json\/wp\/v2\/pages\/836\/revisions"}],"predecessor-version":[{"id":3785,"href":"https:\/\/optometrininkuasociacija.lt\/en\/wp-json\/wp\/v2\/pages\/836\/revisions\/3785"}],"up":[{"embeddable":true,"href":"https:\/\/optometrininkuasociacija.lt\/en\/wp-json\/wp\/v2\/pages\/741"}],"wp:attachment":[{"href":"https:\/\/optometrininkuasociacija.lt\/en\/wp-json\/wp\/v2\/media?parent=836"}],"curies":[{"name":"wp","href":"https:\/\/api.w.org\/{rel}","templated":true}]}}