{"id":952,"date":"2021-06-02T09:25:22","date_gmt":"2021-06-02T09:25:22","guid":{"rendered":"http:\/\/fastwpdemo.com\/newwp\/whitehall\/?page_id=952"},"modified":"2022-09-19T14:34:40","modified_gmt":"2022-09-19T14:34:40","slug":"kontaktai","status":"publish","type":"page","link":"https:\/\/optometrininkuasociacija.lt\/en\/kontaktai\/","title":{"rendered":"Contact"},"content":{"rendered":"<div data-elementor-type=\"wp-page\" data-elementor-id=\"952\" class=\"elementor elementor-952\">\n\t\t\t\t\t\t<section class=\"elementor-section elementor-top-section elementor-element elementor-element-9561136 elementor-section-full_width elementor-section-height-default elementor-section-height-default\" data-id=\"9561136\" data-element_type=\"section\" data-e-type=\"section\">\n\t\t\t\t\t\t<div class=\"elementor-container elementor-column-gap-default\">\n\t\t\t\t\t<div class=\"elementor-column elementor-col-100 elementor-top-column elementor-element elementor-element-f64b4d6\" data-id=\"f64b4d6\" data-element_type=\"column\" data-e-type=\"column\">\n\t\t\t<div class=\"elementor-widget-wrap elementor-element-populated\">\n\t\t\t\t\t\t<div class=\"elementor-element elementor-element-16bd260 elementor-widget elementor-widget-whitehall_contact_info\" data-id=\"16bd260\" data-element_type=\"widget\" data-e-type=\"widget\" data-widget_type=\"whitehall_contact_info.default\">\n\t\t\t\t<div class=\"elementor-widget-container\">\n\t\t\t\t\t        \n        <!-- contact-information -->\n        <section class=\"contact-information\">\n            <div class=\"auto-container\">\n                <div class=\"row clearfix\">\n                    <div class=\"col-lg-5 col-md-6 col-sm-12 content-column\">\n                        <div class=\"content_block_12\">\n                            <div class=\"content-box\">\n                                <div class=\"sec-title\">\n                                    <h6><i class=\"flaticon-star\"><\/i><span>Contact us at <\/span><\/h6>\n                                    <h2>Find the information you need <\/h2>\n                                    <div class=\"title-shape\"><\/div>\n                                <\/div>\n                                <div class=\"text\">\n                                    <p>\nPresident of the Association - Vaida Ka\u010dergien\u0117 <br>tel. +370 686 84452\n<br>\nEmail:\noptometrininkuasociacija@gmail.com<\/p>\n                                                                        <div class=\"contact_box_n two\">\n                                        <p>\n                                            <span><i class=\"fa fa fa-map-marker\"><\/i>Address : <\/span>\n                                            Labdari\u0173 g. 7, LT-01120 Vilnius, Lithuania.                                         <\/p>\n                                    <\/div>\n                                                                        <div class=\"contact_box_n two\">\n                                        <p>\n                                            <span><i class=\"fa fa fa-envelope\"><\/i>Email : <\/span>\n                                            optometrininkuasociacija@gmail.com                                        <\/p>\n                                    <\/div>\n                                                                        <div class=\"contact_box_n two\">\n                                        <p>\n                                            <span><i class=\"fa fa fa-phone\"><\/i>Tel. Number : <\/span>\n                                            +370 686 84452                                        <\/p>\n                                    <\/div>\n                                                                        <div class=\"contact_box_n two\">\n                                        <p>\n                                            <span><i class=\"fa fa fa-clock\"><\/i>Company code <\/span>\n                                            300551483                                        <\/p>\n                                    <\/div>\n                                                                        <div class=\"contact_box_n two\">\n                                        <p>\n                                            <span><i class=\"fa fa fa-clock\"><\/i>Bank details:  <\/span>\n                                            AB SEB bankas LT287044060005448569                                        <\/p>\n                                    <\/div>\n                                                                    <\/div>\n\t\t\t\t\t\t\t\t\n\t\t\t\t\t\t\t\t\t\t\t\t\t\t\t\t<div class=\"social-box\">\n                                    <ul class=\"social-style-one clearfix\">\n\t\t\t\t\t\t\t\t\t\t\t\t\t\t\t\t\t\t\t\t<li><a href=\"https:\/\/www.facebook.com\/\" title=\"\" target=\"_blank\"><i class=\"fab\"><\/i><\/a><\/li>\n\t\t\t\t\t\t\t\t\t\t                                    <\/ul>\n                                <\/div>\n\t\t\t\t\t\t\t\t                            <\/div>\n                        <\/div>\n                    <\/div>\n                    \n                    <div class=\"col-lg-7 col-md-12 col-sm-12 contact-column\">\n                        <div class=\"contact_form_box\">\n                            \n                                                        <div id=\"contact-form\" class=\"default-form\">\n                                \n<div class=\"wpcf7 no-js\" id=\"wpcf7-f1278-o1\" lang=\"en-US\" dir=\"ltr\" data-wpcf7-id=\"1278\">\n<div class=\"screen-reader-response\"><p role=\"status\" aria-live=\"polite\" aria-atomic=\"true\"><\/p> <ul><\/ul><\/div>\n<form action=\"\/en\/wp-json\/wp\/v2\/pages\/952#wpcf7-f1278-o1\" method=\"post\" class=\"wpcf7-form init\" aria-label=\"Contact form\" novalidate=\"novalidate\" data-status=\"init\" data-trp-original-action=\"\/en\/wp-json\/wp\/v2\/pages\/952#wpcf7-f1278-o1\">\n<fieldset class=\"hidden-fields-container\"><input type=\"hidden\" name=\"_wpcf7\" value=\"1278\" \/><input type=\"hidden\" name=\"_wpcf7_version\" value=\"6.1.5\" \/><input type=\"hidden\" name=\"_wpcf7_locale\" value=\"en_US\" \/><input type=\"hidden\" name=\"_wpcf7_unit_tag\" value=\"wpcf7-f1278-o1\" \/><input type=\"hidden\" name=\"_wpcf7_container_post\" value=\"0\" \/><input type=\"hidden\" name=\"_wpcf7_posted_data_hash\" value=\"\" \/><input type=\"hidden\" name=\"_wpcf7_recaptcha_response\" value=\"\" \/>\n<\/fieldset>\n<div class=\"row clearfix\">\n\t<div class=\"col-lg-6 col-md-12 col-sm-12\">\n\t\t<div class=\"form-group\">\n\t\t\t<p><span class=\"wpcf7-form-control-wrap\" data-name=\"text-389\"><input size=\"40\" maxlength=\"400\" class=\"wpcf7-form-control wpcf7-text wpcf7-validates-as-required\" aria-required=\"true\" aria-invalid=\"false\" placeholder=\"Your name\" value=\"\" type=\"text\" name=\"text-389\" \/><\/span>\n\t\t\t<\/p>\n\t\t<\/div>\n\t<\/div>\n\t<div class=\"col-lg-6 col-md-12 col-sm-12\">\n\t\t<div class=\"form-group\">\n\t\t\t<p><span class=\"wpcf7-form-control-wrap\" data-name=\"email-431\"><input size=\"40\" maxlength=\"400\" class=\"wpcf7-form-control wpcf7-email wpcf7-validates-as-required wpcf7-text wpcf7-validates-as-email\" aria-required=\"true\" aria-invalid=\"false\" placeholder=\"Email\" value=\"\" type=\"email\" name=\"email-431\" \/><\/span>\n\t\t\t<\/p>\n\t\t<\/div>\n\t<\/div>\n\t<div class=\"col-lg-12 col-md-12 col-sm-12\">\n\t\t<div class=\"form-group\">\n\t\t\t<p><span class=\"wpcf7-form-control-wrap\" data-name=\"text-390\"><input size=\"40\" maxlength=\"400\" class=\"wpcf7-form-control wpcf7-text\" aria-invalid=\"false\" placeholder=\"Message to\" value=\"\" type=\"text\" name=\"text-390\" \/><\/span>\n\t\t\t<\/p>\n\t\t<\/div>\n\t<\/div>\n\t<div class=\"col-lg-12 col-md-12 col-sm-12\">\n\t\t<div class=\"form-group\">\n\t\t\t<p><span class=\"wpcf7-form-control-wrap\" data-name=\"textarea-924\"><textarea cols=\"40\" rows=\"10\" maxlength=\"2000\" class=\"wpcf7-form-control wpcf7-textarea\" aria-invalid=\"false\" placeholder=\"Send a message...\" name=\"textarea-924\"><\/textarea><\/span>\n\t\t\t<\/p>\n\t\t<\/div>\n\t\t<div class=\"message-btn\">\n\t\t\t<p><button class=\"theme-btn\" type=\"Si\u0173skite\" name=\"submit-form\">Send a message<\/button>\n\t\t\t<\/p>\n\t\t<\/div>\n\t<\/div>\n<\/div><div class=\"wpcf7-response-output\" aria-hidden=\"true\"><\/div>\n<input type=\"hidden\" name=\"trp-form-language\" value=\"en\"\/><\/form>\n<\/div>\n                            <\/div>\n                                                    <\/div>\n                    <\/div>\n                    \n                <\/div>\n            <\/div>\n        <\/section>\n        <!-- contact-information end -->\n\n        \t\t\t\t<\/div>\n\t\t\t\t<\/div>\n\t\t\t\t\t<\/div>\n\t\t<\/div>\n\t\t\t\t\t<\/div>\n\t\t<\/section>\n\t\t\t\t<\/div>","protected":false},"excerpt":{"rendered":"<p>Susisiekime Raskite sau reikiam\u0105 informacij\u0105 Asociacijos prezident\u0117 &#8211; Vaida Ka\u010dergien\u0117 tel. +370 686 84452 Elektroninis pa\u0161tas: optometrininkuasociacija@gmail.com Adresas : Labdari\u0173 g. 7, LT-01120 Vilnius, Lietuva. El. pa\u0161tas : optometrininkuasociacija@gmail.com Tel. [&hellip;]<\/p>\n","protected":false},"author":3,"featured_media":0,"parent":0,"menu_order":0,"comment_status":"closed","ping_status":"closed","template":"tpl-default-elementor.php","meta":{"_EventAllDay":false,"_EventTimezone":"","_EventStartDate":"","_EventEndDate":"","_EventStartDateUTC":"","_EventEndDateUTC":"","_EventShowMap":false,"_EventShowMapLink":false,"_EventURL":"","_EventCost":"","_EventCostDescription":"","_EventCurrencySymbol":"","_EventCurrencyCode":"","_EventCurrencyPosition":"","_EventDateTimeSeparator":"","_EventTimeRangeSeparator":"","_EventOrganizerID":[],"_EventVenueID":[],"_OrganizerEmail":"","_OrganizerPhone":"","_OrganizerWebsite":"","_VenueAddress":"","_VenueCity":"","_VenueCountry":"","_VenueProvince":"","_VenueState":"","_VenueZip":"","_VenuePhone":"","_VenueURL":"","_VenueStateProvince":"","_VenueLat":"","_VenueLng":"","_VenueShowMap":false,"_VenueShowMapLink":false,"footnotes":""},"class_list":["post-952","page","type-page","status-publish","hentry"],"yoast_head":"<!-- This site is optimized with the Yoast SEO plugin v27.2 - https:\/\/yoast.com\/product\/yoast-seo-wordpress\/ -->\n<title>Kontaktai<\/title>\n<meta name=\"robots\" content=\"index, follow, max-snippet:-1, max-image-preview:large, max-video-preview:-1\" \/>\n<link rel=\"canonical\" href=\"https:\/\/optometrininkuasociacija.lt\/en\/kontaktai\/\" \/>\n<meta property=\"og:locale\" content=\"en_GB\" \/>\n<meta property=\"og:type\" content=\"article\" \/>\n<meta property=\"og:title\" content=\"Kontaktai\" \/>\n<meta property=\"og:description\" content=\"Susisiekime Raskite sau reikiam\u0105 informacij\u0105 Asociacijos prezident\u0117 &#8211; Vaida Ka\u010dergien\u0117 tel. +370 686 84452 Elektroninis pa\u0161tas: optometrininkuasociacija@gmail.com Adresas : Labdari\u0173 g. 7, LT-01120 Vilnius, Lietuva. El. pa\u0161tas : optometrininkuasociacija@gmail.com Tel. [&hellip;]\" \/>\n<meta property=\"og:url\" content=\"https:\/\/optometrininkuasociacija.lt\/en\/kontaktai\/\" \/>\n<meta property=\"article:modified_time\" content=\"2022-09-19T14:34:40+00:00\" \/>\n<meta name=\"twitter:card\" content=\"summary_large_image\" \/>\n<meta name=\"twitter:label1\" content=\"Estimated reading time\" \/>\n\t<meta name=\"twitter:data1\" content=\"1 minute\" \/>\n<script type=\"application\/ld+json\" class=\"yoast-schema-graph\">{\"@context\":\"https:\/\/schema.org\",\"@graph\":[{\"@type\":\"WebPage\",\"@id\":\"https:\/\/optometrininkuasociacija.lt\/kontaktai\/\",\"url\":\"https:\/\/optometrininkuasociacija.lt\/kontaktai\/\",\"name\":\"Kontaktai\",\"isPartOf\":{\"@id\":\"https:\/\/optometrininkuasociacija.lt\/#website\"},\"datePublished\":\"2021-06-02T09:25:22+00:00\",\"dateModified\":\"2022-09-19T14:34:40+00:00\",\"breadcrumb\":{\"@id\":\"https:\/\/optometrininkuasociacija.lt\/kontaktai\/#breadcrumb\"},\"inLanguage\":\"en-GB\",\"potentialAction\":[{\"@type\":\"ReadAction\",\"target\":[\"https:\/\/optometrininkuasociacija.lt\/kontaktai\/\"]}]},{\"@type\":\"BreadcrumbList\",\"@id\":\"https:\/\/optometrininkuasociacija.lt\/kontaktai\/#breadcrumb\",\"itemListElement\":[{\"@type\":\"ListItem\",\"position\":1,\"name\":\"Home\",\"item\":\"https:\/\/optometrininkuasociacija.lt\/\"},{\"@type\":\"ListItem\",\"position\":2,\"name\":\"Kontaktai\"}]},{\"@type\":\"WebSite\",\"@id\":\"https:\/\/optometrininkuasociacija.lt\/#website\",\"url\":\"https:\/\/optometrininkuasociacija.lt\/\",\"name\":\"\",\"description\":\"\",\"potentialAction\":[{\"@type\":\"SearchAction\",\"target\":{\"@type\":\"EntryPoint\",\"urlTemplate\":\"https:\/\/optometrininkuasociacija.lt\/?s={search_term_string}\"},\"query-input\":{\"@type\":\"PropertyValueSpecification\",\"valueRequired\":true,\"valueName\":\"search_term_string\"}}],\"inLanguage\":\"en-GB\"}]}<\/script>\n<!-- \/ Yoast SEO plugin. -->","yoast_head_json":{"title":"Contact","robots":{"index":"index","follow":"follow","max-snippet":"max-snippet:-1","max-image-preview":"max-image-preview:large","max-video-preview":"max-video-preview:-1"},"canonical":"https:\/\/optometrininkuasociacija.lt\/en\/kontaktai\/","og_locale":"en_GB","og_type":"article","og_title":"Kontaktai","og_description":"Susisiekime Raskite sau reikiam\u0105 informacij\u0105 Asociacijos prezident\u0117 &#8211; Vaida Ka\u010dergien\u0117 tel. +370 686 84452 Elektroninis pa\u0161tas: optometrininkuasociacija@gmail.com Adresas : Labdari\u0173 g. 7, LT-01120 Vilnius, Lietuva. El. pa\u0161tas : optometrininkuasociacija@gmail.com Tel. [&hellip;]","og_url":"https:\/\/optometrininkuasociacija.lt\/en\/kontaktai\/","article_modified_time":"2022-09-19T14:34:40+00:00","twitter_card":"summary_large_image","twitter_misc":{"Estimated reading time":"1 minute"},"schema":{"@context":"https:\/\/schema.org","@graph":[{"@type":"WebPage","@id":"https:\/\/optometrininkuasociacija.lt\/kontaktai\/","url":"https:\/\/optometrininkuasociacija.lt\/kontaktai\/","name":"Contact","isPartOf":{"@id":"https:\/\/optometrininkuasociacija.lt\/#website"},"datePublished":"2021-06-02T09:25:22+00:00","dateModified":"2022-09-19T14:34:40+00:00","breadcrumb":{"@id":"https:\/\/optometrininkuasociacija.lt\/kontaktai\/#breadcrumb"},"inLanguage":"en-GB","potentialAction":[{"@type":"ReadAction","target":["https:\/\/optometrininkuasociacija.lt\/kontaktai\/"]}]},{"@type":"BreadcrumbList","@id":"https:\/\/optometrininkuasociacija.lt\/kontaktai\/#breadcrumb","itemListElement":[{"@type":"ListItem","position":1,"name":"Home","item":"https:\/\/optometrininkuasociacija.lt\/"},{"@type":"ListItem","position":2,"name":"Kontaktai"}]},{"@type":"WebSite","@id":"https:\/\/optometrininkuasociacija.lt\/#website","url":"https:\/\/optometrininkuasociacija.lt\/","name":"","description":"","potentialAction":[{"@type":"SearchAction","target":{"@type":"EntryPoint","urlTemplate":"https:\/\/optometrininkuasociacija.lt\/?s={search_term_string}"},"query-input":{"@type":"PropertyValueSpecification","valueRequired":true,"valueName":"search_term_string"}}],"inLanguage":"en-GB"}]}},"_links":{"self":[{"href":"https:\/\/optometrininkuasociacija.lt\/en\/wp-json\/wp\/v2\/pages\/952","targetHints":{"allow":["GET"]}}],"collection":[{"href":"https:\/\/optometrininkuasociacija.lt\/en\/wp-json\/wp\/v2\/pages"}],"about":[{"href":"https:\/\/optometrininkuasociacija.lt\/en\/wp-json\/wp\/v2\/types\/page"}],"author":[{"embeddable":true,"href":"https:\/\/optometrininkuasociacija.lt\/en\/wp-json\/wp\/v2\/users\/3"}],"replies":[{"embeddable":true,"href":"https:\/\/optometrininkuasociacija.lt\/en\/wp-json\/wp\/v2\/comments?post=952"}],"version-history":[{"count":46,"href":"https:\/\/optometrininkuasociacija.lt\/en\/wp-json\/wp\/v2\/pages\/952\/revisions"}],"predecessor-version":[{"id":4078,"href":"https:\/\/optometrininkuasociacija.lt\/en\/wp-json\/wp\/v2\/pages\/952\/revisions\/4078"}],"wp:attachment":[{"href":"https:\/\/optometrininkuasociacija.lt\/en\/wp-json\/wp\/v2\/media?parent=952"}],"curies":[{"name":"wp","href":"https:\/\/api.w.org\/{rel}","templated":true}]}}